{"id":13901,"date":"2022-07-21T09:27:24","date_gmt":"2022-07-21T09:27:24","guid":{"rendered":"https:\/\/gattonirubinetteria.com\/home\/"},"modified":"2025-07-02T16:06:53","modified_gmt":"2025-07-02T16:06:53","slug":"home","status":"publish","type":"page","link":"https:\/\/gattonirubinetteria.com\/pt-pt\/","title":{"rendered":"Home"},"content":{"rendered":"<div class=\"wpb-content-wrapper\"><p>[vc_row row_height_percent=&#8221;100&#8243; back_image=&#8221;31225&#8243; back_repeat=&#8221;no-repeat&#8221; back_position=&#8221;center center&#8221; kburns=&#8221;yes&#8221; overlay_color=&#8221;color-jevc&#8221; overlay_alpha=&#8221;50&#8243; gutter_size=&#8221;3&#8243; column_width_percent=&#8221;100&#8243; shift_y=&#8221;0&#8243; z_index=&#8221;0&#8243; content_parallax=&#8221;0&#8243; uncode_shortcode_id=&#8221;145566&#8243; overlay_color_type=&#8221;uncode-palette&#8221; row_name=&#8221;bagno&#8221;][vc_column column_width_percent=&#8221;100&#8243; position_vertical=&#8221;middle&#8221; gutter_size=&#8221;2&#8243; style=&#8221;dark&#8221; overlay_alpha=&#8221;50&#8243; shift_x=&#8221;0&#8243; shift_y=&#8221;0&#8243; shift_y_down=&#8221;0&#8243; z_index=&#8221;0&#8243; medium_width=&#8221;0&#8243; mobile_width=&#8221;0&#8243; width=&#8221;1\/1&#8243; uncode_shortcode_id=&#8221;174547&#8243;][vc_custom_heading heading_semantic=&#8221;h3&#8243; text_size=&#8221;fontsize-116374&#8243; text_weight=&#8221;400&#8243; text_space=&#8221;fontspace-211969&#8243; sub_reduced=&#8221;yes&#8221; uncode_shortcode_id=&#8221;996532&#8243;]CASA DE BANHO[\/vc_custom_heading][vc_custom_heading text_size=&#8221;fontsize-498391&#8243; text_weight=&#8221;700&#8243; uncode_shortcode_id=&#8221;883644&#8243;]O car\u00e1cter da \u00e1gua[\/vc_custom_heading][vc_row_inner row_inner_height_percent=&#8221;0&#8243; overlay_alpha=&#8221;50&#8243; gutter_size=&#8221;3&#8243; shift_y=&#8221;0&#8243; z_index=&#8221;0&#8243; uncode_shortcode_id=&#8221;637445&#8243;][vc_column_inner width=&#8221;2\/3&#8243;][vc_column_text text_lead=&#8221;yes&#8221; text_color=&#8221;color-xsdn&#8221; uncode_shortcode_id=&#8221;110812&#8243; text_color_type=&#8221;uncode-palette&#8221; el_class=&#8221;text-block-hp&#8221;]As misturadoras Gattoni representam o equil\u00edbrio perfeito entre design e funcionalidade para a sua casa de banho.[\/vc_column_text][\/vc_column_inner][vc_column_inner width=&#8221;1\/3&#8243;][\/vc_column_inner][\/vc_row_inner][vc_empty_space empty_h=&#8221;1&#8243; mobile_visibility=&#8221;yes&#8221;][vc_button button_color=&#8221;accent&#8221; border_animation=&#8221;btn-ripple-out&#8221; hover_fx=&#8221;outlined&#8221; text_skin=&#8221;yes&#8221; border_width=&#8221;2&#8243; scale_mobile=&#8221;no&#8221; button_color_type=&#8221;uncode-palette&#8221; uncode_shortcode_id=&#8221;197748&#8243; link=&#8221;url:https%3A%2F%2Fgattonirubinetteria.com%2Fpt-pt%2Fambienti%2Fbagno%2F&#8221;]DESCOBRIR[\/vc_button][\/vc_column][\/vc_row][vc_row row_height_percent=&#8221;100&#8243; back_image=&#8221;31240&#8243; back_repeat=&#8221;no-repeat&#8221; back_position=&#8221;center center&#8221; kburns=&#8221;yes&#8221; overlay_color=&#8221;color-jevc&#8221; overlay_alpha=&#8221;50&#8243; gutter_size=&#8221;3&#8243; column_width_percent=&#8221;100&#8243; shift_y=&#8221;0&#8243; z_index=&#8221;0&#8243; content_parallax=&#8221;0&#8243; uncode_shortcode_id=&#8221;162073&#8243; overlay_color_type=&#8221;uncode-palette&#8221; row_name=&#8221;cucina&#8221;][vc_column column_width_percent=&#8221;100&#8243; position_vertical=&#8221;middle&#8221; gutter_size=&#8221;2&#8243; style=&#8221;dark&#8221; overlay_alpha=&#8221;50&#8243; shift_x=&#8221;0&#8243; shift_y=&#8221;0&#8243; shift_y_down=&#8221;0&#8243; z_index=&#8221;0&#8243; medium_width=&#8221;0&#8243; mobile_width=&#8221;0&#8243; width=&#8221;1\/1&#8243; uncode_shortcode_id=&#8221;770611&#8243;][vc_custom_heading heading_semantic=&#8221;h3&#8243; text_size=&#8221;fontsize-116374&#8243; text_weight=&#8221;400&#8243; text_space=&#8221;fontspace-211969&#8243; sub_reduced=&#8221;yes&#8221; uncode_shortcode_id=&#8221;214306&#8243;]COZINHA[\/vc_custom_heading][vc_custom_heading text_size=&#8221;fontsize-498391&#8243; text_weight=&#8221;700&#8243; uncode_shortcode_id=&#8221;175090&#8243;]A fantasia do quotidiano[\/vc_custom_heading][vc_row_inner row_inner_height_percent=&#8221;0&#8243; overlay_alpha=&#8221;50&#8243; gutter_size=&#8221;3&#8243; shift_y=&#8221;0&#8243; z_index=&#8221;0&#8243; uncode_shortcode_id=&#8221;161862&#8243;][vc_column_inner width=&#8221;2\/3&#8243;][vc_column_text text_lead=&#8221;yes&#8221; text_color=&#8221;color-xsdn&#8221; uncode_shortcode_id=&#8221;346864&#8243; text_color_type=&#8221;uncode-palette&#8221;]Nas torneiras Gattoni, a fluidez do design traduz-se em sentido pr\u00e1tico e traz benef\u00edcios reais \u00e0 sua cozinha.[\/vc_column_text][\/vc_column_inner][vc_column_inner width=&#8221;1\/3&#8243;][\/vc_column_inner][\/vc_row_inner][vc_empty_space empty_h=&#8221;1&#8243; mobile_visibility=&#8221;yes&#8221;][vc_button button_color=&#8221;accent&#8221; border_width=&#8221;0&#8243; scale_mobile=&#8221;no&#8221; button_color_type=&#8221;uncode-palette&#8221; uncode_shortcode_id=&#8221;156603&#8243; link=&#8221;url:https%3A%2F%2Fgattonirubinetteria.com%2Fpt-pt%2Fambienti%2Fcucina%2F&#8221;]DESCOBRIR[\/vc_button][\/vc_column][\/vc_row][vc_row row_height_percent=&#8221;100&#8243; back_image=&#8221;31249&#8243; back_repeat=&#8221;no-repeat&#8221; back_position=&#8221;center center&#8221; kburns=&#8221;yes&#8221; overlay_color=&#8221;color-jevc&#8221; overlay_alpha=&#8221;50&#8243; gutter_size=&#8221;3&#8243; column_width_percent=&#8221;100&#8243; shift_y=&#8221;0&#8243; z_index=&#8221;0&#8243; content_parallax=&#8221;0&#8243; uncode_shortcode_id=&#8221;180757&#8243; overlay_color_type=&#8221;uncode-palette&#8221; row_name=&#8221;wellness&#8221;][vc_column column_width_percent=&#8221;100&#8243; position_vertical=&#8221;middle&#8221; gutter_size=&#8221;2&#8243; style=&#8221;dark&#8221; overlay_alpha=&#8221;50&#8243; shift_x=&#8221;0&#8243; shift_y=&#8221;0&#8243; shift_y_down=&#8221;0&#8243; z_index=&#8221;0&#8243; medium_width=&#8221;0&#8243; mobile_width=&#8221;0&#8243; width=&#8221;1\/1&#8243; uncode_shortcode_id=&#8221;920250&#8243;][vc_custom_heading heading_semantic=&#8221;h3&#8243; text_size=&#8221;fontsize-116374&#8243; text_weight=&#8221;400&#8243; text_space=&#8221;fontspace-211969&#8243; sub_reduced=&#8221;yes&#8221; uncode_shortcode_id=&#8221;223388&#8243;]BEM-ESTAR[\/vc_custom_heading][vc_custom_heading text_size=&#8221;fontsize-498391&#8243; text_weight=&#8221;700&#8243; uncode_shortcode_id=&#8221;129387&#8243;]O bem-estar da intimidade[\/vc_custom_heading][vc_row_inner row_inner_height_percent=&#8221;0&#8243; overlay_alpha=&#8221;50&#8243; gutter_size=&#8221;3&#8243; shift_y=&#8221;0&#8243; z_index=&#8221;0&#8243; uncode_shortcode_id=&#8221;582699&#8243;][vc_column_inner width=&#8221;2\/3&#8243;][vc_column_text text_lead=&#8221;yes&#8221; text_color=&#8221;color-xsdn&#8221; uncode_shortcode_id=&#8221;175766&#8243; text_color_type=&#8221;uncode-palette&#8221;]Desde jactos em cascata a chuveiros de parede: uma variedade de solu\u00e7\u00f5es que transformam o duche numa experi\u00eancia envolvente.[\/vc_column_text][\/vc_column_inner][vc_column_inner width=&#8221;1\/3&#8243;][\/vc_column_inner][\/vc_row_inner][vc_empty_space empty_h=&#8221;1&#8243; mobile_visibility=&#8221;yes&#8221;][vc_button button_color=&#8221;accent&#8221; border_width=&#8221;0&#8243; scale_mobile=&#8221;no&#8221; button_color_type=&#8221;uncode-palette&#8221; uncode_shortcode_id=&#8221;102521&#8243; link=&#8221;url:https%3A%2F%2Fgattonirubinetteria.com%2Fpt-pt%2Fambienti%2Fwellness%2F&#8221;]DESCOBRIR[\/vc_button][\/vc_column][\/vc_row]<\/p>\n<\/div>","protected":false},"excerpt":{"rendered":"<p>[vc_row row_height_percent=&#8221;100&#8243; back_image=&#8221;31225&#8243; back_repeat=&#8221;no-repeat&#8221; back_position=&#8221;center center&#8221; kburns=&#8221;yes&#8221; overlay_color=&#8221;color-jevc&#8221; overlay_alpha=&#8221;50&#8243; gutter_size=&#8221;3&#8243; column_width_percent=&#8221;100&#8243; shift_y=&#8221;0&#8243; z_index=&#8221;0&#8243; content_parallax=&#8221;0&#8243; uncode_shortcode_id=&#8221;145566&#8243; overlay_color_type=&#8221;uncode-palette&#8221; row_name=&#8221;bagno&#8221;][vc_column column_width_percent=&#8221;100&#8243; position_vertical=&#8221;middle&#8221; gutter_size=&#8221;2&#8243; [&hellip;]<\/p>\n","protected":false},"author":2,"featured_media":0,"parent":0,"menu_order":0,"comment_status":"closed","ping_status":"closed","template":"","meta":{"footnotes":""},"class_list":["post-13901","page","type-page","status-publish","hentry"],"acf":[],"yoast_head":"<!-- This site is optimized with the Yoast SEO plugin v24.8.1 - https:\/\/yoast.com\/wordpress\/plugins\/seo\/ -->\n<title>Gattoni Rubinetteria | 100% Made in Italy<\/title>\n<meta name=\"description\" content=\"Scopri le Rubinetterie di Gattoni S.p.A il connubio perfetto tra stile, qualit\u00e0 Made in Italy e sostenibilit\u00e0 ambientale.\" \/>\n<meta name=\"robots\" content=\"index, follow, max-snippet:-1, max-image-preview:large, max-video-preview:-1\" \/>\n<link rel=\"canonical\" href=\"https:\/\/gattonirubinetteria.com\/pt-pt\/\" \/>\n<meta property=\"og:locale\" content=\"pt_PT\" \/>\n<meta property=\"og:type\" content=\"article\" \/>\n<meta property=\"og:title\" content=\"Gattoni Rubinetteria | 100% Made in Italy\" \/>\n<meta property=\"og:description\" content=\"Scopri le Rubinetterie di Gattoni S.p.A il connubio perfetto tra stile, qualit\u00e0 Made in Italy e sostenibilit\u00e0 ambientale.\" \/>\n<meta property=\"og:url\" content=\"https:\/\/gattonirubinetteria.com\/pt-pt\/\" \/>\n<meta property=\"og:site_name\" content=\"Gattoni Rubinetteria\" \/>\n<meta property=\"article:publisher\" content=\"https:\/\/www.facebook.com\/gattoniwaterinlove\" \/>\n<meta property=\"article:modified_time\" content=\"2025-07-02T16:06:53+00:00\" \/>\n<meta property=\"og:image\" content=\"https:\/\/gattonirubinetteria.com\/wp-content\/uploads\/2023\/06\/Gattoni-linea-industrial.jpg\" \/>\n\t<meta property=\"og:image:width\" content=\"1800\" \/>\n\t<meta property=\"og:image:height\" content=\"1080\" \/>\n\t<meta property=\"og:image:type\" content=\"image\/jpeg\" \/>\n<meta name=\"twitter:card\" content=\"summary_large_image\" \/>\n<meta name=\"twitter:label1\" content=\"Tempo estimado de leitura\" \/>\n\t<meta name=\"twitter:data1\" content=\"2 minutos\" \/>\n<script type=\"application\/ld+json\" class=\"yoast-schema-graph\">{\"@context\":\"https:\/\/schema.org\",\"@graph\":[{\"@type\":\"WebPage\",\"@id\":\"https:\/\/gattonirubinetteria.com\/pt-pt\/\",\"url\":\"https:\/\/gattonirubinetteria.com\/pt-pt\/\",\"name\":\"Gattoni Rubinetteria | 100% Made in Italy\",\"isPartOf\":{\"@id\":\"https:\/\/gattonirubinetteria.com\/pt-pt\/#website\"},\"datePublished\":\"2022-07-21T09:27:24+00:00\",\"dateModified\":\"2025-07-02T16:06:53+00:00\",\"description\":\"Scopri le Rubinetterie di Gattoni S.p.A il connubio perfetto tra stile, qualit\u00e0 Made in Italy e sostenibilit\u00e0 ambientale.\",\"breadcrumb\":{\"@id\":\"https:\/\/gattonirubinetteria.com\/pt-pt\/#breadcrumb\"},\"inLanguage\":\"pt-PT\",\"potentialAction\":[{\"@type\":\"ReadAction\",\"target\":[\"https:\/\/gattonirubinetteria.com\/pt-pt\/\"]}]},{\"@type\":\"BreadcrumbList\",\"@id\":\"https:\/\/gattonirubinetteria.com\/pt-pt\/#breadcrumb\",\"itemListElement\":[{\"@type\":\"ListItem\",\"position\":1,\"name\":\"Home\",\"item\":\"https:\/\/gattonirubinetteria.com\/pt-pt\/\"},{\"@type\":\"ListItem\",\"position\":2,\"name\":\"Home\"}]},{\"@type\":\"WebSite\",\"@id\":\"https:\/\/gattonirubinetteria.com\/pt-pt\/#website\",\"url\":\"https:\/\/gattonirubinetteria.com\/pt-pt\/\",\"name\":\"Gattoni Rubinetteria\",\"description\":\"WATER IN LOVE\",\"publisher\":{\"@id\":\"https:\/\/gattonirubinetteria.com\/pt-pt\/#organization\"},\"alternateName\":\"Gattoni Rubinetteria S.p.A\",\"potentialAction\":[{\"@type\":\"SearchAction\",\"target\":{\"@type\":\"EntryPoint\",\"urlTemplate\":\"https:\/\/gattonirubinetteria.com\/pt-pt\/?s={search_term_string}\"},\"query-input\":{\"@type\":\"PropertyValueSpecification\",\"valueRequired\":true,\"valueName\":\"search_term_string\"}}],\"inLanguage\":\"pt-PT\"},{\"@type\":\"Organization\",\"@id\":\"https:\/\/gattonirubinetteria.com\/pt-pt\/#organization\",\"name\":\"Gattoni Rubinetteria S.p.A\",\"alternateName\":\"Gattoni\",\"url\":\"https:\/\/gattonirubinetteria.com\/pt-pt\/\",\"logo\":{\"@type\":\"ImageObject\",\"inLanguage\":\"pt-PT\",\"@id\":\"https:\/\/gattonirubinetteria.com\/pt-pt\/#\/schema\/logo\/image\/\",\"url\":\"https:\/\/gattonirubinetteria.com\/wp-content\/uploads\/2022\/12\/gattoni-rubinetteria-logo.png\",\"contentUrl\":\"https:\/\/gattonirubinetteria.com\/wp-content\/uploads\/2022\/12\/gattoni-rubinetteria-logo.png\",\"width\":756,\"height\":223,\"caption\":\"Gattoni Rubinetteria S.p.A\"},\"image\":{\"@id\":\"https:\/\/gattonirubinetteria.com\/pt-pt\/#\/schema\/logo\/image\/\"},\"sameAs\":[\"https:\/\/www.facebook.com\/gattoniwaterinlove\",\"https:\/\/www.instagram.com\/gattonirubinetteria_official\/\",\"https:\/\/www.linkedin.com\/company\/gattoni-rubinetteria\/\"]}]}<\/script>\n<!-- \/ Yoast SEO plugin. -->","yoast_head_json":{"title":"Gattoni Rubinetteria | 100% Made in Italy","description":"Scopri le Rubinetterie di Gattoni S.p.A il connubio perfetto tra stile, qualit\u00e0 Made in Italy e sostenibilit\u00e0 ambientale.","robots":{"index":"index","follow":"follow","max-snippet":"max-snippet:-1","max-image-preview":"max-image-preview:large","max-video-preview":"max-video-preview:-1"},"canonical":"https:\/\/gattonirubinetteria.com\/pt-pt\/","og_locale":"pt_PT","og_type":"article","og_title":"Gattoni Rubinetteria | 100% Made in Italy","og_description":"Scopri le Rubinetterie di Gattoni S.p.A il connubio perfetto tra stile, qualit\u00e0 Made in Italy e sostenibilit\u00e0 ambientale.","og_url":"https:\/\/gattonirubinetteria.com\/pt-pt\/","og_site_name":"Gattoni Rubinetteria","article_publisher":"https:\/\/www.facebook.com\/gattoniwaterinlove","article_modified_time":"2025-07-02T16:06:53+00:00","og_image":[{"width":1800,"height":1080,"url":"https:\/\/gattonirubinetteria.com\/wp-content\/uploads\/2023\/06\/Gattoni-linea-industrial.jpg","type":"image\/jpeg"}],"twitter_card":"summary_large_image","twitter_misc":{"Tempo estimado de leitura":"2 minutos"},"schema":{"@context":"https:\/\/schema.org","@graph":[{"@type":"WebPage","@id":"https:\/\/gattonirubinetteria.com\/pt-pt\/","url":"https:\/\/gattonirubinetteria.com\/pt-pt\/","name":"Gattoni Rubinetteria | 100% Made in Italy","isPartOf":{"@id":"https:\/\/gattonirubinetteria.com\/pt-pt\/#website"},"datePublished":"2022-07-21T09:27:24+00:00","dateModified":"2025-07-02T16:06:53+00:00","description":"Scopri le Rubinetterie di Gattoni S.p.A il connubio perfetto tra stile, qualit\u00e0 Made in Italy e sostenibilit\u00e0 ambientale.","breadcrumb":{"@id":"https:\/\/gattonirubinetteria.com\/pt-pt\/#breadcrumb"},"inLanguage":"pt-PT","potentialAction":[{"@type":"ReadAction","target":["https:\/\/gattonirubinetteria.com\/pt-pt\/"]}]},{"@type":"BreadcrumbList","@id":"https:\/\/gattonirubinetteria.com\/pt-pt\/#breadcrumb","itemListElement":[{"@type":"ListItem","position":1,"name":"Home","item":"https:\/\/gattonirubinetteria.com\/pt-pt\/"},{"@type":"ListItem","position":2,"name":"Home"}]},{"@type":"WebSite","@id":"https:\/\/gattonirubinetteria.com\/pt-pt\/#website","url":"https:\/\/gattonirubinetteria.com\/pt-pt\/","name":"Gattoni Rubinetteria","description":"WATER IN LOVE","publisher":{"@id":"https:\/\/gattonirubinetteria.com\/pt-pt\/#organization"},"alternateName":"Gattoni Rubinetteria S.p.A","potentialAction":[{"@type":"SearchAction","target":{"@type":"EntryPoint","urlTemplate":"https:\/\/gattonirubinetteria.com\/pt-pt\/?s={search_term_string}"},"query-input":{"@type":"PropertyValueSpecification","valueRequired":true,"valueName":"search_term_string"}}],"inLanguage":"pt-PT"},{"@type":"Organization","@id":"https:\/\/gattonirubinetteria.com\/pt-pt\/#organization","name":"Gattoni Rubinetteria S.p.A","alternateName":"Gattoni","url":"https:\/\/gattonirubinetteria.com\/pt-pt\/","logo":{"@type":"ImageObject","inLanguage":"pt-PT","@id":"https:\/\/gattonirubinetteria.com\/pt-pt\/#\/schema\/logo\/image\/","url":"https:\/\/gattonirubinetteria.com\/wp-content\/uploads\/2022\/12\/gattoni-rubinetteria-logo.png","contentUrl":"https:\/\/gattonirubinetteria.com\/wp-content\/uploads\/2022\/12\/gattoni-rubinetteria-logo.png","width":756,"height":223,"caption":"Gattoni Rubinetteria S.p.A"},"image":{"@id":"https:\/\/gattonirubinetteria.com\/pt-pt\/#\/schema\/logo\/image\/"},"sameAs":["https:\/\/www.facebook.com\/gattoniwaterinlove","https:\/\/www.instagram.com\/gattonirubinetteria_official\/","https:\/\/www.linkedin.com\/company\/gattoni-rubinetteria\/"]}]}},"_links":{"self":[{"href":"https:\/\/gattonirubinetteria.com\/pt-pt\/wp-json\/wp\/v2\/pages\/13901","targetHints":{"allow":["GET"]}}],"collection":[{"href":"https:\/\/gattonirubinetteria.com\/pt-pt\/wp-json\/wp\/v2\/pages"}],"about":[{"href":"https:\/\/gattonirubinetteria.com\/pt-pt\/wp-json\/wp\/v2\/types\/page"}],"author":[{"embeddable":true,"href":"https:\/\/gattonirubinetteria.com\/pt-pt\/wp-json\/wp\/v2\/users\/2"}],"replies":[{"embeddable":true,"href":"https:\/\/gattonirubinetteria.com\/pt-pt\/wp-json\/wp\/v2\/comments?post=13901"}],"version-history":[{"count":5,"href":"https:\/\/gattonirubinetteria.com\/pt-pt\/wp-json\/wp\/v2\/pages\/13901\/revisions"}],"predecessor-version":[{"id":31320,"href":"https:\/\/gattonirubinetteria.com\/pt-pt\/wp-json\/wp\/v2\/pages\/13901\/revisions\/31320"}],"wp:attachment":[{"href":"https:\/\/gattonirubinetteria.com\/pt-pt\/wp-json\/wp\/v2\/media?parent=13901"}],"curies":[{"name":"wp","href":"https:\/\/api.w.org\/{rel}","templated":true}]}}