{"id":13855,"date":"2023-10-24T09:29:17","date_gmt":"2023-10-24T09:29:17","guid":{"rendered":"https:\/\/gattonirubinetteria.com\/cura\/"},"modified":"2023-10-27T14:04:42","modified_gmt":"2023-10-27T14:04:42","slug":"cura","status":"publish","type":"page","link":"https:\/\/gattonirubinetteria.com\/pt-pt\/cura\/","title":{"rendered":"Cuidados"},"content":{"rendered":"<div class=\"wpb-content-wrapper\"><p>[vc_row row_height_percent=&#8221;62&#8243; override_padding=&#8221;yes&#8221; h_padding=&#8221;2&#8243; top_padding=&#8221;5&#8243; bottom_padding=&#8221;5&#8243; back_image=&#8221;13464&#8243; back_position=&#8221;center center&#8221; kburns=&#8221;yes&#8221; overlay_color=&#8221;color-wayh&#8221; overlay_alpha=&#8221;60&#8243; gutter_size=&#8221;3&#8243; column_width_percent=&#8221;100&#8243; shift_y=&#8221;0&#8243; z_index=&#8221;0&#8243; auto_height_device=&#8221;yes&#8221; uncode_shortcode_id=&#8221;117460&#8243; overlay_color_type=&#8221;uncode-palette&#8221;][vc_column column_width_percent=&#8221;100&#8243; position_vertical=&#8221;middle&#8221; gutter_size=&#8221;2&#8243; style=&#8221;dark&#8221; overlay_alpha=&#8221;50&#8243; shift_x=&#8221;0&#8243; shift_y=&#8221;0&#8243; shift_y_down=&#8221;0&#8243; z_index=&#8221;0&#8243; medium_width=&#8221;0&#8243; mobile_width=&#8221;0&#8243; width=&#8221;1\/1&#8243; uncode_shortcode_id=&#8221;146203&#8243;][vc_custom_heading text_size=&#8221;fontsize-498391&#8243; text_weight=&#8221;700&#8243; uncode_shortcode_id=&#8221;111365&#8243;]Cuidados com o produto[\/vc_custom_heading][\/vc_column][\/vc_row][vc_row row_height_percent=&#8221;0&#8243; override_padding=&#8221;yes&#8221; h_padding=&#8221;2&#8243; top_padding=&#8221;3&#8243; bottom_padding=&#8221;3&#8243; back_color=&#8221;color-wayh&#8221; overlay_alpha=&#8221;50&#8243; gutter_size=&#8221;3&#8243; column_width_percent=&#8221;100&#8243; shift_y=&#8221;0&#8243; z_index=&#8221;0&#8243; uncode_shortcode_id=&#8221;106312&#8243; back_color_type=&#8221;uncode-palette&#8221;][vc_column column_width_use_pixel=&#8221;yes&#8221; position_vertical=&#8221;middle&#8221; align_horizontal=&#8221;align_center&#8221; gutter_size=&#8221;4&#8243; style=&#8221;dark&#8221; overlay_alpha=&#8221;50&#8243; shift_x=&#8221;0&#8243; shift_y=&#8221;0&#8243; shift_y_down=&#8221;0&#8243; z_index=&#8221;0&#8243; medium_width=&#8221;0&#8243; mobile_width=&#8221;0&#8243; width=&#8221;1\/1&#8243; uncode_shortcode_id=&#8221;617961&#8243;][vc_custom_heading text_size=&#8221;h3&#8243; uncode_shortcode_id=&#8221;125698&#8243;]Caro cliente,<br \/>\nobrigado por ter escolhido um produto original GATTONI 100%<br \/>\nFabricado em It\u00e1lia[\/vc_custom_heading][vc_column_text uncode_shortcode_id=&#8221;124087&#8243;]fabricados com sistemas industriais de ponta, em total conformidade com as mais rigorosas normas internacionais.[\/vc_column_text][\/vc_column][\/vc_row][vc_row row_height_percent=&#8221;0&#8243; override_padding=&#8221;yes&#8221; h_padding=&#8221;2&#8243; top_padding=&#8221;3&#8243; bottom_padding=&#8221;3&#8243; back_color=&#8221;color-xsdn&#8221; overlay_alpha=&#8221;50&#8243; gutter_size=&#8221;3&#8243; column_width_percent=&#8221;100&#8243; shift_y=&#8221;0&#8243; z_index=&#8221;0&#8243; uncode_shortcode_id=&#8221;177156&#8243; back_color_type=&#8221;uncode-palette&#8221;][vc_column width=&#8221;1\/1&#8243;][vc_custom_heading heading_semantic=&#8221;h3&#8243; text_size=&#8221;h3&#8243; uncode_shortcode_id=&#8221;133963&#8243;]Acabamentos artesanais de alta qualidade[\/vc_custom_heading][vc_column_text uncode_shortcode_id=&#8221;156903&#8243;]Os acabamentos da GATTONI Rubinetteria S.p.A. s\u00e3o o resultado de um trabalho artesanal de alta qualidade efectuado internamente com extremo cuidado e aten\u00e7\u00e3o. Eventuais diferen\u00e7as de escovagem, cor ou tonalidade n\u00e3o devem ser consideradas como defeitos, mas sim como caracter\u00edsticas da singularidade do trabalho artesanal.[\/vc_column_text][\/vc_column][\/vc_row][vc_row row_height_percent=&#8221;0&#8243; override_padding=&#8221;yes&#8221; h_padding=&#8221;2&#8243; top_padding=&#8221;3&#8243; bottom_padding=&#8221;3&#8243; back_color=&#8221;color-xsdn&#8221; overlay_alpha=&#8221;50&#8243; gutter_size=&#8221;3&#8243; column_width_percent=&#8221;100&#8243; shift_y=&#8221;0&#8243; z_index=&#8221;0&#8243; uncode_shortcode_id=&#8221;177156&#8243; back_color_type=&#8221;uncode-palette&#8221;][vc_column width=&#8221;1\/1&#8243;][vc_custom_heading heading_semantic=&#8221;h3&#8243; text_size=&#8221;h3&#8243; uncode_shortcode_id=&#8221;193219&#8243;]<i class=\"fa fa-exclamation-triangle\" aria-hidden=\"true\"><\/i> Instru\u00e7\u00f5es de limpeza e conserva\u00e7\u00e3o[\/vc_custom_heading][vc_column_text uncode_shortcode_id=&#8221;209287&#8243;]<strong>TODOS OS ACABAMENTOS DEVEM SER<\/strong> limpos diariamente e\/ou ap\u00f3s cada utiliza\u00e7\u00e3o com \u00e1gua, sab\u00e3o l\u00edquido neutro e secos com um pano macio, de modo a evitar que as gotas de \u00e1gua no produto provoquem dep\u00f3sitos de calc\u00e1rio e danos irrepar\u00e1veis no acabamento.<\/p>\n<p><strong>NUNCA UTILIZAR<\/strong> produtos qu\u00edmicos e anti-calc\u00e1rios, \u00e1lcool, detergentes, abrasivos, solventes, subst\u00e2ncias \u00e0 base de \u00e1cido muri\u00e1tico, clor\u00eddrico, f\u00f3rmico, fosf\u00f3rico, ac\u00e9tico, amon\u00edaco, acetona, lix\u00edvia, \u00e1cidos dom\u00e9sticos, desinfectantes diversos, esponjas abrasivas, \u00e1speras e\/ou met\u00e1licas e\/ou esponjas que possam danificar irremediavelmente o acabamento.<\/p>\n<p><strong>EVITAR<\/strong> o contacto do acabamento com produtos de higiene ou qu\u00edmicos, materiais de constru\u00e7\u00e3o (cimento, colas, etc.), lubrificantes e vedantes (colas, silicones, etc.).<\/p>\n<p><strong>NUNCA INSTALE<\/strong> os produtos em locais n\u00e3o ventilados com:<\/p>\n<ul>\n<li><span style=\"font-family: -apple-system, BlinkMacSystemFont, 'Segoe UI', Roboto, Oxygen-Sans, Ubuntu, Cantarell, 'Helvetica Neue', sans-serif;\">fumos elevados de produtos qu\u00edmicos de secagem (colas, silicones, etc.),<\/span><\/li>\n<li><span style=\"font-family: -apple-system, BlinkMacSystemFont, 'Segoe UI', Roboto, Oxygen-Sans, Ubuntu, Cantarell, 'Helvetica Neue', sans-serif;\">vapores de v\u00e1rios tipos,<\/span><\/li>\n<li><span style=\"font-family: -apple-system, BlinkMacSystemFont, 'Segoe UI', Roboto, Oxygen-Sans, Ubuntu, Cantarell, 'Helvetica Neue', sans-serif;\">fumos de sif\u00f5es drenados,<\/span><\/li>\n<li><span style=\"font-family: -apple-system, BlinkMacSystemFont, 'Segoe UI', Roboto, Oxygen-Sans, Ubuntu, Cantarell, 'Helvetica Neue', sans-serif;\">atmosfera \u00e1cida,<\/span><\/li>\n<li><span style=\"font-family: -apple-system, BlinkMacSystemFont, 'Segoe UI', Roboto, Oxygen-Sans, Ubuntu, Cantarell, 'Helvetica Neue', sans-serif;\">valores elevados de salinidade do ar.<\/span><\/li>\n<\/ul>\n<p><span style=\"text-decoration: underline;\"><strong>IMPORTANTE<\/strong>: A falta de manuten\u00e7\u00e3o e limpeza di\u00e1rias adequadas, a utiliza\u00e7\u00e3o de produtos de limpeza inadequados e o incumprimento das prescri\u00e7\u00f5es acima referidas implicam a anula\u00e7\u00e3o da garantia do acabamento.<\/span>[\/vc_column_text][\/vc_column][\/vc_row][vc_row unlock_row_content=&#8221;yes&#8221; row_height_percent=&#8221;0&#8243; override_padding=&#8221;yes&#8221; h_padding=&#8221;2&#8243; top_padding=&#8221;2&#8243; bottom_padding=&#8221;2&#8243; overlay_alpha=&#8221;50&#8243; equal_height=&#8221;yes&#8221; gutter_size=&#8221;3&#8243; column_width_percent=&#8221;100&#8243; shift_y=&#8221;0&#8243; z_index=&#8221;0&#8243; uncode_shortcode_id=&#8221;632262&#8243;][vc_column column_width_percent=&#8221;100&#8243; position_vertical=&#8221;middle&#8221; align_horizontal=&#8221;align_center&#8221; gutter_size=&#8221;2&#8243; override_padding=&#8221;yes&#8221; column_padding=&#8221;5&#8243; back_image=&#8221;536&#8243; back_repeat=&#8221;no-repeat&#8221; back_attachment=&#8221;fixed&#8221; kburns=&#8221;yes&#8221; overlay_color=&#8221;color-jevc&#8221; overlay_alpha=&#8221;50&#8243; shift_x=&#8221;0&#8243; shift_y=&#8221;0&#8243; shift_y_down=&#8221;0&#8243; z_index=&#8221;0&#8243; medium_width=&#8221;0&#8243; mobile_width=&#8221;7&#8243; width=&#8221;1\/2&#8243; uncode_shortcode_id=&#8221;147138&#8243; overlay_color_type=&#8221;uncode-palette&#8221;][vc_custom_heading text_color=&#8221;color-xsdn&#8221; heading_semantic=&#8221;h1&#8243; text_size=&#8221;h1&#8243; uncode_shortcode_id=&#8221;568144&#8243; text_color_type=&#8221;uncode-palette&#8221;]Onde comprar[\/vc_custom_heading][vc_column_text text_color=&#8221;color-xsdn&#8221; uncode_shortcode_id=&#8221;461126&#8243; text_color_type=&#8221;uncode-palette&#8221; el_class=&#8221;home_text_final_pics&#8221;]Encontrar a loja mais pr\u00f3xima[\/vc_column_text][vc_button button_color=&#8221;accent&#8221; border_width=&#8221;0&#8243; scale_mobile=&#8221;no&#8221; button_color_type=&#8221;uncode-palette&#8221; uncode_shortcode_id=&#8221;201188&#8243; link=&#8221;url:https%3A%2F%2Fgattonirubinetteria.com%2Fpt-pt%2Fdove-acquistare%2F|target:_blank&#8221;]DESCOBRIR[\/vc_button][\/vc_column][vc_column column_width_percent=&#8221;100&#8243; position_vertical=&#8221;middle&#8221; align_horizontal=&#8221;align_center&#8221; gutter_size=&#8221;2&#8243; override_padding=&#8221;yes&#8221; column_padding=&#8221;5&#8243; back_image=&#8221;537&#8243; back_repeat=&#8221;no-repeat&#8221; back_attachment=&#8221;fixed&#8221; back_position=&#8221;left center&#8221; kburns=&#8221;yes&#8221; overlay_color=&#8221;color-jevc&#8221; overlay_alpha=&#8221;50&#8243; shift_x=&#8221;0&#8243; shift_y=&#8221;0&#8243; shift_y_down=&#8221;0&#8243; z_index=&#8221;0&#8243; medium_width=&#8221;0&#8243; mobile_width=&#8221;0&#8243; width=&#8221;1\/2&#8243; uncode_shortcode_id=&#8221;208048&#8243; overlay_color_type=&#8221;uncode-palette&#8221;][vc_custom_heading text_color=&#8221;color-xsdn&#8221; heading_semantic=&#8221;h1&#8243; text_size=&#8221;h1&#8243; uncode_shortcode_id=&#8221;617087&#8243; text_color_type=&#8221;uncode-palette&#8221;]Vamos entrar em contacto[\/vc_custom_heading][vc_column_text text_color=&#8221;color-xsdn&#8221; uncode_shortcode_id=&#8221;922506&#8243; text_color_type=&#8221;uncode-palette&#8221; el_class=&#8221;home_text_final_pics&#8221;]Para solicitar informa\u00e7\u00f5es e or\u00e7amentos[\/vc_column_text][vc_button button_color=&#8221;accent&#8221; border_width=&#8221;0&#8243; scale_mobile=&#8221;no&#8221; button_color_type=&#8221;uncode-palette&#8221; uncode_shortcode_id=&#8221;377320&#8243; link=&#8221;url:https%3A%2F%2Fgattonirubinetteria.com%2Fpt-pt%2Fcontatti%2F&#8221;]CONTACTOS[\/vc_button][\/vc_column][\/vc_row]<\/p>\n<\/div>","protected":false},"excerpt":{"rendered":"<p>[vc_row row_height_percent=&#8221;62&#8243; override_padding=&#8221;yes&#8221; h_padding=&#8221;2&#8243; top_padding=&#8221;5&#8243; bottom_padding=&#8221;5&#8243; back_image=&#8221;13464&#8243; back_position=&#8221;center center&#8221; kburns=&#8221;yes&#8221; overlay_color=&#8221;color-wayh&#8221; overlay_alpha=&#8221;60&#8243; gutter_size=&#8221;3&#8243; column_width_percent=&#8221;100&#8243; shift_y=&#8221;0&#8243; z_index=&#8221;0&#8243; auto_height_device=&#8221;yes&#8221; uncode_shortcode_id=&#8221;117460&#8243; overlay_color_type=&#8221;uncode-palette&#8221;][vc_column column_width_percent=&#8221;100&#8243; [&hellip;]<\/p>\n","protected":false},"author":2,"featured_media":0,"parent":0,"menu_order":0,"comment_status":"closed","ping_status":"closed","template":"","meta":{"footnotes":""},"class_list":["post-13855","page","type-page","status-publish","hentry"],"acf":[],"yoast_head":"<!-- This site is optimized with the Yoast SEO plugin v24.8.1 - https:\/\/yoast.com\/wordpress\/plugins\/seo\/ -->\n<title>Cuidados - Gattoni Rubinetteria<\/title>\n<meta name=\"description\" content=\"Il marchio Gattoni Rubinetteria \u00e8 oggi sinonimo di design Made in Italy e qualit\u00e0 esclusiva in tutto il mondo.\" \/>\n<meta name=\"robots\" content=\"index, follow, max-snippet:-1, max-image-preview:large, max-video-preview:-1\" \/>\n<link rel=\"canonical\" href=\"https:\/\/gattonirubinetteria.com\/pt-pt\/cura\/\" \/>\n<meta property=\"og:locale\" content=\"pt_PT\" \/>\n<meta property=\"og:type\" content=\"article\" \/>\n<meta property=\"og:title\" content=\"Cuidados - Gattoni Rubinetteria\" \/>\n<meta property=\"og:description\" content=\"Il marchio Gattoni Rubinetteria \u00e8 oggi sinonimo di design Made in Italy e qualit\u00e0 esclusiva in tutto il mondo.\" \/>\n<meta property=\"og:url\" content=\"https:\/\/gattonirubinetteria.com\/pt-pt\/cura\/\" \/>\n<meta property=\"og:site_name\" content=\"Gattoni Rubinetteria\" \/>\n<meta property=\"article:publisher\" content=\"https:\/\/www.facebook.com\/gattoniwaterinlove\" \/>\n<meta property=\"article:modified_time\" content=\"2023-10-27T14:04:42+00:00\" \/>\n<meta property=\"og:image\" content=\"https:\/\/gattonirubinetteria.com\/wp-content\/uploads\/2023\/06\/Gattoni-linea-industrial.jpg\" \/>\n\t<meta property=\"og:image:width\" content=\"1800\" \/>\n\t<meta property=\"og:image:height\" content=\"1080\" \/>\n\t<meta property=\"og:image:type\" content=\"image\/jpeg\" \/>\n<meta name=\"twitter:card\" content=\"summary_large_image\" \/>\n<meta name=\"twitter:label1\" content=\"Tempo estimado de leitura\" \/>\n\t<meta name=\"twitter:data1\" content=\"3 minutos\" \/>\n<script type=\"application\/ld+json\" class=\"yoast-schema-graph\">{\"@context\":\"https:\/\/schema.org\",\"@graph\":[{\"@type\":\"WebPage\",\"@id\":\"https:\/\/gattonirubinetteria.com\/pt-pt\/cura\/\",\"url\":\"https:\/\/gattonirubinetteria.com\/pt-pt\/cura\/\",\"name\":\"Cuidados - Gattoni Rubinetteria\",\"isPartOf\":{\"@id\":\"https:\/\/gattonirubinetteria.com\/pt-pt\/#website\"},\"datePublished\":\"2023-10-24T09:29:17+00:00\",\"dateModified\":\"2023-10-27T14:04:42+00:00\",\"description\":\"Il marchio Gattoni Rubinetteria \u00e8 oggi sinonimo di design Made in Italy e qualit\u00e0 esclusiva in tutto il mondo.\",\"breadcrumb\":{\"@id\":\"https:\/\/gattonirubinetteria.com\/pt-pt\/cura\/#breadcrumb\"},\"inLanguage\":\"pt-PT\",\"potentialAction\":[{\"@type\":\"ReadAction\",\"target\":[\"https:\/\/gattonirubinetteria.com\/pt-pt\/cura\/\"]}]},{\"@type\":\"BreadcrumbList\",\"@id\":\"https:\/\/gattonirubinetteria.com\/pt-pt\/cura\/#breadcrumb\",\"itemListElement\":[{\"@type\":\"ListItem\",\"position\":1,\"name\":\"Home\",\"item\":\"https:\/\/gattonirubinetteria.it\/pt-pt\/\"},{\"@type\":\"ListItem\",\"position\":2,\"name\":\"Cuidados\"}]},{\"@type\":\"WebSite\",\"@id\":\"https:\/\/gattonirubinetteria.com\/pt-pt\/#website\",\"url\":\"https:\/\/gattonirubinetteria.com\/pt-pt\/\",\"name\":\"Gattoni Rubinetteria\",\"description\":\"WATER IN LOVE\",\"publisher\":{\"@id\":\"https:\/\/gattonirubinetteria.com\/pt-pt\/#organization\"},\"alternateName\":\"Gattoni Rubinetteria S.p.A\",\"potentialAction\":[{\"@type\":\"SearchAction\",\"target\":{\"@type\":\"EntryPoint\",\"urlTemplate\":\"https:\/\/gattonirubinetteria.com\/pt-pt\/?s={search_term_string}\"},\"query-input\":{\"@type\":\"PropertyValueSpecification\",\"valueRequired\":true,\"valueName\":\"search_term_string\"}}],\"inLanguage\":\"pt-PT\"},{\"@type\":\"Organization\",\"@id\":\"https:\/\/gattonirubinetteria.com\/pt-pt\/#organization\",\"name\":\"Gattoni Rubinetteria S.p.A\",\"alternateName\":\"Gattoni\",\"url\":\"https:\/\/gattonirubinetteria.com\/pt-pt\/\",\"logo\":{\"@type\":\"ImageObject\",\"inLanguage\":\"pt-PT\",\"@id\":\"https:\/\/gattonirubinetteria.com\/pt-pt\/#\/schema\/logo\/image\/\",\"url\":\"https:\/\/gattonirubinetteria.com\/wp-content\/uploads\/2022\/12\/gattoni-rubinetteria-logo.png\",\"contentUrl\":\"https:\/\/gattonirubinetteria.com\/wp-content\/uploads\/2022\/12\/gattoni-rubinetteria-logo.png\",\"width\":756,\"height\":223,\"caption\":\"Gattoni Rubinetteria S.p.A\"},\"image\":{\"@id\":\"https:\/\/gattonirubinetteria.com\/pt-pt\/#\/schema\/logo\/image\/\"},\"sameAs\":[\"https:\/\/www.facebook.com\/gattoniwaterinlove\",\"https:\/\/www.instagram.com\/gattonirubinetteria_official\/\",\"https:\/\/www.linkedin.com\/company\/gattoni-rubinetteria\/\"]}]}<\/script>\n<!-- \/ Yoast SEO plugin. -->","yoast_head_json":{"title":"Cuidados - Gattoni Rubinetteria","description":"Il marchio Gattoni Rubinetteria \u00e8 oggi sinonimo di design Made in Italy e qualit\u00e0 esclusiva in tutto il mondo.","robots":{"index":"index","follow":"follow","max-snippet":"max-snippet:-1","max-image-preview":"max-image-preview:large","max-video-preview":"max-video-preview:-1"},"canonical":"https:\/\/gattonirubinetteria.com\/pt-pt\/cura\/","og_locale":"pt_PT","og_type":"article","og_title":"Cuidados - Gattoni Rubinetteria","og_description":"Il marchio Gattoni Rubinetteria \u00e8 oggi sinonimo di design Made in Italy e qualit\u00e0 esclusiva in tutto il mondo.","og_url":"https:\/\/gattonirubinetteria.com\/pt-pt\/cura\/","og_site_name":"Gattoni Rubinetteria","article_publisher":"https:\/\/www.facebook.com\/gattoniwaterinlove","article_modified_time":"2023-10-27T14:04:42+00:00","og_image":[{"width":1800,"height":1080,"url":"https:\/\/gattonirubinetteria.com\/wp-content\/uploads\/2023\/06\/Gattoni-linea-industrial.jpg","type":"image\/jpeg"}],"twitter_card":"summary_large_image","twitter_misc":{"Tempo estimado de leitura":"3 minutos"},"schema":{"@context":"https:\/\/schema.org","@graph":[{"@type":"WebPage","@id":"https:\/\/gattonirubinetteria.com\/pt-pt\/cura\/","url":"https:\/\/gattonirubinetteria.com\/pt-pt\/cura\/","name":"Cuidados - Gattoni Rubinetteria","isPartOf":{"@id":"https:\/\/gattonirubinetteria.com\/pt-pt\/#website"},"datePublished":"2023-10-24T09:29:17+00:00","dateModified":"2023-10-27T14:04:42+00:00","description":"Il marchio Gattoni Rubinetteria \u00e8 oggi sinonimo di design Made in Italy e qualit\u00e0 esclusiva in tutto il mondo.","breadcrumb":{"@id":"https:\/\/gattonirubinetteria.com\/pt-pt\/cura\/#breadcrumb"},"inLanguage":"pt-PT","potentialAction":[{"@type":"ReadAction","target":["https:\/\/gattonirubinetteria.com\/pt-pt\/cura\/"]}]},{"@type":"BreadcrumbList","@id":"https:\/\/gattonirubinetteria.com\/pt-pt\/cura\/#breadcrumb","itemListElement":[{"@type":"ListItem","position":1,"name":"Home","item":"https:\/\/gattonirubinetteria.it\/pt-pt\/"},{"@type":"ListItem","position":2,"name":"Cuidados"}]},{"@type":"WebSite","@id":"https:\/\/gattonirubinetteria.com\/pt-pt\/#website","url":"https:\/\/gattonirubinetteria.com\/pt-pt\/","name":"Gattoni Rubinetteria","description":"WATER IN LOVE","publisher":{"@id":"https:\/\/gattonirubinetteria.com\/pt-pt\/#organization"},"alternateName":"Gattoni Rubinetteria S.p.A","potentialAction":[{"@type":"SearchAction","target":{"@type":"EntryPoint","urlTemplate":"https:\/\/gattonirubinetteria.com\/pt-pt\/?s={search_term_string}"},"query-input":{"@type":"PropertyValueSpecification","valueRequired":true,"valueName":"search_term_string"}}],"inLanguage":"pt-PT"},{"@type":"Organization","@id":"https:\/\/gattonirubinetteria.com\/pt-pt\/#organization","name":"Gattoni Rubinetteria S.p.A","alternateName":"Gattoni","url":"https:\/\/gattonirubinetteria.com\/pt-pt\/","logo":{"@type":"ImageObject","inLanguage":"pt-PT","@id":"https:\/\/gattonirubinetteria.com\/pt-pt\/#\/schema\/logo\/image\/","url":"https:\/\/gattonirubinetteria.com\/wp-content\/uploads\/2022\/12\/gattoni-rubinetteria-logo.png","contentUrl":"https:\/\/gattonirubinetteria.com\/wp-content\/uploads\/2022\/12\/gattoni-rubinetteria-logo.png","width":756,"height":223,"caption":"Gattoni Rubinetteria S.p.A"},"image":{"@id":"https:\/\/gattonirubinetteria.com\/pt-pt\/#\/schema\/logo\/image\/"},"sameAs":["https:\/\/www.facebook.com\/gattoniwaterinlove","https:\/\/www.instagram.com\/gattonirubinetteria_official\/","https:\/\/www.linkedin.com\/company\/gattoni-rubinetteria\/"]}]}},"_links":{"self":[{"href":"https:\/\/gattonirubinetteria.com\/pt-pt\/wp-json\/wp\/v2\/pages\/13855","targetHints":{"allow":["GET"]}}],"collection":[{"href":"https:\/\/gattonirubinetteria.com\/pt-pt\/wp-json\/wp\/v2\/pages"}],"about":[{"href":"https:\/\/gattonirubinetteria.com\/pt-pt\/wp-json\/wp\/v2\/types\/page"}],"author":[{"embeddable":true,"href":"https:\/\/gattonirubinetteria.com\/pt-pt\/wp-json\/wp\/v2\/users\/2"}],"replies":[{"embeddable":true,"href":"https:\/\/gattonirubinetteria.com\/pt-pt\/wp-json\/wp\/v2\/comments?post=13855"}],"version-history":[{"count":2,"href":"https:\/\/gattonirubinetteria.com\/pt-pt\/wp-json\/wp\/v2\/pages\/13855\/revisions"}],"predecessor-version":[{"id":13858,"href":"https:\/\/gattonirubinetteria.com\/pt-pt\/wp-json\/wp\/v2\/pages\/13855\/revisions\/13858"}],"wp:attachment":[{"href":"https:\/\/gattonirubinetteria.com\/pt-pt\/wp-json\/wp\/v2\/media?parent=13855"}],"curies":[{"name":"wp","href":"https:\/\/api.w.org\/{rel}","templated":true}]}}