{"id":5525,"date":"2022-07-12T12:54:52","date_gmt":"2022-07-12T12:54:52","guid":{"rendered":"https:\/\/www.gattonirubinetteria.com\/where-to-buy\/"},"modified":"2023-10-26T14:12:56","modified_gmt":"2023-10-26T14:12:56","slug":"ou-acheter","status":"publish","type":"page","link":"https:\/\/gattonirubinetteria.com\/fr\/ou-acheter\/","title":{"rendered":"O\u00f9 acheter"},"content":{"rendered":"<div class=\"wpb-content-wrapper\"><p>[vc_row row_height_percent=\u00a0\u00bb0&Prime; override_padding=\u00a0\u00bbyes\u00a0\u00bb h_padding=\u00a0\u00bb2&Prime; top_padding=\u00a0\u00bb3&Prime; bottom_padding=\u00a0\u00bb3&Prime; back_color=\u00a0\u00bbcolor-wayh\u00a0\u00bb overlay_alpha=\u00a0\u00bb50&Prime; gutter_size=\u00a0\u00bb3&Prime; column_width_percent=\u00a0\u00bb100&Prime; shift_y=\u00a0\u00bb0&Prime; z_index=\u00a0\u00bb0&Prime; uncode_shortcode_id=\u00a0\u00bb106312&Prime; back_color_type=\u00a0\u00bbuncode-palette\u00a0\u00bb][vc_column column_width_percent=\u00a0\u00bb80&Prime; position_vertical=\u00a0\u00bbmiddle\u00a0\u00bb align_horizontal=\u00a0\u00bbalign_center\u00a0\u00bb gutter_size=\u00a0\u00bb4&Prime; style=\u00a0\u00bbdark\u00a0\u00bb overlay_alpha=\u00a0\u00bb50&Prime; shift_x=\u00a0\u00bb0&Prime; shift_y=\u00a0\u00bb0&Prime; shift_y_down=\u00a0\u00bb0&Prime; z_index=\u00a0\u00bb0&Prime; medium_width=\u00a0\u00bb0&Prime; mobile_width=\u00a0\u00bb0&Prime; width=\u00a0\u00bb1\/1&Prime; uncode_shortcode_id=\u00a0\u00bb112122&Prime;][vc_custom_heading heading_semantic=\u00a0\u00bbh3&Prime; text_size=\u00a0\u00bbfontsize-464811&Prime; text_weight=\u00a0\u00bb400&Prime; text_space=\u00a0\u00bbfontspace-378815&Prime; sub_reduced=\u00a0\u00bbyes\u00a0\u00bb uncode_shortcode_id=\u00a0\u00bb760958&Prime;]O\u00d9 ACHETER[\/vc_custom_heading][vc_custom_heading heading_semantic=\u00a0\u00bbh1&Prime; text_size=\u00a0\u00bbh1&Prime; text_weight=\u00a0\u00bb700&Prime; sub_lead=\u00a0\u00bbyes\u00a0\u00bb uncode_shortcode_id=\u00a0\u00bb423015&Prime; subheading=\u00a0\u00bbD\u00e9couvrez o\u00f9 trouver et acheter les produits de Rubinetteria Gattoni.<br \/>\nNous vous conseillons toujours de contacter le d\u00e9taillant avant de vous rendre au magasin s\u00e9lectionn\u00e9, pour v\u00e9rifier que les collections de votre int\u00e9r\u00eat sont pr\u00e9sentes. Gattoni Rubinetteria garantit \u00e9galement un service d\u2019exp\u00e9dition rapide et fiable, rendu possible par les techniques d\u2019emballage modernes et la pr\u00e9sence d\u2019un entrep\u00f4t avec une grande disponibilit\u00e9 de marchandises.\u00a0\u00bb text_color_type=\u00a0\u00bbuncode-palette\u00a0\u00bb text_color_solid=\u00a0\u00bb#ff0000&Prime;]<span data-sheets-value=\"{&quot;1&quot;:2,&quot;2&quot;:&quot;Trouver un d\u00e9taillant pr\u00e8s de chez vous&quot;}\" data-sheets-userformat=\"{&quot;2&quot;:13249,&quot;3&quot;:{&quot;1&quot;:0},&quot;9&quot;:1,&quot;10&quot;:1,&quot;11&quot;:4,&quot;12&quot;:0,&quot;15&quot;:&quot;Open Sans&quot;,&quot;16&quot;:12}\">Trouver un d\u00e9taillant pr\u00e8s de chez vous<\/span>[\/vc_custom_heading][\/vc_column][\/vc_row][vc_row row_height_percent=\u00a0\u00bb0&Prime; override_padding=\u00a0\u00bbyes\u00a0\u00bb h_padding=\u00a0\u00bb2&Prime; top_padding=\u00a0\u00bb1&Prime; bottom_padding=\u00a0\u00bb3&Prime; back_color=\u00a0\u00bbcolor-wayh\u00a0\u00bb overlay_alpha=\u00a0\u00bb50&Prime; gutter_size=\u00a0\u00bb3&Prime; column_width_percent=\u00a0\u00bb100&Prime; shift_y=\u00a0\u00bb0&Prime; z_index=\u00a0\u00bb0&Prime; uncode_shortcode_id=\u00a0\u00bb174765&Prime; back_color_type=\u00a0\u00bbuncode-palette\u00a0\u00bb][vc_column column_width_percent=\u00a0\u00bb80&Prime; position_vertical=\u00a0\u00bbmiddle\u00a0\u00bb align_horizontal=\u00a0\u00bbalign_center\u00a0\u00bb gutter_size=\u00a0\u00bb4&Prime; style=\u00a0\u00bbdark\u00a0\u00bb overlay_alpha=\u00a0\u00bb50&Prime; shift_x=\u00a0\u00bb0&Prime; shift_y=\u00a0\u00bb0&Prime; shift_y_down=\u00a0\u00bb0&Prime; z_index=\u00a0\u00bb0&Prime; medium_width=\u00a0\u00bb0&Prime; mobile_width=\u00a0\u00bb0&Prime; width=\u00a0\u00bb1\/1&Prime; uncode_shortcode_id=\u00a0\u00bb557041&Prime;]\n<div class=\"wpcf7 no-js\" id=\"wpcf7-f13792-o1\" lang=\"it-IT\" dir=\"ltr\" data-wpcf7-id=\"13792\">\n<div class=\"screen-reader-response\"><p role=\"status\" aria-live=\"polite\" aria-atomic=\"true\"><\/p> <ul><\/ul><\/div>\n<form action=\"\/fr\/wp-json\/wp\/v2\/pages\/5525#wpcf7-f13792-o1\" method=\"post\" class=\"wpcf7-form init\" aria-label=\"Modulo di contatto\" novalidate=\"novalidate\" data-status=\"init\">\n<div style=\"display: none;\">\n<input type=\"hidden\" name=\"_wpcf7\" value=\"13792\" \/>\n<input type=\"hidden\" name=\"_wpcf7_version\" value=\"6.0.6\" \/>\n<input type=\"hidden\" name=\"_wpcf7_locale\" value=\"it_IT\" \/>\n<input type=\"hidden\" name=\"_wpcf7_unit_tag\" value=\"wpcf7-f13792-o1\" \/>\n<input type=\"hidden\" name=\"_wpcf7_container_post\" value=\"0\" \/>\n<input type=\"hidden\" name=\"_wpcf7_posted_data_hash\" value=\"\" \/>\n<input type=\"hidden\" name=\"_wpcf7_recaptcha_response\" value=\"\" \/>\n<\/div>\n<div class=\"wpcf7-inline-wrapper\">\n\t<p class=\"wpcf7-inline-field\"><span class=\"wpcf7-form-control-wrap\" data-name=\"your-firstname\"><input size=\"40\" maxlength=\"400\" class=\"wpcf7-form-control wpcf7-text wpcf7-validates-as-required\" aria-required=\"true\" aria-invalid=\"false\" placeholder=\"Nom\" value=\"\" type=\"text\" name=\"your-firstname\" \/><\/span>\n\t<\/p>\n\t<p class=\"wpcf7-inline-field\"><span class=\"wpcf7-form-control-wrap\" data-name=\"your-lastname\"><input size=\"40\" maxlength=\"400\" class=\"wpcf7-form-control wpcf7-text wpcf7-validates-as-required\" aria-required=\"true\" aria-invalid=\"false\" placeholder=\"Pr\u00e9nom\" value=\"\" type=\"text\" name=\"your-lastname\" \/><\/span>\n\t<\/p>\n<\/div>\n<div class=\"wpcf7-inline-wrapper\">\n\t<p class=\"wpcf7-inline-field\"><span class=\"wpcf7-form-control-wrap\" data-name=\"your-email\"><input size=\"40\" maxlength=\"400\" class=\"wpcf7-form-control wpcf7-email wpcf7-validates-as-required wpcf7-text wpcf7-validates-as-email\" aria-required=\"true\" aria-invalid=\"false\" placeholder=\"Email\" value=\"\" type=\"email\" name=\"your-email\" \/><\/span>\n\t<\/p>\n\t<p class=\"wpcf7-inline-field\"><span class=\"wpcf7-form-control-wrap\" data-name=\"tel-132\"><input size=\"40\" maxlength=\"400\" class=\"wpcf7-form-control wpcf7-tel wpcf7-validates-as-required wpcf7-text wpcf7-validates-as-tel\" aria-required=\"true\" aria-invalid=\"false\" placeholder=\"Num\u00e9ro de t\u00e9l\u00e9phone\" value=\"\" type=\"tel\" name=\"tel-132\" \/><\/span>\n\t<\/p>\n<\/div>\n<p><span class=\"wpcf7-form-control-wrap\" data-name=\"your-message\"><textarea cols=\"40\" rows=\"10\" maxlength=\"2000\" class=\"wpcf7-form-control wpcf7-textarea wpcf7-validates-as-required\" aria-required=\"true\" aria-invalid=\"false\" placeholder=\"Message\" name=\"your-message\"><\/textarea><\/span>\n<\/p>\n<p><span class=\"wpcf7-form-control-wrap\" data-name=\"accept-this-1\"><span class=\"wpcf7-form-control wpcf7-acceptance\"><span class=\"wpcf7-list-item\"><label><input type=\"checkbox\" name=\"accept-this-1\" value=\"1\" aria-invalid=\"false\" \/><span class=\"wpcf7-list-item-label\">Cliquez ici pour accepter nos conditions g\u00e9n\u00e9rales (<a class=\"iubenda-white iubenda-noiframe iubenda-embed iubenda-noiframe \" title=\"Privacy Policy \" href=\"https:\/\/www.iubenda.com\/privacy-policy\/59674296\">Privacy Policy<\/a>)<\/span><\/label><\/span><\/span><\/span><script type=\"text\/javascript\">(function (w,d) {var loader = function () {var s = d.createElement(\"script\"), tag = d.getElementsByTagName(\"script\")[0]; s.src=\"https:\/\/cdn.iubenda.com\/iubenda.js\"; tag.parentNode.insertBefore(s,tag);}; if(w.addEventListener){w.addEventListener(\"load\", loader, false);}else if(w.attachEvent){w.attachEvent(\"onload\", loader);}else{w.onload = loader;}})(window, document);<\/script>\n<\/p>\n<p style=\"margin-top:35px\">\n\n<\/p>\n<p><input class=\"wpcf7-form-control wpcf7-submit has-spinner btn btn-accent x-btn-block\" type=\"submit\" value=\"Soumettre\" \/>\n<\/p><input type='hidden' class='wpcf7-pum' value='{\"closepopup\":false,\"closedelay\":0,\"openpopup\":false,\"openpopup_id\":0}' \/><div class=\"wpcf7-response-output\" aria-hidden=\"true\"><\/div>\n<\/form>\n<\/div>\n[\/vc_column][\/vc_row][vc_row row_height_percent=\u00a0\u00bb0&Prime; override_padding=\u00a0\u00bbyes\u00a0\u00bb h_padding=\u00a0\u00bb2&Prime; top_padding=\u00a0\u00bb4&Prime; bottom_padding=\u00a0\u00bb3&Prime; back_color=\u00a0\u00bbcolor-xsdn\u00a0\u00bb overlay_alpha=\u00a0\u00bb50&Prime; gutter_size=\u00a0\u00bb4&Prime; column_width_percent=\u00a0\u00bb100&Prime; shift_y=\u00a0\u00bb0&Prime; z_index=\u00a0\u00bb0&Prime; uncode_shortcode_id=\u00a0\u00bb120675&Prime; back_color_type=\u00a0\u00bbuncode-palette\u00a0\u00bb][vc_column column_width_percent=\u00a0\u00bb100&Prime; gutter_size=\u00a0\u00bb3&Prime; overlay_alpha=\u00a0\u00bb50&Prime; shift_x=\u00a0\u00bb0&Prime; shift_y=\u00a0\u00bb0&Prime; shift_y_down=\u00a0\u00bb0&Prime; z_index=\u00a0\u00bb0&Prime; medium_width=\u00a0\u00bb4&Prime; mobile_width=\u00a0\u00bb0&Prime; width=\u00a0\u00bb2\/3&Prime; el_class=\u00a0\u00bbimage-card image-card-inverted image-card-triple\u00a0\u00bb uncode_shortcode_id=\u00a0\u00bb179963&Prime;][vc_raw_html]JTVCZndkcjNkY292JTIwcHJlc2V0X2lkJTNEJTIyTWFzc2ltYSUyMFB1cmV6emElMjIlMjBwbGF5bGlzdF9pZCUzRCUyMlByb2dldHRhcmUlMjBwb3NzaWJpbGl0YSUyMiU1RA==[\/vc_raw_html][\/vc_column][vc_column column_width_percent=\u00a0\u00bb100&Prime; position_horizontal=\u00a0\u00bbleft\u00a0\u00bb position_vertical=\u00a0\u00bbmiddle\u00a0\u00bb gutter_size=\u00a0\u00bb2&Prime; overlay_alpha=\u00a0\u00bb50&Prime; shift_x=\u00a0\u00bb0&Prime; shift_y=\u00a0\u00bb0&Prime; shift_y_down=\u00a0\u00bb0&Prime; z_index=\u00a0\u00bb0&Prime; medium_width=\u00a0\u00bb4&Prime; align_mobile=\u00a0\u00bbalign_center_mobile\u00a0\u00bb mobile_width=\u00a0\u00bb0&Prime; width=\u00a0\u00bb1\/3&Prime; uncode_shortcode_id=\u00a0\u00bb654739&Prime;][vc_custom_heading heading_semantic=\u00a0\u00bbh3&Prime; text_size=\u00a0\u00bbfontsize-464811&Prime; text_weight=\u00a0\u00bb400&Prime; text_space=\u00a0\u00bbfontspace-378815&Prime; sub_reduced=\u00a0\u00bbyes\u00a0\u00bb uncode_shortcode_id=\u00a0\u00bb172850&Prime;]SUR MESURE[\/vc_custom_heading][vc_custom_heading text_size=\u00a0\u00bbh1&Prime; text_weight=\u00a0\u00bb700&Prime; sub_lead=\u00a0\u00bbsmall\u00a0\u00bb uncode_shortcode_id=\u00a0\u00bb464009&Prime;]<span data-sheets-value=\"{&quot;1&quot;:2,&quot;2&quot;:&quot;Concevoir des combinaisons&quot;}\" data-sheets-userformat=\"{&quot;2&quot;:14847,&quot;3&quot;:{&quot;1&quot;:0,&quot;3&quot;:1},&quot;4&quot;:{&quot;1&quot;:2,&quot;2&quot;:16573901},&quot;5&quot;:{&quot;1&quot;:[{&quot;1&quot;:2,&quot;2&quot;:0,&quot;5&quot;:{&quot;1&quot;:0}},{&quot;1&quot;:0,&quot;2&quot;:0,&quot;3&quot;:3},{&quot;1&quot;:1,&quot;2&quot;:0,&quot;4&quot;:1}]},&quot;6&quot;:{&quot;1&quot;:[{&quot;1&quot;:2,&quot;2&quot;:0,&quot;5&quot;:{&quot;1&quot;:0}},{&quot;1&quot;:0,&quot;2&quot;:0,&quot;3&quot;:3},{&quot;1&quot;:1,&quot;2&quot;:0,&quot;4&quot;:1}]},&quot;7&quot;:{&quot;1&quot;:[{&quot;1&quot;:2,&quot;2&quot;:0,&quot;5&quot;:{&quot;1&quot;:0}},{&quot;1&quot;:0,&quot;2&quot;:0,&quot;3&quot;:3},{&quot;1&quot;:1,&quot;2&quot;:0,&quot;4&quot;:1}]},&quot;8&quot;:{&quot;1&quot;:[{&quot;1&quot;:2,&quot;2&quot;:0,&quot;5&quot;:{&quot;1&quot;:0}},{&quot;1&quot;:0,&quot;2&quot;:0,&quot;3&quot;:3},{&quot;1&quot;:1,&quot;2&quot;:0,&quot;4&quot;:1}]},&quot;9&quot;:1,&quot;10&quot;:1,&quot;11&quot;:4,&quot;14&quot;:{&quot;1&quot;:3,&quot;3&quot;:1},&quot;15&quot;:&quot;Open Sans&quot;,&quot;16&quot;:12}\">Concevoir des combinaisons<\/span>[\/vc_custom_heading][vc_column_text uncode_shortcode_id=\u00a0\u00bb139709&Prime; css=\u00a0\u00bb.vc_custom_1689846674482{margin-bottom: 32px !important;}\u00a0\u00bb]Gattoni garantit \u00e0 ses clients la possibilit\u00e9 de personnaliser chaque produit de la gamme, en fonction des exigences esth\u00e9tiques sp\u00e9cifiques ou des exigences de conception particuli\u00e8res.[\/vc_column_text][\/vc_column][\/vc_row][vc_row unlock_row_content=\u00a0\u00bbyes\u00a0\u00bb row_height_percent=\u00a0\u00bb0&Prime; override_padding=\u00a0\u00bbyes\u00a0\u00bb h_padding=\u00a0\u00bb2&Prime; top_padding=\u00a0\u00bb2&Prime; bottom_padding=\u00a0\u00bb2&Prime; overlay_alpha=\u00a0\u00bb50&Prime; equal_height=\u00a0\u00bbyes\u00a0\u00bb gutter_size=\u00a0\u00bb3&Prime; column_width_percent=\u00a0\u00bb100&Prime; shift_y=\u00a0\u00bb0&Prime; z_index=\u00a0\u00bb0&Prime; uncode_shortcode_id=\u00a0\u00bb632262&Prime;][vc_column column_width_percent=\u00a0\u00bb100&Prime; position_vertical=\u00a0\u00bbmiddle\u00a0\u00bb align_horizontal=\u00a0\u00bbalign_center\u00a0\u00bb gutter_size=\u00a0\u00bb2&Prime; override_padding=\u00a0\u00bbyes\u00a0\u00bb column_padding=\u00a0\u00bb5&Prime; back_image=\u00a0\u00bb536&Prime; back_repeat=\u00a0\u00bbno-repeat\u00a0\u00bb back_attachment=\u00a0\u00bbfixed\u00a0\u00bb kburns=\u00a0\u00bbyes\u00a0\u00bb overlay_color=\u00a0\u00bbcolor-jevc\u00a0\u00bb overlay_alpha=\u00a0\u00bb50&Prime; shift_x=\u00a0\u00bb0&Prime; shift_y=\u00a0\u00bb0&Prime; shift_y_down=\u00a0\u00bb0&Prime; z_index=\u00a0\u00bb0&Prime; medium_width=\u00a0\u00bb0&Prime; mobile_width=\u00a0\u00bb7&Prime; width=\u00a0\u00bb1\/2&Prime; uncode_shortcode_id=\u00a0\u00bb147138&Prime; overlay_color_type=\u00a0\u00bbuncode-palette\u00a0\u00bb][vc_custom_heading text_color=\u00a0\u00bbcolor-xsdn\u00a0\u00bb heading_semantic=\u00a0\u00bbh1&Prime; text_size=\u00a0\u00bbh1&Prime; uncode_shortcode_id=\u00a0\u00bb195186&Prime; text_color_type=\u00a0\u00bbuncode-palette\u00a0\u00bb]O\u00f9 acheter[\/vc_custom_heading][vc_column_text text_color=\u00a0\u00bbcolor-xsdn\u00a0\u00bb uncode_shortcode_id=\u00a0\u00bb631859&Prime; text_color_type=\u00a0\u00bbuncode-palette\u00a0\u00bb el_class=\u00a0\u00bbhome_text_final_pics\u00a0\u00bb]<span class=\"fontstyle0\">Trouvez le magasin le plus proche de chez vous<\/span>[\/vc_column_text][vc_button button_color=\u00a0\u00bbaccent\u00a0\u00bb border_width=\u00a0\u00bb0&Prime; scale_mobile=\u00a0\u00bbno\u00a0\u00bb button_color_type=\u00a0\u00bbuncode-palette\u00a0\u00bb uncode_shortcode_id=\u00a0\u00bb197675&Prime; link=\u00a0\u00bbtarget:_blank\u00a0\u00bb]D\u00c9COUVRIR[\/vc_button][\/vc_column][vc_column column_width_percent=\u00a0\u00bb100&Prime; position_vertical=\u00a0\u00bbmiddle\u00a0\u00bb align_horizontal=\u00a0\u00bbalign_center\u00a0\u00bb gutter_size=\u00a0\u00bb2&Prime; override_padding=\u00a0\u00bbyes\u00a0\u00bb column_padding=\u00a0\u00bb5&Prime; back_image=\u00a0\u00bb537&Prime; back_repeat=\u00a0\u00bbno-repeat\u00a0\u00bb back_attachment=\u00a0\u00bbfixed\u00a0\u00bb back_position=\u00a0\u00bbleft center\u00a0\u00bb kburns=\u00a0\u00bbyes\u00a0\u00bb overlay_color=\u00a0\u00bbcolor-jevc\u00a0\u00bb overlay_alpha=\u00a0\u00bb50&Prime; shift_x=\u00a0\u00bb0&Prime; shift_y=\u00a0\u00bb0&Prime; shift_y_down=\u00a0\u00bb0&Prime; z_index=\u00a0\u00bb0&Prime; medium_width=\u00a0\u00bb0&Prime; mobile_width=\u00a0\u00bb0&Prime; width=\u00a0\u00bb1\/2&Prime; uncode_shortcode_id=\u00a0\u00bb208048&Prime; overlay_color_type=\u00a0\u00bbuncode-palette\u00a0\u00bb][vc_custom_heading text_color=\u00a0\u00bbcolor-xsdn\u00a0\u00bb heading_semantic=\u00a0\u00bbh1&Prime; text_size=\u00a0\u00bbh1&Prime; uncode_shortcode_id=\u00a0\u00bb136918&Prime; text_color_type=\u00a0\u00bbuncode-palette\u00a0\u00bb]Entrons en contact[\/vc_custom_heading][vc_column_text text_color=\u00a0\u00bbcolor-xsdn\u00a0\u00bb uncode_shortcode_id=\u00a0\u00bb190019&Prime; text_color_type=\u00a0\u00bbuncode-palette\u00a0\u00bb el_class=\u00a0\u00bbhome_text_final_pics\u00a0\u00bb]<span class=\"fontstyle0\">Pour demander des informations et des devis<\/span>[\/vc_column_text][vc_button button_color=\u00a0\u00bbaccent\u00a0\u00bb border_width=\u00a0\u00bb0&Prime; scale_mobile=\u00a0\u00bbno\u00a0\u00bb button_color_type=\u00a0\u00bbuncode-palette\u00a0\u00bb uncode_shortcode_id=\u00a0\u00bb134227&Prime;]CONTACTS[\/vc_button][\/vc_column][\/vc_row]<\/p>\n<\/div>","protected":false},"excerpt":{"rendered":"<p>[vc_row row_height_percent=\u00a0\u00bb0&Prime; override_padding=\u00a0\u00bbyes\u00a0\u00bb h_padding=\u00a0\u00bb2&Prime; top_padding=\u00a0\u00bb3&Prime; bottom_padding=\u00a0\u00bb3&Prime; back_color=\u00a0\u00bbcolor-wayh\u00a0\u00bb overlay_alpha=\u00a0\u00bb50&Prime; gutter_size=\u00a0\u00bb3&Prime; column_width_percent=\u00a0\u00bb100&Prime; shift_y=\u00a0\u00bb0&Prime; z_index=\u00a0\u00bb0&Prime; uncode_shortcode_id=\u00a0\u00bb106312&Prime; back_color_type=\u00a0\u00bbuncode-palette\u00a0\u00bb][vc_column column_width_percent=\u00a0\u00bb80&Prime; position_vertical=\u00a0\u00bbmiddle\u00a0\u00bb align_horizontal=\u00a0\u00bbalign_center\u00a0\u00bb gutter_size=\u00a0\u00bb4&Prime; style=\u00a0\u00bbdark\u00a0\u00bb overlay_alpha=\u00a0\u00bb50&Prime; [&hellip;]<\/p>\n","protected":false},"author":2,"featured_media":0,"parent":0,"menu_order":0,"comment_status":"closed","ping_status":"closed","template":"","meta":{"footnotes":""},"class_list":["post-5525","page","type-page","status-publish","hentry"],"acf":[],"yoast_head":"<!-- This site is optimized with the Yoast SEO plugin v24.8.1 - https:\/\/yoast.com\/wordpress\/plugins\/seo\/ -->\n<title>O\u00f9 acheter - Gattoni Rubinetteria<\/title>\n<meta name=\"description\" content=\"Scopri dove trovare e acquistare i prodotti di Rubinetteria Gattoni\" \/>\n<meta name=\"robots\" content=\"index, follow, max-snippet:-1, max-image-preview:large, max-video-preview:-1\" \/>\n<link rel=\"canonical\" href=\"https:\/\/gattonirubinetteria.com\/fr\/ou-acheter\/\" \/>\n<meta property=\"og:locale\" content=\"fr_FR\" \/>\n<meta property=\"og:type\" content=\"article\" \/>\n<meta property=\"og:title\" content=\"O\u00f9 acheter - Gattoni Rubinetteria\" \/>\n<meta property=\"og:description\" content=\"Scopri dove trovare e acquistare i prodotti di Rubinetteria Gattoni\" \/>\n<meta property=\"og:url\" content=\"https:\/\/gattonirubinetteria.com\/fr\/ou-acheter\/\" \/>\n<meta property=\"og:site_name\" content=\"Gattoni Rubinetteria\" \/>\n<meta property=\"article:publisher\" content=\"https:\/\/www.facebook.com\/gattoniwaterinlove\" \/>\n<meta property=\"article:modified_time\" content=\"2023-10-26T14:12:56+00:00\" \/>\n<meta property=\"og:image\" content=\"https:\/\/gattonirubinetteria.com\/wp-content\/uploads\/2023\/06\/Gattoni-linea-industrial.jpg\" \/>\n\t<meta property=\"og:image:width\" content=\"1800\" \/>\n\t<meta property=\"og:image:height\" content=\"1080\" \/>\n\t<meta property=\"og:image:type\" content=\"image\/jpeg\" \/>\n<meta name=\"twitter:card\" content=\"summary_large_image\" \/>\n<meta name=\"twitter:label1\" content=\"Dur\u00e9e de lecture estim\u00e9e\" \/>\n\t<meta name=\"twitter:data1\" content=\"2 minutes\" \/>\n<script type=\"application\/ld+json\" class=\"yoast-schema-graph\">{\"@context\":\"https:\/\/schema.org\",\"@graph\":[{\"@type\":\"WebPage\",\"@id\":\"https:\/\/gattonirubinetteria.com\/fr\/ou-acheter\/\",\"url\":\"https:\/\/gattonirubinetteria.com\/fr\/ou-acheter\/\",\"name\":\"O\u00f9 acheter - Gattoni Rubinetteria\",\"isPartOf\":{\"@id\":\"https:\/\/gattonirubinetteria.it\/en\/#website\"},\"datePublished\":\"2022-07-12T12:54:52+00:00\",\"dateModified\":\"2023-10-26T14:12:56+00:00\",\"description\":\"Scopri dove trovare e acquistare i prodotti di Rubinetteria Gattoni\",\"breadcrumb\":{\"@id\":\"https:\/\/gattonirubinetteria.com\/fr\/ou-acheter\/#breadcrumb\"},\"inLanguage\":\"fr-FR\",\"potentialAction\":[{\"@type\":\"ReadAction\",\"target\":[\"https:\/\/gattonirubinetteria.com\/fr\/ou-acheter\/\"]}]},{\"@type\":\"BreadcrumbList\",\"@id\":\"https:\/\/gattonirubinetteria.com\/fr\/ou-acheter\/#breadcrumb\",\"itemListElement\":[{\"@type\":\"ListItem\",\"position\":1,\"name\":\"Home\",\"item\":\"https:\/\/gattonirubinetteria.it\/fr\/\"},{\"@type\":\"ListItem\",\"position\":2,\"name\":\"O\u00f9 acheter\"}]},{\"@type\":\"WebSite\",\"@id\":\"https:\/\/gattonirubinetteria.it\/en\/#website\",\"url\":\"https:\/\/gattonirubinetteria.it\/en\/\",\"name\":\"Gattoni Rubinetteria\",\"description\":\"WATER IN LOVE\",\"publisher\":{\"@id\":\"https:\/\/gattonirubinetteria.it\/en\/#organization\"},\"alternateName\":\"Gattoni Rubinetteria S.p.A\",\"potentialAction\":[{\"@type\":\"SearchAction\",\"target\":{\"@type\":\"EntryPoint\",\"urlTemplate\":\"https:\/\/gattonirubinetteria.it\/en\/?s={search_term_string}\"},\"query-input\":{\"@type\":\"PropertyValueSpecification\",\"valueRequired\":true,\"valueName\":\"search_term_string\"}}],\"inLanguage\":\"fr-FR\"},{\"@type\":\"Organization\",\"@id\":\"https:\/\/gattonirubinetteria.it\/en\/#organization\",\"name\":\"Gattoni Rubinetteria S.p.A\",\"alternateName\":\"Gattoni\",\"url\":\"https:\/\/gattonirubinetteria.it\/en\/\",\"logo\":{\"@type\":\"ImageObject\",\"inLanguage\":\"fr-FR\",\"@id\":\"https:\/\/gattonirubinetteria.it\/en\/#\/schema\/logo\/image\/\",\"url\":\"https:\/\/gattonirubinetteria.com\/wp-content\/uploads\/2022\/12\/gattoni-rubinetteria-logo.png\",\"contentUrl\":\"https:\/\/gattonirubinetteria.com\/wp-content\/uploads\/2022\/12\/gattoni-rubinetteria-logo.png\",\"width\":756,\"height\":223,\"caption\":\"Gattoni Rubinetteria S.p.A\"},\"image\":{\"@id\":\"https:\/\/gattonirubinetteria.it\/en\/#\/schema\/logo\/image\/\"},\"sameAs\":[\"https:\/\/www.facebook.com\/gattoniwaterinlove\",\"https:\/\/www.instagram.com\/gattonirubinetteria_official\/\",\"https:\/\/www.linkedin.com\/company\/gattoni-rubinetteria\/\"]}]}<\/script>\n<!-- \/ Yoast SEO plugin. -->","yoast_head_json":{"title":"O\u00f9 acheter - Gattoni Rubinetteria","description":"Scopri dove trovare e acquistare i prodotti di Rubinetteria Gattoni","robots":{"index":"index","follow":"follow","max-snippet":"max-snippet:-1","max-image-preview":"max-image-preview:large","max-video-preview":"max-video-preview:-1"},"canonical":"https:\/\/gattonirubinetteria.com\/fr\/ou-acheter\/","og_locale":"fr_FR","og_type":"article","og_title":"O\u00f9 acheter - Gattoni Rubinetteria","og_description":"Scopri dove trovare e acquistare i prodotti di Rubinetteria Gattoni","og_url":"https:\/\/gattonirubinetteria.com\/fr\/ou-acheter\/","og_site_name":"Gattoni Rubinetteria","article_publisher":"https:\/\/www.facebook.com\/gattoniwaterinlove","article_modified_time":"2023-10-26T14:12:56+00:00","og_image":[{"width":1800,"height":1080,"url":"https:\/\/gattonirubinetteria.com\/wp-content\/uploads\/2023\/06\/Gattoni-linea-industrial.jpg","type":"image\/jpeg"}],"twitter_card":"summary_large_image","twitter_misc":{"Dur\u00e9e de lecture estim\u00e9e":"2 minutes"},"schema":{"@context":"https:\/\/schema.org","@graph":[{"@type":"WebPage","@id":"https:\/\/gattonirubinetteria.com\/fr\/ou-acheter\/","url":"https:\/\/gattonirubinetteria.com\/fr\/ou-acheter\/","name":"O\u00f9 acheter - Gattoni Rubinetteria","isPartOf":{"@id":"https:\/\/gattonirubinetteria.it\/en\/#website"},"datePublished":"2022-07-12T12:54:52+00:00","dateModified":"2023-10-26T14:12:56+00:00","description":"Scopri dove trovare e acquistare i prodotti di Rubinetteria Gattoni","breadcrumb":{"@id":"https:\/\/gattonirubinetteria.com\/fr\/ou-acheter\/#breadcrumb"},"inLanguage":"fr-FR","potentialAction":[{"@type":"ReadAction","target":["https:\/\/gattonirubinetteria.com\/fr\/ou-acheter\/"]}]},{"@type":"BreadcrumbList","@id":"https:\/\/gattonirubinetteria.com\/fr\/ou-acheter\/#breadcrumb","itemListElement":[{"@type":"ListItem","position":1,"name":"Home","item":"https:\/\/gattonirubinetteria.it\/fr\/"},{"@type":"ListItem","position":2,"name":"O\u00f9 acheter"}]},{"@type":"WebSite","@id":"https:\/\/gattonirubinetteria.it\/en\/#website","url":"https:\/\/gattonirubinetteria.it\/en\/","name":"Gattoni Rubinetteria","description":"WATER IN LOVE","publisher":{"@id":"https:\/\/gattonirubinetteria.it\/en\/#organization"},"alternateName":"Gattoni Rubinetteria S.p.A","potentialAction":[{"@type":"SearchAction","target":{"@type":"EntryPoint","urlTemplate":"https:\/\/gattonirubinetteria.it\/en\/?s={search_term_string}"},"query-input":{"@type":"PropertyValueSpecification","valueRequired":true,"valueName":"search_term_string"}}],"inLanguage":"fr-FR"},{"@type":"Organization","@id":"https:\/\/gattonirubinetteria.it\/en\/#organization","name":"Gattoni Rubinetteria S.p.A","alternateName":"Gattoni","url":"https:\/\/gattonirubinetteria.it\/en\/","logo":{"@type":"ImageObject","inLanguage":"fr-FR","@id":"https:\/\/gattonirubinetteria.it\/en\/#\/schema\/logo\/image\/","url":"https:\/\/gattonirubinetteria.com\/wp-content\/uploads\/2022\/12\/gattoni-rubinetteria-logo.png","contentUrl":"https:\/\/gattonirubinetteria.com\/wp-content\/uploads\/2022\/12\/gattoni-rubinetteria-logo.png","width":756,"height":223,"caption":"Gattoni Rubinetteria S.p.A"},"image":{"@id":"https:\/\/gattonirubinetteria.it\/en\/#\/schema\/logo\/image\/"},"sameAs":["https:\/\/www.facebook.com\/gattoniwaterinlove","https:\/\/www.instagram.com\/gattonirubinetteria_official\/","https:\/\/www.linkedin.com\/company\/gattoni-rubinetteria\/"]}]}},"_links":{"self":[{"href":"https:\/\/gattonirubinetteria.com\/fr\/wp-json\/wp\/v2\/pages\/5525","targetHints":{"allow":["GET"]}}],"collection":[{"href":"https:\/\/gattonirubinetteria.com\/fr\/wp-json\/wp\/v2\/pages"}],"about":[{"href":"https:\/\/gattonirubinetteria.com\/fr\/wp-json\/wp\/v2\/types\/page"}],"author":[{"embeddable":true,"href":"https:\/\/gattonirubinetteria.com\/fr\/wp-json\/wp\/v2\/users\/2"}],"replies":[{"embeddable":true,"href":"https:\/\/gattonirubinetteria.com\/fr\/wp-json\/wp\/v2\/comments?post=5525"}],"version-history":[{"count":5,"href":"https:\/\/gattonirubinetteria.com\/fr\/wp-json\/wp\/v2\/pages\/5525\/revisions"}],"predecessor-version":[{"id":13794,"href":"https:\/\/gattonirubinetteria.com\/fr\/wp-json\/wp\/v2\/pages\/5525\/revisions\/13794"}],"wp:attachment":[{"href":"https:\/\/gattonirubinetteria.com\/fr\/wp-json\/wp\/v2\/media?parent=5525"}],"curies":[{"name":"wp","href":"https:\/\/api.w.org\/{rel}","templated":true}]}}