{"id":13442,"date":"2023-10-24T09:29:17","date_gmt":"2023-10-24T09:29:17","guid":{"rendered":"https:\/\/gattonirubinetteria.com\/cura\/"},"modified":"2023-10-26T10:20:02","modified_gmt":"2023-10-26T10:20:02","slug":"soin","status":"publish","type":"page","link":"https:\/\/gattonirubinetteria.com\/fr\/soin\/","title":{"rendered":"Soin"},"content":{"rendered":"<div class=\"wpb-content-wrapper\"><p>[vc_row row_height_percent=\u00a0\u00bb62&Prime; override_padding=\u00a0\u00bbyes\u00a0\u00bb h_padding=\u00a0\u00bb2&Prime; top_padding=\u00a0\u00bb5&Prime; bottom_padding=\u00a0\u00bb5&Prime; back_image=\u00a0\u00bb13466&Prime; back_position=\u00a0\u00bbcenter center\u00a0\u00bb kburns=\u00a0\u00bbyes\u00a0\u00bb overlay_color=\u00a0\u00bbcolor-wayh\u00a0\u00bb overlay_alpha=\u00a0\u00bb60&Prime; gutter_size=\u00a0\u00bb3&Prime; column_width_percent=\u00a0\u00bb100&Prime; shift_y=\u00a0\u00bb0&Prime; z_index=\u00a0\u00bb0&Prime; auto_height_device=\u00a0\u00bbyes\u00a0\u00bb uncode_shortcode_id=\u00a0\u00bb169182&Prime; overlay_color_type=\u00a0\u00bbuncode-palette\u00a0\u00bb][vc_column column_width_percent=\u00a0\u00bb100&Prime; position_vertical=\u00a0\u00bbmiddle\u00a0\u00bb gutter_size=\u00a0\u00bb2&Prime; style=\u00a0\u00bbdark\u00a0\u00bb overlay_alpha=\u00a0\u00bb50&Prime; shift_x=\u00a0\u00bb0&Prime; shift_y=\u00a0\u00bb0&Prime; shift_y_down=\u00a0\u00bb0&Prime; z_index=\u00a0\u00bb0&Prime; medium_width=\u00a0\u00bb0&Prime; mobile_width=\u00a0\u00bb0&Prime; width=\u00a0\u00bb1\/1&Prime; uncode_shortcode_id=\u00a0\u00bb146203&Prime;][vc_custom_heading text_size=\u00a0\u00bbfontsize-498391&Prime; text_weight=\u00a0\u00bb700&Prime; uncode_shortcode_id=\u00a0\u00bb142631&Prime;]Soin du produit[\/vc_custom_heading][\/vc_column][\/vc_row][vc_row row_height_percent=\u00a0\u00bb0&Prime; override_padding=\u00a0\u00bbyes\u00a0\u00bb h_padding=\u00a0\u00bb2&Prime; top_padding=\u00a0\u00bb3&Prime; bottom_padding=\u00a0\u00bb3&Prime; back_color=\u00a0\u00bbcolor-wayh\u00a0\u00bb overlay_alpha=\u00a0\u00bb50&Prime; gutter_size=\u00a0\u00bb3&Prime; column_width_percent=\u00a0\u00bb100&Prime; shift_y=\u00a0\u00bb0&Prime; z_index=\u00a0\u00bb0&Prime; uncode_shortcode_id=\u00a0\u00bb106312&Prime; back_color_type=\u00a0\u00bbuncode-palette\u00a0\u00bb][vc_column column_width_use_pixel=\u00a0\u00bbyes\u00a0\u00bb position_vertical=\u00a0\u00bbmiddle\u00a0\u00bb align_horizontal=\u00a0\u00bbalign_center\u00a0\u00bb gutter_size=\u00a0\u00bb4&Prime; style=\u00a0\u00bbdark\u00a0\u00bb overlay_alpha=\u00a0\u00bb50&Prime; shift_x=\u00a0\u00bb0&Prime; shift_y=\u00a0\u00bb0&Prime; shift_y_down=\u00a0\u00bb0&Prime; z_index=\u00a0\u00bb0&Prime; medium_width=\u00a0\u00bb0&Prime; mobile_width=\u00a0\u00bb0&Prime; width=\u00a0\u00bb1\/1&Prime; uncode_shortcode_id=\u00a0\u00bb617961&Prime;][vc_custom_heading text_size=\u00a0\u00bbh3&Prime; uncode_shortcode_id=\u00a0\u00bb204774&Prime;]Cher client,<br \/>\nmerci d\u2019avoir choisi un produit original GATTONI 100%<br \/>\nMade in Italy[\/vc_custom_heading][vc_column_text uncode_shortcode_id=\u00a0\u00bb204179&Prime;]r\u00e9alis\u00e9 avec des syst\u00e8mes industriels de derni\u00e8re g\u00e9n\u00e9ration dans le plein respect des normes internationales les plus restrictives.[\/vc_column_text][\/vc_column][\/vc_row][vc_row row_height_percent=\u00a0\u00bb0&Prime; override_padding=\u00a0\u00bbyes\u00a0\u00bb h_padding=\u00a0\u00bb2&Prime; top_padding=\u00a0\u00bb3&Prime; bottom_padding=\u00a0\u00bb3&Prime; back_color=\u00a0\u00bbcolor-xsdn\u00a0\u00bb overlay_alpha=\u00a0\u00bb50&Prime; gutter_size=\u00a0\u00bb3&Prime; column_width_percent=\u00a0\u00bb100&Prime; shift_y=\u00a0\u00bb0&Prime; z_index=\u00a0\u00bb0&Prime; uncode_shortcode_id=\u00a0\u00bb177156&Prime; back_color_type=\u00a0\u00bbuncode-palette\u00a0\u00bb][vc_column width=\u00a0\u00bb1\/1&Prime;][vc_custom_heading heading_semantic=\u00a0\u00bbh3&Prime; text_size=\u00a0\u00bbh3&Prime; uncode_shortcode_id=\u00a0\u00bb210275&Prime;]Finitions artisanales de haute qualit\u00e9[\/vc_custom_heading][vc_column_text uncode_shortcode_id=\u00a0\u00bb128345&Prime;]Les finitions de GATTONI Rubinetteria S.p.A. sont le r\u00e9sultat d\u2019un travail artisanal de haute qualit\u00e9 r\u00e9alis\u00e9 au sein de notre entreprise avec soin et attention. Les \u00e9ventuelles diff\u00e9rences de brossage, de couleur ou de teinte ne doivent pas \u00eatre consid\u00e9r\u00e9es comme des d\u00e9fauts mais comme des caract\u00e9ristiques d\u2019unicit\u00e9 du travail artisanal.[\/vc_column_text][\/vc_column][\/vc_row][vc_row row_height_percent=\u00a0\u00bb0&Prime; override_padding=\u00a0\u00bbyes\u00a0\u00bb h_padding=\u00a0\u00bb2&Prime; top_padding=\u00a0\u00bb3&Prime; bottom_padding=\u00a0\u00bb3&Prime; back_color=\u00a0\u00bbcolor-xsdn\u00a0\u00bb overlay_alpha=\u00a0\u00bb50&Prime; gutter_size=\u00a0\u00bb3&Prime; column_width_percent=\u00a0\u00bb100&Prime; shift_y=\u00a0\u00bb0&Prime; z_index=\u00a0\u00bb0&Prime; uncode_shortcode_id=\u00a0\u00bb177156&Prime; back_color_type=\u00a0\u00bbuncode-palette\u00a0\u00bb][vc_column width=\u00a0\u00bb1\/1&Prime;][vc_custom_heading heading_semantic=\u00a0\u00bbh3&Prime; text_size=\u00a0\u00bbh3&Prime; uncode_shortcode_id=\u00a0\u00bb185811&Prime;]<i class=\"fa fa-exclamation-triangle\" aria-hidden=\"true\"><\/i>\u00a0Instructions pour le nettoyage et l\u2019entretien[\/vc_custom_heading][vc_column_text uncode_shortcode_id=\u00a0\u00bb191568&Prime;]<strong>TOUTES LES FINITIONS DOIVENT \u00caTRE<\/strong> quotidiennement et\/ou apr\u00e8s chaque utilisation nettoy\u00e9es avec de l\u2019eau, du savon neutre liquide et s\u00e9ch\u00e9es avec un chiffon doux afin d\u2019\u00e9viter que les gouttes d\u2019eau pr\u00e9sentes sur le produit ne provoquent la formation de d\u00e9p\u00f4ts de calcaire et l\u2019endommagement irr\u00e9parable des finitions.<\/p>\n<p><strong>NE JAMAIS UTILISER<\/strong> produits chimiques et anticalcaire, alcool, d\u00e9tergents, abrasifs, solvants, substances \u00e0 base d\u2019acide muriatique, chlorhydrique, formique, phosphorique, ac\u00e9tique, ammoniaque, ac\u00e9tone, eau de Javel, acides domestiques, d\u00e9sinfectants divers, paillettes et\/ou \u00e9ponges abrasives, rugueux et\/ou m\u00e9talliques qui pourraient endommager irr\u00e9parablement la finition.<\/p>\n<p><strong>\u00c9VITER<\/strong> le contact des finitions avec des produits de toilette ou chimiques, des mat\u00e9riaux de construction (ciment, colles, etc.), des lubrifiants et des mastics (colles, silicones, etc.).<\/p>\n<p><strong>NE JAMAIS INSTALLER<\/strong> les produits dans des locaux non a\u00e9r\u00e9s avec:<\/p>\n<ul>\n<li>des vapeurs \u00e9lev\u00e9es de produits chimiques en cours de s\u00e9chage (colles, silicones, etc.),<\/li>\n<li>vapeurs de toutes sortes,<\/li>\n<li>d\u00e9gagements de siphons \u00e9vacu\u00e9s,<\/li>\n<li>atmosph\u00e8re acide,<\/li>\n<li>une salinit\u00e9 \u00e9lev\u00e9e dans l\u2019air.<\/li>\n<\/ul>\n<p><span style=\"text-decoration: underline;\"><strong>IMPORTANT<\/strong>: L\u2019absence continue d\u2019entretien et de nettoyage quotidien ad\u00e9quat, l\u2019utilisation de produits inadapt\u00e9s pour le nettoyage et le non-respect des prescriptions ci-dessus entra\u00eenent la perte de la garantie sur les finitions.<\/span>[\/vc_column_text][\/vc_column][\/vc_row][vc_row unlock_row_content=\u00a0\u00bbyes\u00a0\u00bb row_height_percent=\u00a0\u00bb0&Prime; override_padding=\u00a0\u00bbyes\u00a0\u00bb h_padding=\u00a0\u00bb2&Prime; top_padding=\u00a0\u00bb2&Prime; bottom_padding=\u00a0\u00bb2&Prime; overlay_alpha=\u00a0\u00bb50&Prime; equal_height=\u00a0\u00bbyes\u00a0\u00bb gutter_size=\u00a0\u00bb3&Prime; column_width_percent=\u00a0\u00bb100&Prime; shift_y=\u00a0\u00bb0&Prime; z_index=\u00a0\u00bb0&Prime; uncode_shortcode_id=\u00a0\u00bb632262&Prime;][vc_column column_width_percent=\u00a0\u00bb100&Prime; position_vertical=\u00a0\u00bbmiddle\u00a0\u00bb align_horizontal=\u00a0\u00bbalign_center\u00a0\u00bb gutter_size=\u00a0\u00bb2&Prime; override_padding=\u00a0\u00bbyes\u00a0\u00bb column_padding=\u00a0\u00bb5&Prime; back_image=\u00a0\u00bb536&Prime; back_repeat=\u00a0\u00bbno-repeat\u00a0\u00bb back_attachment=\u00a0\u00bbfixed\u00a0\u00bb kburns=\u00a0\u00bbyes\u00a0\u00bb overlay_color=\u00a0\u00bbcolor-jevc\u00a0\u00bb overlay_alpha=\u00a0\u00bb50&Prime; shift_x=\u00a0\u00bb0&Prime; shift_y=\u00a0\u00bb0&Prime; shift_y_down=\u00a0\u00bb0&Prime; z_index=\u00a0\u00bb0&Prime; medium_width=\u00a0\u00bb0&Prime; mobile_width=\u00a0\u00bb7&Prime; width=\u00a0\u00bb1\/2&Prime; uncode_shortcode_id=\u00a0\u00bb147138&Prime; overlay_color_type=\u00a0\u00bbuncode-palette\u00a0\u00bb][vc_custom_heading text_color=\u00a0\u00bbcolor-xsdn\u00a0\u00bb heading_semantic=\u00a0\u00bbh1&Prime; text_size=\u00a0\u00bbh1&Prime; uncode_shortcode_id=\u00a0\u00bb195186&Prime; text_color_type=\u00a0\u00bbuncode-palette\u00a0\u00bb]O\u00f9 acheter[\/vc_custom_heading][vc_column_text text_color=\u00a0\u00bbcolor-xsdn\u00a0\u00bb uncode_shortcode_id=\u00a0\u00bb631859&Prime; text_color_type=\u00a0\u00bbuncode-palette\u00a0\u00bb el_class=\u00a0\u00bbhome_text_final_pics\u00a0\u00bb]<span class=\"fontstyle0\">Trouvez le magasin le plus proche de chez vous<\/span>[\/vc_column_text][vc_button button_color=\u00a0\u00bbaccent\u00a0\u00bb border_width=\u00a0\u00bb0&Prime; scale_mobile=\u00a0\u00bbno\u00a0\u00bb button_color_type=\u00a0\u00bbuncode-palette\u00a0\u00bb uncode_shortcode_id=\u00a0\u00bb537447&Prime; link=\u00a0\u00bburl:https%3A%2F%2Fwww.gattonirubinetteria.com%2Ffr%2Fou-acheter%2F|target:_blank\u00a0\u00bb]D\u00c9COUVRIR[\/vc_button][\/vc_column][vc_column column_width_percent=\u00a0\u00bb100&Prime; position_vertical=\u00a0\u00bbmiddle\u00a0\u00bb align_horizontal=\u00a0\u00bbalign_center\u00a0\u00bb gutter_size=\u00a0\u00bb2&Prime; override_padding=\u00a0\u00bbyes\u00a0\u00bb column_padding=\u00a0\u00bb5&Prime; back_image=\u00a0\u00bb537&Prime; back_repeat=\u00a0\u00bbno-repeat\u00a0\u00bb back_attachment=\u00a0\u00bbfixed\u00a0\u00bb back_position=\u00a0\u00bbleft center\u00a0\u00bb kburns=\u00a0\u00bbyes\u00a0\u00bb overlay_color=\u00a0\u00bbcolor-jevc\u00a0\u00bb overlay_alpha=\u00a0\u00bb50&Prime; shift_x=\u00a0\u00bb0&Prime; shift_y=\u00a0\u00bb0&Prime; shift_y_down=\u00a0\u00bb0&Prime; z_index=\u00a0\u00bb0&Prime; medium_width=\u00a0\u00bb0&Prime; mobile_width=\u00a0\u00bb0&Prime; width=\u00a0\u00bb1\/2&Prime; uncode_shortcode_id=\u00a0\u00bb208048&Prime; overlay_color_type=\u00a0\u00bbuncode-palette\u00a0\u00bb][vc_custom_heading text_color=\u00a0\u00bbcolor-xsdn\u00a0\u00bb heading_semantic=\u00a0\u00bbh1&Prime; text_size=\u00a0\u00bbh1&Prime; uncode_shortcode_id=\u00a0\u00bb129294&Prime; text_color_type=\u00a0\u00bbuncode-palette\u00a0\u00bb]Entrons en contact[\/vc_custom_heading][vc_column_text text_color=\u00a0\u00bbcolor-xsdn\u00a0\u00bb uncode_shortcode_id=\u00a0\u00bb190019&Prime; text_color_type=\u00a0\u00bbuncode-palette\u00a0\u00bb el_class=\u00a0\u00bbhome_text_final_pics\u00a0\u00bb]<span class=\"fontstyle0\">Pour demander des informations et des devis<\/span>[\/vc_column_text][vc_button button_color=\u00a0\u00bbaccent\u00a0\u00bb border_width=\u00a0\u00bb0&Prime; scale_mobile=\u00a0\u00bbno\u00a0\u00bb button_color_type=\u00a0\u00bbuncode-palette\u00a0\u00bb uncode_shortcode_id=\u00a0\u00bb981476&Prime; link=\u00a0\u00bburl:https%3A%2F%2Fwww.gattonirubinetteria.com%2Ffr%2Fcontacts%2F\u00a0\u00bb]CONTACTS[\/vc_button][\/vc_column][\/vc_row]<\/p>\n<\/div>","protected":false},"excerpt":{"rendered":"<p>[vc_row row_height_percent=\u00a0\u00bb62&Prime; override_padding=\u00a0\u00bbyes\u00a0\u00bb h_padding=\u00a0\u00bb2&Prime; top_padding=\u00a0\u00bb5&Prime; bottom_padding=\u00a0\u00bb5&Prime; back_image=\u00a0\u00bb13466&Prime; back_position=\u00a0\u00bbcenter center\u00a0\u00bb kburns=\u00a0\u00bbyes\u00a0\u00bb overlay_color=\u00a0\u00bbcolor-wayh\u00a0\u00bb overlay_alpha=\u00a0\u00bb60&Prime; gutter_size=\u00a0\u00bb3&Prime; column_width_percent=\u00a0\u00bb100&Prime; shift_y=\u00a0\u00bb0&Prime; z_index=\u00a0\u00bb0&Prime; auto_height_device=\u00a0\u00bbyes\u00a0\u00bb uncode_shortcode_id=\u00a0\u00bb169182&Prime; overlay_color_type=\u00a0\u00bbuncode-palette\u00a0\u00bb][vc_column column_width_percent=\u00a0\u00bb100&Prime; [&hellip;]<\/p>\n","protected":false},"author":2,"featured_media":0,"parent":0,"menu_order":0,"comment_status":"closed","ping_status":"closed","template":"","meta":{"footnotes":""},"class_list":["post-13442","page","type-page","status-publish","hentry"],"acf":[],"yoast_head":"<!-- This site is optimized with the Yoast SEO plugin v24.8.1 - https:\/\/yoast.com\/wordpress\/plugins\/seo\/ -->\n<title>Soin - Gattoni Rubinetteria<\/title>\n<meta name=\"description\" content=\"Il marchio Gattoni Rubinetteria \u00e8 oggi sinonimo di design Made in Italy e qualit\u00e0 esclusiva in tutto il mondo.\" \/>\n<meta name=\"robots\" content=\"index, follow, max-snippet:-1, max-image-preview:large, max-video-preview:-1\" \/>\n<link rel=\"canonical\" href=\"https:\/\/gattonirubinetteria.com\/fr\/soin\/\" \/>\n<meta property=\"og:locale\" content=\"fr_FR\" \/>\n<meta property=\"og:type\" content=\"article\" \/>\n<meta property=\"og:title\" content=\"Soin - Gattoni Rubinetteria\" \/>\n<meta property=\"og:description\" content=\"Il marchio Gattoni Rubinetteria \u00e8 oggi sinonimo di design Made in Italy e qualit\u00e0 esclusiva in tutto il mondo.\" \/>\n<meta property=\"og:url\" content=\"https:\/\/gattonirubinetteria.com\/fr\/soin\/\" \/>\n<meta property=\"og:site_name\" content=\"Gattoni Rubinetteria\" \/>\n<meta property=\"article:publisher\" content=\"https:\/\/www.facebook.com\/gattoniwaterinlove\" \/>\n<meta property=\"article:modified_time\" content=\"2023-10-26T10:20:02+00:00\" \/>\n<meta property=\"og:image\" content=\"https:\/\/gattonirubinetteria.com\/wp-content\/uploads\/2023\/06\/Gattoni-linea-industrial.jpg\" \/>\n\t<meta property=\"og:image:width\" content=\"1800\" \/>\n\t<meta property=\"og:image:height\" content=\"1080\" \/>\n\t<meta property=\"og:image:type\" content=\"image\/jpeg\" \/>\n<meta name=\"twitter:card\" content=\"summary_large_image\" \/>\n<meta name=\"twitter:label1\" content=\"Dur\u00e9e de lecture estim\u00e9e\" \/>\n\t<meta name=\"twitter:data1\" content=\"3 minutes\" \/>\n<script type=\"application\/ld+json\" class=\"yoast-schema-graph\">{\"@context\":\"https:\/\/schema.org\",\"@graph\":[{\"@type\":\"WebPage\",\"@id\":\"https:\/\/gattonirubinetteria.com\/fr\/soin\/\",\"url\":\"https:\/\/gattonirubinetteria.com\/fr\/soin\/\",\"name\":\"Soin - Gattoni Rubinetteria\",\"isPartOf\":{\"@id\":\"https:\/\/gattonirubinetteria.com\/fr\/#website\"},\"datePublished\":\"2023-10-24T09:29:17+00:00\",\"dateModified\":\"2023-10-26T10:20:02+00:00\",\"description\":\"Il marchio Gattoni Rubinetteria \u00e8 oggi sinonimo di design Made in Italy e qualit\u00e0 esclusiva in tutto il mondo.\",\"breadcrumb\":{\"@id\":\"https:\/\/gattonirubinetteria.com\/fr\/soin\/#breadcrumb\"},\"inLanguage\":\"fr-FR\",\"potentialAction\":[{\"@type\":\"ReadAction\",\"target\":[\"https:\/\/gattonirubinetteria.com\/fr\/soin\/\"]}]},{\"@type\":\"BreadcrumbList\",\"@id\":\"https:\/\/gattonirubinetteria.com\/fr\/soin\/#breadcrumb\",\"itemListElement\":[{\"@type\":\"ListItem\",\"position\":1,\"name\":\"Home\",\"item\":\"https:\/\/gattonirubinetteria.com\/fr\/\"},{\"@type\":\"ListItem\",\"position\":2,\"name\":\"Soin\"}]},{\"@type\":\"WebSite\",\"@id\":\"https:\/\/gattonirubinetteria.com\/fr\/#website\",\"url\":\"https:\/\/gattonirubinetteria.com\/fr\/\",\"name\":\"Gattoni Rubinetteria\",\"description\":\"WATER IN LOVE\",\"publisher\":{\"@id\":\"https:\/\/gattonirubinetteria.com\/fr\/#organization\"},\"alternateName\":\"Gattoni Rubinetteria S.p.A\",\"potentialAction\":[{\"@type\":\"SearchAction\",\"target\":{\"@type\":\"EntryPoint\",\"urlTemplate\":\"https:\/\/gattonirubinetteria.com\/fr\/?s={search_term_string}\"},\"query-input\":{\"@type\":\"PropertyValueSpecification\",\"valueRequired\":true,\"valueName\":\"search_term_string\"}}],\"inLanguage\":\"fr-FR\"},{\"@type\":\"Organization\",\"@id\":\"https:\/\/gattonirubinetteria.com\/fr\/#organization\",\"name\":\"Gattoni Rubinetteria S.p.A\",\"alternateName\":\"Gattoni\",\"url\":\"https:\/\/gattonirubinetteria.com\/fr\/\",\"logo\":{\"@type\":\"ImageObject\",\"inLanguage\":\"fr-FR\",\"@id\":\"https:\/\/gattonirubinetteria.com\/fr\/#\/schema\/logo\/image\/\",\"url\":\"https:\/\/gattonirubinetteria.com\/wp-content\/uploads\/2022\/12\/gattoni-rubinetteria-logo.png\",\"contentUrl\":\"https:\/\/gattonirubinetteria.com\/wp-content\/uploads\/2022\/12\/gattoni-rubinetteria-logo.png\",\"width\":756,\"height\":223,\"caption\":\"Gattoni Rubinetteria S.p.A\"},\"image\":{\"@id\":\"https:\/\/gattonirubinetteria.com\/fr\/#\/schema\/logo\/image\/\"},\"sameAs\":[\"https:\/\/www.facebook.com\/gattoniwaterinlove\",\"https:\/\/www.instagram.com\/gattonirubinetteria_official\/\",\"https:\/\/www.linkedin.com\/company\/gattoni-rubinetteria\/\"]}]}<\/script>\n<!-- \/ Yoast SEO plugin. -->","yoast_head_json":{"title":"Soin - Gattoni Rubinetteria","description":"Il marchio Gattoni Rubinetteria \u00e8 oggi sinonimo di design Made in Italy e qualit\u00e0 esclusiva in tutto il mondo.","robots":{"index":"index","follow":"follow","max-snippet":"max-snippet:-1","max-image-preview":"max-image-preview:large","max-video-preview":"max-video-preview:-1"},"canonical":"https:\/\/gattonirubinetteria.com\/fr\/soin\/","og_locale":"fr_FR","og_type":"article","og_title":"Soin - Gattoni Rubinetteria","og_description":"Il marchio Gattoni Rubinetteria \u00e8 oggi sinonimo di design Made in Italy e qualit\u00e0 esclusiva in tutto il mondo.","og_url":"https:\/\/gattonirubinetteria.com\/fr\/soin\/","og_site_name":"Gattoni Rubinetteria","article_publisher":"https:\/\/www.facebook.com\/gattoniwaterinlove","article_modified_time":"2023-10-26T10:20:02+00:00","og_image":[{"width":1800,"height":1080,"url":"https:\/\/gattonirubinetteria.com\/wp-content\/uploads\/2023\/06\/Gattoni-linea-industrial.jpg","type":"image\/jpeg"}],"twitter_card":"summary_large_image","twitter_misc":{"Dur\u00e9e de lecture estim\u00e9e":"3 minutes"},"schema":{"@context":"https:\/\/schema.org","@graph":[{"@type":"WebPage","@id":"https:\/\/gattonirubinetteria.com\/fr\/soin\/","url":"https:\/\/gattonirubinetteria.com\/fr\/soin\/","name":"Soin - Gattoni Rubinetteria","isPartOf":{"@id":"https:\/\/gattonirubinetteria.com\/fr\/#website"},"datePublished":"2023-10-24T09:29:17+00:00","dateModified":"2023-10-26T10:20:02+00:00","description":"Il marchio Gattoni Rubinetteria \u00e8 oggi sinonimo di design Made in Italy e qualit\u00e0 esclusiva in tutto il mondo.","breadcrumb":{"@id":"https:\/\/gattonirubinetteria.com\/fr\/soin\/#breadcrumb"},"inLanguage":"fr-FR","potentialAction":[{"@type":"ReadAction","target":["https:\/\/gattonirubinetteria.com\/fr\/soin\/"]}]},{"@type":"BreadcrumbList","@id":"https:\/\/gattonirubinetteria.com\/fr\/soin\/#breadcrumb","itemListElement":[{"@type":"ListItem","position":1,"name":"Home","item":"https:\/\/gattonirubinetteria.com\/fr\/"},{"@type":"ListItem","position":2,"name":"Soin"}]},{"@type":"WebSite","@id":"https:\/\/gattonirubinetteria.com\/fr\/#website","url":"https:\/\/gattonirubinetteria.com\/fr\/","name":"Gattoni Rubinetteria","description":"WATER IN LOVE","publisher":{"@id":"https:\/\/gattonirubinetteria.com\/fr\/#organization"},"alternateName":"Gattoni Rubinetteria S.p.A","potentialAction":[{"@type":"SearchAction","target":{"@type":"EntryPoint","urlTemplate":"https:\/\/gattonirubinetteria.com\/fr\/?s={search_term_string}"},"query-input":{"@type":"PropertyValueSpecification","valueRequired":true,"valueName":"search_term_string"}}],"inLanguage":"fr-FR"},{"@type":"Organization","@id":"https:\/\/gattonirubinetteria.com\/fr\/#organization","name":"Gattoni Rubinetteria S.p.A","alternateName":"Gattoni","url":"https:\/\/gattonirubinetteria.com\/fr\/","logo":{"@type":"ImageObject","inLanguage":"fr-FR","@id":"https:\/\/gattonirubinetteria.com\/fr\/#\/schema\/logo\/image\/","url":"https:\/\/gattonirubinetteria.com\/wp-content\/uploads\/2022\/12\/gattoni-rubinetteria-logo.png","contentUrl":"https:\/\/gattonirubinetteria.com\/wp-content\/uploads\/2022\/12\/gattoni-rubinetteria-logo.png","width":756,"height":223,"caption":"Gattoni Rubinetteria S.p.A"},"image":{"@id":"https:\/\/gattonirubinetteria.com\/fr\/#\/schema\/logo\/image\/"},"sameAs":["https:\/\/www.facebook.com\/gattoniwaterinlove","https:\/\/www.instagram.com\/gattonirubinetteria_official\/","https:\/\/www.linkedin.com\/company\/gattoni-rubinetteria\/"]}]}},"_links":{"self":[{"href":"https:\/\/gattonirubinetteria.com\/fr\/wp-json\/wp\/v2\/pages\/13442","targetHints":{"allow":["GET"]}}],"collection":[{"href":"https:\/\/gattonirubinetteria.com\/fr\/wp-json\/wp\/v2\/pages"}],"about":[{"href":"https:\/\/gattonirubinetteria.com\/fr\/wp-json\/wp\/v2\/types\/page"}],"author":[{"embeddable":true,"href":"https:\/\/gattonirubinetteria.com\/fr\/wp-json\/wp\/v2\/users\/2"}],"replies":[{"embeddable":true,"href":"https:\/\/gattonirubinetteria.com\/fr\/wp-json\/wp\/v2\/comments?post=13442"}],"version-history":[{"count":4,"href":"https:\/\/gattonirubinetteria.com\/fr\/wp-json\/wp\/v2\/pages\/13442\/revisions"}],"predecessor-version":[{"id":13692,"href":"https:\/\/gattonirubinetteria.com\/fr\/wp-json\/wp\/v2\/pages\/13442\/revisions\/13692"}],"wp:attachment":[{"href":"https:\/\/gattonirubinetteria.com\/fr\/wp-json\/wp\/v2\/media?parent=13442"}],"curies":[{"name":"wp","href":"https:\/\/api.w.org\/{rel}","templated":true}]}}