{"id":13678,"date":"2023-10-24T09:29:17","date_gmt":"2023-10-24T09:29:17","guid":{"rendered":"https:\/\/gattonirubinetteria.com\/cura\/"},"modified":"2023-10-26T10:19:52","modified_gmt":"2023-10-26T10:19:52","slug":"cura","status":"publish","type":"page","link":"https:\/\/gattonirubinetteria.com\/es\/cura\/","title":{"rendered":"Cuidados de limpieza"},"content":{"rendered":"<div class=\"wpb-content-wrapper\"><p>[vc_row row_height_percent=\u00bb62&#8243; override_padding=\u00bbyes\u00bb h_padding=\u00bb2&#8243; top_padding=\u00bb5&#8243; bottom_padding=\u00bb5&#8243; back_image=\u00bb13464&#8243; back_position=\u00bbcenter center\u00bb kburns=\u00bbyes\u00bb overlay_color=\u00bbcolor-wayh\u00bb overlay_alpha=\u00bb60&#8243; gutter_size=\u00bb3&#8243; column_width_percent=\u00bb100&#8243; shift_y=\u00bb0&#8243; z_index=\u00bb0&#8243; auto_height_device=\u00bbyes\u00bb uncode_shortcode_id=\u00bb117460&#8243; overlay_color_type=\u00bbuncode-palette\u00bb][vc_column column_width_percent=\u00bb100&#8243; position_vertical=\u00bbmiddle\u00bb gutter_size=\u00bb2&#8243; style=\u00bbdark\u00bb overlay_alpha=\u00bb50&#8243; shift_x=\u00bb0&#8243; shift_y=\u00bb0&#8243; shift_y_down=\u00bb0&#8243; z_index=\u00bb0&#8243; medium_width=\u00bb0&#8243; mobile_width=\u00bb0&#8243; width=\u00bb1\/1&#8243; uncode_shortcode_id=\u00bb146203&#8243;][vc_custom_heading text_size=\u00bbfontsize-498391&#8243; text_weight=\u00bb700&#8243; uncode_shortcode_id=\u00bb762393&#8243;]Cuidado del producto[\/vc_custom_heading][\/vc_column][\/vc_row][vc_row row_height_percent=\u00bb0&#8243; override_padding=\u00bbyes\u00bb h_padding=\u00bb2&#8243; top_padding=\u00bb3&#8243; bottom_padding=\u00bb3&#8243; back_color=\u00bbcolor-wayh\u00bb overlay_alpha=\u00bb50&#8243; gutter_size=\u00bb3&#8243; column_width_percent=\u00bb100&#8243; shift_y=\u00bb0&#8243; z_index=\u00bb0&#8243; uncode_shortcode_id=\u00bb106312&#8243; back_color_type=\u00bbuncode-palette\u00bb][vc_column column_width_use_pixel=\u00bbyes\u00bb position_vertical=\u00bbmiddle\u00bb align_horizontal=\u00bbalign_center\u00bb gutter_size=\u00bb4&#8243; style=\u00bbdark\u00bb overlay_alpha=\u00bb50&#8243; shift_x=\u00bb0&#8243; shift_y=\u00bb0&#8243; shift_y_down=\u00bb0&#8243; z_index=\u00bb0&#8243; medium_width=\u00bb0&#8243; mobile_width=\u00bb0&#8243; width=\u00bb1\/1&#8243; uncode_shortcode_id=\u00bb617961&#8243;][vc_custom_heading text_size=\u00bbh3&#8243; uncode_shortcode_id=\u00bb113900&#8243;]Estimado cliente<br \/>\ngracias por elegir un producto original GATTONI 100%.<br \/>\nHecho en Italia[\/vc_custom_heading][vc_column_text uncode_shortcode_id=\u00bb530637&#8243;]fabricados con sistemas industriales de \u00faltima generaci\u00f3n que cumplen plenamente las normas internacionales m\u00e1s estrictas.[\/vc_column_text][\/vc_column][\/vc_row][vc_row row_height_percent=\u00bb0&#8243; override_padding=\u00bbyes\u00bb h_padding=\u00bb2&#8243; top_padding=\u00bb3&#8243; bottom_padding=\u00bb3&#8243; back_color=\u00bbcolor-xsdn\u00bb overlay_alpha=\u00bb50&#8243; gutter_size=\u00bb3&#8243; column_width_percent=\u00bb100&#8243; shift_y=\u00bb0&#8243; z_index=\u00bb0&#8243; uncode_shortcode_id=\u00bb177156&#8243; back_color_type=\u00bbuncode-palette\u00bb][vc_column width=\u00bb1\/1&#8243;][vc_custom_heading heading_semantic=\u00bbh3&#8243; text_size=\u00bbh3&#8243; uncode_shortcode_id=\u00bb138645&#8243;]Acabados artesanales de alta calidad[\/vc_custom_heading][vc_column_text uncode_shortcode_id=\u00bb759323&#8243;]Los acabados de GATTONI Rubinetteria S.p.A. son el resultado de un trabajo artesanal de alta calidad realizado internamente con sumo cuidado y atenci\u00f3n. Las diferencias de cepillado, color o tono no deben considerarse defectos, sino caracter\u00edsticas \u00fanicas de la artesan\u00eda.[\/vc_column_text][\/vc_column][\/vc_row][vc_row row_height_percent=\u00bb0&#8243; override_padding=\u00bbyes\u00bb h_padding=\u00bb2&#8243; top_padding=\u00bb3&#8243; bottom_padding=\u00bb3&#8243; back_color=\u00bbcolor-xsdn\u00bb overlay_alpha=\u00bb50&#8243; gutter_size=\u00bb3&#8243; column_width_percent=\u00bb100&#8243; shift_y=\u00bb0&#8243; z_index=\u00bb0&#8243; uncode_shortcode_id=\u00bb177156&#8243; back_color_type=\u00bbuncode-palette\u00bb][vc_column width=\u00bb1\/1&#8243;][vc_custom_heading heading_semantic=\u00bbh3&#8243; text_size=\u00bbh3&#8243; uncode_shortcode_id=\u00bb133608&#8243;]<i class=\"fa fa-exclamation-triangle\" aria-hidden=\"true\"><\/i>\u00a0Instrucciones de limpieza y cuidado[\/vc_custom_heading][vc_column_text uncode_shortcode_id=\u00bb181990&#8243;]<strong>TODOS LOS ACABADOS DEBEN SER<\/strong> diariamente y\/o despu\u00e9s de cada uso limpiados con agua, jab\u00f3n l\u00edquido neutro y s\u00e9quelo con un pa\u00f1o suave para evitar que las gotas de agua presentes en el producto provoquen la formaci\u00f3n de dep\u00f3sitos de cal y el da\u00f1o irreparable de los acabados.<\/p>\n<p><strong>NUNCA UTILICE<\/strong> productos qu\u00edmicos y descalcificadores, alcohol, detergentes, abrasivos, disolventes, sustancias a base de \u00e1cido muri\u00e1tico, clorh\u00eddrico, f\u00f3rmico, fosf\u00f3rico, ac\u00e9tico, amoniaco, acetona, lej\u00eda, \u00e1cidos dom\u00e9sticos, desinfectantes diversos, estropajos y\/o esponjas abrasivas, \u00e1speras y\/o met\u00e1licas que podr\u00edan arruinar irreparablemente el acabado.<\/p>\n<p><strong>EVITAR<\/strong> el contacto de los acabados con productos de tocador o qu\u00edmicos, materiales de construcci\u00f3n (cemento, adhesivos, etc.), lubricantes y sellantes (colas, siliconas, etc.).<\/p>\n<p><strong>NO INSTALAR NUNCA <\/strong>los productos en locales no aireados con:<\/p>\n<ul>\n<li>xhalaciones elevadas de productos qu\u00edmicos durante el secado (colas, siliconas, etc.),<\/li>\n<li>vapores de diversos tipos,<\/li>\n<li>gases de escape de los sifones,<\/li>\n<li>atm\u00f3sfera \u00e1cida,<\/li>\n<li>valores elevados de salinidad en el aire.<\/li>\n<\/ul>\n<p><span style=\"text-decoration: underline;\"><strong>IMPORTANTE<\/strong>: La ausencia continua de mantenimiento adecuado y limpieza diaria, el uso de productos no id\u00f3neos para la limpieza y el incumplimiento de las mencionadas prescripciones provocan la caducidad de la garant\u00eda sobre los acabados.<\/span>[\/vc_column_text][\/vc_column][\/vc_row][vc_row unlock_row_content=\u00bbyes\u00bb row_height_percent=\u00bb0&#8243; override_padding=\u00bbyes\u00bb h_padding=\u00bb2&#8243; top_padding=\u00bb2&#8243; bottom_padding=\u00bb2&#8243; overlay_alpha=\u00bb50&#8243; equal_height=\u00bbyes\u00bb gutter_size=\u00bb3&#8243; column_width_percent=\u00bb100&#8243; shift_y=\u00bb0&#8243; z_index=\u00bb0&#8243; uncode_shortcode_id=\u00bb632262&#8243;][vc_column column_width_percent=\u00bb100&#8243; position_vertical=\u00bbmiddle\u00bb align_horizontal=\u00bbalign_center\u00bb gutter_size=\u00bb2&#8243; override_padding=\u00bbyes\u00bb column_padding=\u00bb5&#8243; back_image=\u00bb536&#8243; back_repeat=\u00bbno-repeat\u00bb back_attachment=\u00bbfixed\u00bb kburns=\u00bbyes\u00bb overlay_color=\u00bbcolor-jevc\u00bb overlay_alpha=\u00bb50&#8243; shift_x=\u00bb0&#8243; shift_y=\u00bb0&#8243; shift_y_down=\u00bb0&#8243; z_index=\u00bb0&#8243; medium_width=\u00bb0&#8243; mobile_width=\u00bb7&#8243; width=\u00bb1\/2&#8243; uncode_shortcode_id=\u00bb147138&#8243; overlay_color_type=\u00bbuncode-palette\u00bb][vc_custom_heading text_color=\u00bbcolor-xsdn\u00bb heading_semantic=\u00bbh1&#8243; text_size=\u00bbh1&#8243; uncode_shortcode_id=\u00bb113401&#8243; text_color_type=\u00bbuncode-palette\u00bb]D\u00f3nde comprar[\/vc_custom_heading][vc_column_text text_color=\u00bbcolor-xsdn\u00bb uncode_shortcode_id=\u00bb232944&#8243; text_color_type=\u00bbuncode-palette\u00bb el_class=\u00bbhome_text_final_pics\u00bb]<span class=\"fontstyle0\">Encuentre su tienda m\u00e1s cercana<\/span>[\/vc_column_text][vc_button button_color=\u00bbaccent\u00bb border_width=\u00bb0&#8243; scale_mobile=\u00bbno\u00bb button_color_type=\u00bbuncode-palette\u00bb uncode_shortcode_id=\u00bb821255&#8243; link=\u00bburl:https%3A%2F%2Fgattonirubinetteria.com%2Fes%2Fdove-acquistare%2F|target:_blank\u00bb]DESCUBRA[\/vc_button][\/vc_column][vc_column column_width_percent=\u00bb100&#8243; position_vertical=\u00bbmiddle\u00bb align_horizontal=\u00bbalign_center\u00bb gutter_size=\u00bb2&#8243; override_padding=\u00bbyes\u00bb column_padding=\u00bb5&#8243; back_image=\u00bb537&#8243; back_repeat=\u00bbno-repeat\u00bb back_attachment=\u00bbfixed\u00bb back_position=\u00bbleft center\u00bb kburns=\u00bbyes\u00bb overlay_color=\u00bbcolor-jevc\u00bb overlay_alpha=\u00bb50&#8243; shift_x=\u00bb0&#8243; shift_y=\u00bb0&#8243; shift_y_down=\u00bb0&#8243; z_index=\u00bb0&#8243; medium_width=\u00bb0&#8243; mobile_width=\u00bb0&#8243; width=\u00bb1\/2&#8243; uncode_shortcode_id=\u00bb208048&#8243; overlay_color_type=\u00bbuncode-palette\u00bb][vc_custom_heading text_color=\u00bbcolor-xsdn\u00bb heading_semantic=\u00bbh1&#8243; text_size=\u00bbh1&#8243; uncode_shortcode_id=\u00bb189115&#8243; text_color_type=\u00bbuncode-palette\u00bb]Pong\u00e1monos en contacto[\/vc_custom_heading][vc_column_text text_color=\u00bbcolor-xsdn\u00bb uncode_shortcode_id=\u00bb183842&#8243; text_color_type=\u00bbuncode-palette\u00bb el_class=\u00bbhome_text_final_pics\u00bb]<span class=\"fontstyle0\">Solicitar informaci\u00f3n y presupuestos<\/span>[\/vc_column_text][vc_button button_color=\u00bbaccent\u00bb border_width=\u00bb0&#8243; scale_mobile=\u00bbno\u00bb button_color_type=\u00bbuncode-palette\u00bb uncode_shortcode_id=\u00bb840774&#8243; link=\u00bburl:https%3A%2F%2Fgattonirubinetteria.com%2Fes%2Fcontatti%2F\u00bb]CONTACTOS[\/vc_button][\/vc_column][\/vc_row]<\/p>\n<\/div>","protected":false},"excerpt":{"rendered":"<p>[vc_row row_height_percent=\u00bb62&#8243; override_padding=\u00bbyes\u00bb h_padding=\u00bb2&#8243; top_padding=\u00bb5&#8243; bottom_padding=\u00bb5&#8243; back_image=\u00bb13464&#8243; back_position=\u00bbcenter center\u00bb kburns=\u00bbyes\u00bb overlay_color=\u00bbcolor-wayh\u00bb overlay_alpha=\u00bb60&#8243; gutter_size=\u00bb3&#8243; column_width_percent=\u00bb100&#8243; shift_y=\u00bb0&#8243; z_index=\u00bb0&#8243; auto_height_device=\u00bbyes\u00bb uncode_shortcode_id=\u00bb117460&#8243; overlay_color_type=\u00bbuncode-palette\u00bb][vc_column column_width_percent=\u00bb100&#8243; [&hellip;]<\/p>\n","protected":false},"author":2,"featured_media":0,"parent":0,"menu_order":0,"comment_status":"closed","ping_status":"closed","template":"","meta":{"footnotes":""},"class_list":["post-13678","page","type-page","status-publish","hentry"],"acf":[],"yoast_head":"<!-- This site is optimized with the Yoast SEO plugin v24.8.1 - https:\/\/yoast.com\/wordpress\/plugins\/seo\/ -->\n<title>Cuidados de limpieza - Gattoni Rubinetteria<\/title>\n<meta name=\"description\" content=\"Il marchio Gattoni Rubinetteria \u00e8 oggi sinonimo di design Made in Italy e qualit\u00e0 esclusiva in tutto il mondo.\" \/>\n<meta name=\"robots\" content=\"index, follow, max-snippet:-1, max-image-preview:large, max-video-preview:-1\" \/>\n<link rel=\"canonical\" href=\"https:\/\/gattonirubinetteria.com\/es\/cura\/\" \/>\n<meta property=\"og:locale\" content=\"es_ES\" \/>\n<meta property=\"og:type\" content=\"article\" \/>\n<meta property=\"og:title\" content=\"Cuidados de limpieza - Gattoni Rubinetteria\" \/>\n<meta property=\"og:description\" content=\"Il marchio Gattoni Rubinetteria \u00e8 oggi sinonimo di design Made in Italy e qualit\u00e0 esclusiva in tutto il mondo.\" \/>\n<meta property=\"og:url\" content=\"https:\/\/gattonirubinetteria.com\/es\/cura\/\" \/>\n<meta property=\"og:site_name\" content=\"Gattoni Rubinetteria\" \/>\n<meta property=\"article:publisher\" content=\"https:\/\/www.facebook.com\/gattoniwaterinlove\" \/>\n<meta property=\"article:modified_time\" content=\"2023-10-26T10:19:52+00:00\" \/>\n<meta property=\"og:image\" content=\"https:\/\/gattonirubinetteria.com\/wp-content\/uploads\/2023\/06\/Gattoni-linea-industrial.jpg\" \/>\n\t<meta property=\"og:image:width\" content=\"1800\" \/>\n\t<meta property=\"og:image:height\" content=\"1080\" \/>\n\t<meta property=\"og:image:type\" content=\"image\/jpeg\" \/>\n<meta name=\"twitter:card\" content=\"summary_large_image\" \/>\n<meta name=\"twitter:label1\" content=\"Tiempo de lectura\" \/>\n\t<meta name=\"twitter:data1\" content=\"3 minutos\" \/>\n<script type=\"application\/ld+json\" class=\"yoast-schema-graph\">{\"@context\":\"https:\/\/schema.org\",\"@graph\":[{\"@type\":\"WebPage\",\"@id\":\"https:\/\/gattonirubinetteria.com\/es\/cura\/\",\"url\":\"https:\/\/gattonirubinetteria.com\/es\/cura\/\",\"name\":\"Cuidados de limpieza - Gattoni Rubinetteria\",\"isPartOf\":{\"@id\":\"https:\/\/gattonirubinetteria.it\/en\/#website\"},\"datePublished\":\"2023-10-24T09:29:17+00:00\",\"dateModified\":\"2023-10-26T10:19:52+00:00\",\"description\":\"Il marchio Gattoni Rubinetteria \u00e8 oggi sinonimo di design Made in Italy e qualit\u00e0 esclusiva in tutto il mondo.\",\"breadcrumb\":{\"@id\":\"https:\/\/gattonirubinetteria.com\/es\/cura\/#breadcrumb\"},\"inLanguage\":\"es\",\"potentialAction\":[{\"@type\":\"ReadAction\",\"target\":[\"https:\/\/gattonirubinetteria.com\/es\/cura\/\"]}]},{\"@type\":\"BreadcrumbList\",\"@id\":\"https:\/\/gattonirubinetteria.com\/es\/cura\/#breadcrumb\",\"itemListElement\":[{\"@type\":\"ListItem\",\"position\":1,\"name\":\"Home\",\"item\":\"https:\/\/gattonirubinetteria.it\/es\/\"},{\"@type\":\"ListItem\",\"position\":2,\"name\":\"Cuidados de limpieza\"}]},{\"@type\":\"WebSite\",\"@id\":\"https:\/\/gattonirubinetteria.it\/en\/#website\",\"url\":\"https:\/\/gattonirubinetteria.it\/en\/\",\"name\":\"Gattoni Rubinetteria\",\"description\":\"WATER IN LOVE\",\"publisher\":{\"@id\":\"https:\/\/gattonirubinetteria.it\/en\/#organization\"},\"alternateName\":\"Gattoni Rubinetteria S.p.A\",\"potentialAction\":[{\"@type\":\"SearchAction\",\"target\":{\"@type\":\"EntryPoint\",\"urlTemplate\":\"https:\/\/gattonirubinetteria.it\/en\/?s={search_term_string}\"},\"query-input\":{\"@type\":\"PropertyValueSpecification\",\"valueRequired\":true,\"valueName\":\"search_term_string\"}}],\"inLanguage\":\"es\"},{\"@type\":\"Organization\",\"@id\":\"https:\/\/gattonirubinetteria.it\/en\/#organization\",\"name\":\"Gattoni Rubinetteria S.p.A\",\"alternateName\":\"Gattoni\",\"url\":\"https:\/\/gattonirubinetteria.it\/en\/\",\"logo\":{\"@type\":\"ImageObject\",\"inLanguage\":\"es\",\"@id\":\"https:\/\/gattonirubinetteria.it\/en\/#\/schema\/logo\/image\/\",\"url\":\"https:\/\/gattonirubinetteria.com\/wp-content\/uploads\/2022\/12\/gattoni-rubinetteria-logo.png\",\"contentUrl\":\"https:\/\/gattonirubinetteria.com\/wp-content\/uploads\/2022\/12\/gattoni-rubinetteria-logo.png\",\"width\":756,\"height\":223,\"caption\":\"Gattoni Rubinetteria S.p.A\"},\"image\":{\"@id\":\"https:\/\/gattonirubinetteria.it\/en\/#\/schema\/logo\/image\/\"},\"sameAs\":[\"https:\/\/www.facebook.com\/gattoniwaterinlove\",\"https:\/\/www.instagram.com\/gattonirubinetteria_official\/\",\"https:\/\/www.linkedin.com\/company\/gattoni-rubinetteria\/\"]}]}<\/script>\n<!-- \/ Yoast SEO plugin. -->","yoast_head_json":{"title":"Cuidados de limpieza - Gattoni Rubinetteria","description":"Il marchio Gattoni Rubinetteria \u00e8 oggi sinonimo di design Made in Italy e qualit\u00e0 esclusiva in tutto il mondo.","robots":{"index":"index","follow":"follow","max-snippet":"max-snippet:-1","max-image-preview":"max-image-preview:large","max-video-preview":"max-video-preview:-1"},"canonical":"https:\/\/gattonirubinetteria.com\/es\/cura\/","og_locale":"es_ES","og_type":"article","og_title":"Cuidados de limpieza - Gattoni Rubinetteria","og_description":"Il marchio Gattoni Rubinetteria \u00e8 oggi sinonimo di design Made in Italy e qualit\u00e0 esclusiva in tutto il mondo.","og_url":"https:\/\/gattonirubinetteria.com\/es\/cura\/","og_site_name":"Gattoni Rubinetteria","article_publisher":"https:\/\/www.facebook.com\/gattoniwaterinlove","article_modified_time":"2023-10-26T10:19:52+00:00","og_image":[{"width":1800,"height":1080,"url":"https:\/\/gattonirubinetteria.com\/wp-content\/uploads\/2023\/06\/Gattoni-linea-industrial.jpg","type":"image\/jpeg"}],"twitter_card":"summary_large_image","twitter_misc":{"Tiempo de lectura":"3 minutos"},"schema":{"@context":"https:\/\/schema.org","@graph":[{"@type":"WebPage","@id":"https:\/\/gattonirubinetteria.com\/es\/cura\/","url":"https:\/\/gattonirubinetteria.com\/es\/cura\/","name":"Cuidados de limpieza - Gattoni Rubinetteria","isPartOf":{"@id":"https:\/\/gattonirubinetteria.it\/en\/#website"},"datePublished":"2023-10-24T09:29:17+00:00","dateModified":"2023-10-26T10:19:52+00:00","description":"Il marchio Gattoni Rubinetteria \u00e8 oggi sinonimo di design Made in Italy e qualit\u00e0 esclusiva in tutto il mondo.","breadcrumb":{"@id":"https:\/\/gattonirubinetteria.com\/es\/cura\/#breadcrumb"},"inLanguage":"es","potentialAction":[{"@type":"ReadAction","target":["https:\/\/gattonirubinetteria.com\/es\/cura\/"]}]},{"@type":"BreadcrumbList","@id":"https:\/\/gattonirubinetteria.com\/es\/cura\/#breadcrumb","itemListElement":[{"@type":"ListItem","position":1,"name":"Home","item":"https:\/\/gattonirubinetteria.it\/es\/"},{"@type":"ListItem","position":2,"name":"Cuidados de limpieza"}]},{"@type":"WebSite","@id":"https:\/\/gattonirubinetteria.it\/en\/#website","url":"https:\/\/gattonirubinetteria.it\/en\/","name":"Gattoni Rubinetteria","description":"WATER IN LOVE","publisher":{"@id":"https:\/\/gattonirubinetteria.it\/en\/#organization"},"alternateName":"Gattoni Rubinetteria S.p.A","potentialAction":[{"@type":"SearchAction","target":{"@type":"EntryPoint","urlTemplate":"https:\/\/gattonirubinetteria.it\/en\/?s={search_term_string}"},"query-input":{"@type":"PropertyValueSpecification","valueRequired":true,"valueName":"search_term_string"}}],"inLanguage":"es"},{"@type":"Organization","@id":"https:\/\/gattonirubinetteria.it\/en\/#organization","name":"Gattoni Rubinetteria S.p.A","alternateName":"Gattoni","url":"https:\/\/gattonirubinetteria.it\/en\/","logo":{"@type":"ImageObject","inLanguage":"es","@id":"https:\/\/gattonirubinetteria.it\/en\/#\/schema\/logo\/image\/","url":"https:\/\/gattonirubinetteria.com\/wp-content\/uploads\/2022\/12\/gattoni-rubinetteria-logo.png","contentUrl":"https:\/\/gattonirubinetteria.com\/wp-content\/uploads\/2022\/12\/gattoni-rubinetteria-logo.png","width":756,"height":223,"caption":"Gattoni Rubinetteria S.p.A"},"image":{"@id":"https:\/\/gattonirubinetteria.it\/en\/#\/schema\/logo\/image\/"},"sameAs":["https:\/\/www.facebook.com\/gattoniwaterinlove","https:\/\/www.instagram.com\/gattonirubinetteria_official\/","https:\/\/www.linkedin.com\/company\/gattoni-rubinetteria\/"]}]}},"_links":{"self":[{"href":"https:\/\/gattonirubinetteria.com\/es\/wp-json\/wp\/v2\/pages\/13678","targetHints":{"allow":["GET"]}}],"collection":[{"href":"https:\/\/gattonirubinetteria.com\/es\/wp-json\/wp\/v2\/pages"}],"about":[{"href":"https:\/\/gattonirubinetteria.com\/es\/wp-json\/wp\/v2\/types\/page"}],"author":[{"embeddable":true,"href":"https:\/\/gattonirubinetteria.com\/es\/wp-json\/wp\/v2\/users\/2"}],"replies":[{"embeddable":true,"href":"https:\/\/gattonirubinetteria.com\/es\/wp-json\/wp\/v2\/comments?post=13678"}],"version-history":[{"count":7,"href":"https:\/\/gattonirubinetteria.com\/es\/wp-json\/wp\/v2\/pages\/13678\/revisions"}],"predecessor-version":[{"id":13691,"href":"https:\/\/gattonirubinetteria.com\/es\/wp-json\/wp\/v2\/pages\/13678\/revisions\/13691"}],"wp:attachment":[{"href":"https:\/\/gattonirubinetteria.com\/es\/wp-json\/wp\/v2\/media?parent=13678"}],"curies":[{"name":"wp","href":"https:\/\/api.w.org\/{rel}","templated":true}]}}