{"id":13530,"date":"2023-09-22T12:39:49","date_gmt":"2023-09-22T12:39:49","guid":{"rendered":"https:\/\/gattonirubinetteria.com\/g-video\/"},"modified":"2024-11-19T15:34:15","modified_gmt":"2024-11-19T15:34:15","slug":"g-video","status":"publish","type":"page","link":"https:\/\/gattonirubinetteria.com\/es\/g-video\/","title":{"rendered":"G Video"},"content":{"rendered":"<div class=\"wpb-content-wrapper\"><p>[vc_row row_height_percent=\u00bb47&#8243; back_image=\u00bb4977&#8243; back_repeat=\u00bbno-repeat\u00bb kburns=\u00bbyes\u00bb overlay_alpha=\u00bb50&#8243; gutter_size=\u00bb3&#8243; column_width_percent=\u00bb100&#8243; shift_y=\u00bb0&#8243; z_index=\u00bb0&#8243; uncode_shortcode_id=\u00bb139799&#8243;][vc_column column_width_percent=\u00bb100&#8243; position_vertical=\u00bbmiddle\u00bb gutter_size=\u00bb3&#8243; overlay_alpha=\u00bb50&#8243; shift_x=\u00bb0&#8243; shift_y=\u00bb0&#8243; shift_y_down=\u00bb0&#8243; z_index=\u00bb0&#8243; medium_width=\u00bb0&#8243; mobile_width=\u00bb0&#8243; width=\u00bb1\/1&#8243; mobile_height=\u00bb340&#8243; uncode_shortcode_id=\u00bb829239&#8243;][vc_custom_heading text_color=\u00bbcolor-xsdn\u00bb heading_semantic=\u00bbh1&#8243; text_size=\u00bbfontsize-990664&#8243; text_weight=\u00bb700&#8243; uncode_shortcode_id=\u00bb112187&#8243; text_color_type=\u00bbuncode-palette\u00bb]G Video[\/vc_custom_heading][\/vc_column][\/vc_row][vc_row row_height_percent=\u00bb0&#8243; override_padding=\u00bbyes\u00bb h_padding=\u00bb2&#8243; top_padding=\u00bb1&#8243; bottom_padding=\u00bb4&#8243; back_color=\u00bbcolor-wayh\u00bb overlay_alpha=\u00bb50&#8243; gutter_size=\u00bb3&#8243; column_width_percent=\u00bb100&#8243; shift_y=\u00bb0&#8243; z_index=\u00bb0&#8243; uncode_shortcode_id=\u00bb179727&#8243; back_color_type=\u00bbuncode-palette\u00bb css=\u00bb.vc_custom_1695470344540{padding-top: 60px !important;padding-bottom: 30px !important;}\u00bb][vc_column column_width_percent=\u00bb100&#8243; position_vertical=\u00bbmiddle\u00bb align_horizontal=\u00bbalign_center\u00bb gutter_size=\u00bb0&#8243; style=\u00bbdark\u00bb overlay_alpha=\u00bb50&#8243; shift_x=\u00bb0&#8243; shift_y=\u00bb0&#8243; shift_y_down=\u00bb0&#8243; z_index=\u00bb0&#8243; medium_width=\u00bb0&#8243; mobile_width=\u00bb0&#8243; width=\u00bb1\/1&#8243; uncode_shortcode_id=\u00bb213369&#8243;][vc_custom_heading heading_semantic=\u00bbh3&#8243; text_size=\u00bbfontsize-464811&#8243; text_weight=\u00bb400&#8243; text_transform=\u00bbuppercase\u00bb text_space=\u00bbfontspace-378815&#8243; sub_reduced=\u00bbyes\u00bb uncode_shortcode_id=\u00bb615713&#8243;]g video[\/vc_custom_heading][vc_custom_heading heading_semantic=\u00bbh1&#8243; text_size=\u00bbh1&#8243; text_weight=\u00bb700&#8243; separator=\u00bbyes\u00bb separator_color=\u00bbyes\u00bb sub_lead=\u00bbsmall\u00bb uncode_shortcode_id=\u00bb122771&#8243;]El arte del 100% Made in Italy[\/vc_custom_heading][vc_empty_space empty_h=\u00bb2&#8243;][vc_row_inner][vc_column_inner width=\u00bb1\/1&#8243;][vc_column_text text_color=\u00bbcolor-xsdn\u00bb uncode_shortcode_id=\u00bb172977&#8243; text_color_type=\u00bbuncode-palette\u00bb css=\u00bb.vc_custom_1698246892745{margin-top: 20px !important;margin-bottom: 20px !important;}\u00bb]<\/p>\n<p style=\"text-align: center;\">Sum\u00e9rjase en el coraz\u00f3n productivo de Gattoni Rubinetteria y descubra c\u00f3mo se crea cada producto, desde la primera idea hasta el dise\u00f1o final. Este v\u00eddeo ofrece una visi\u00f3n detallada de todo nuestro proceso de trabajo, destacando la habilidad, pasi\u00f3n y dedicaci\u00f3n de todos los que trabajan con nosotros. Un viaje fascinante a trav\u00e9s de la esencia del aut\u00e9ntico Made in Italy, donde la tradici\u00f3n se une a la innovaci\u00f3n. Gattoni Rubinetteria se enorgullece de garantizar una producci\u00f3n 100% Made in Italy, sin\u00f3nimo de calidad, excelente dise\u00f1o y autenticidad.<\/p>\n<p>[\/vc_column_text][vc_column_text uncode_shortcode_id=\u00bb724364&#8243;]https:\/\/vimeo.com\/867099037?share=copy[\/vc_column_text][vc_empty_space empty_h=\u00bb2&#8243;][vc_column_text uncode_shortcode_id=\u00bb422120&#8243;]https:\/\/vimeo.com\/1029650920[\/vc_column_text][\/vc_column_inner][\/vc_row_inner][\/vc_column][\/vc_row][vc_row row_height_percent=\u00bb0&#8243; override_padding=\u00bbyes\u00bb h_padding=\u00bb2&#8243; top_padding=\u00bb1&#8243; bottom_padding=\u00bb4&#8243; back_color=\u00bbcolor-wayh\u00bb overlay_alpha=\u00bb50&#8243; gutter_size=\u00bb3&#8243; column_width_percent=\u00bb100&#8243; shift_y=\u00bb0&#8243; z_index=\u00bb0&#8243; uncode_shortcode_id=\u00bb179727&#8243; back_color_type=\u00bbuncode-palette\u00bb css=\u00bb.vc_custom_1695470344540{padding-top: 60px !important;padding-bottom: 30px !important;}\u00bb][vc_column column_width_percent=\u00bb100&#8243; position_vertical=\u00bbmiddle\u00bb align_horizontal=\u00bbalign_center\u00bb gutter_size=\u00bb0&#8243; style=\u00bbdark\u00bb overlay_alpha=\u00bb50&#8243; shift_x=\u00bb0&#8243; shift_y=\u00bb0&#8243; shift_y_down=\u00bb0&#8243; z_index=\u00bb0&#8243; medium_width=\u00bb0&#8243; mobile_width=\u00bb0&#8243; width=\u00bb1\/1&#8243; uncode_shortcode_id=\u00bb213369&#8243;][vc_row_inner limit_content=\u00bb\u00bb][vc_column_inner column_width_percent=\u00bb100&#8243; align_horizontal=\u00bbalign_center\u00bb gutter_size=\u00bb0&#8243; style=\u00bbdark\u00bb overlay_alpha=\u00bb50&#8243; shift_x=\u00bb0&#8243; shift_y=\u00bb0&#8243; shift_y_down=\u00bb0&#8243; z_index=\u00bb0&#8243; medium_width=\u00bb0&#8243; mobile_width=\u00bb0&#8243; width=\u00bb1\/3&#8243; uncode_shortcode_id=\u00bb307978&#8243; css=\u00bb.vc_custom_1695473676882{padding-top: 90px !important;}\u00bb][vc_custom_heading heading_semantic=\u00bbh3&#8243; text_size=\u00bbh3&#8243; text_weight=\u00bb500&#8243; sub_lead=\u00bbsmall\u00bb uncode_shortcode_id=\u00bb545677&#8243;]Kubik[\/vc_custom_heading][vc_custom_heading heading_semantic=\u00bbh3&#8243; text_size=\u00bbfontsize-464811&#8243; text_weight=\u00bb400&#8243; text_transform=\u00bbuppercase\u00bb text_space=\u00bbfontspace-378815&#8243; sub_reduced=\u00bbyes\u00bb uncode_shortcode_id=\u00bb937947&#8243;]Geometric Minimalism[\/vc_custom_heading][vc_column_text uncode_shortcode_id=\u00bb188811&#8243; css=\u00bb.vc_custom_1702984648773{margin-top: 0px !important;padding-top: 0px !important;}\u00bb]<\/p>\n<div style=\"padding: 125% 0 0 0; position: relative;\"><iframe style=\"position: absolute; top: 0; left: 0; width: 100%; height: 500px;\" title=\"Serie Kubik | Geometric Minimalism\" src=\"https:\/\/player.vimeo.com\/video\/894880955?badge=0&amp;autopause=0&amp;player_id=0&amp;app_id=58479\" frameborder=\"0\"><\/iframe><\/div>\n<p><script src=\"https:\/\/player.vimeo.com\/api\/player.js\"><\/script>[\/vc_column_text][\/vc_column_inner][vc_column_inner column_width_percent=\u00bb100&#8243; align_horizontal=\u00bbalign_center\u00bb gutter_size=\u00bb0&#8243; style=\u00bbdark\u00bb overlay_alpha=\u00bb50&#8243; shift_x=\u00bb0&#8243; shift_y=\u00bb0&#8243; shift_y_down=\u00bb0&#8243; z_index=\u00bb0&#8243; medium_width=\u00bb0&#8243; mobile_width=\u00bb0&#8243; width=\u00bb1\/3&#8243; uncode_shortcode_id=\u00bb204486&#8243; css=\u00bb.vc_custom_1695473824291{padding-top: 90px !important;}\u00bb][vc_custom_heading heading_semantic=\u00bbh3&#8243; text_size=\u00bbh3&#8243; text_weight=\u00bb500&#8243; sub_lead=\u00bbsmall\u00bb uncode_shortcode_id=\u00bb121407&#8243;]H2OMIX 7000[\/vc_custom_heading][vc_custom_heading heading_semantic=\u00bbh3&#8243; text_size=\u00bbfontsize-464811&#8243; text_weight=\u00bb400&#8243; text_transform=\u00bbuppercase\u00bb text_space=\u00bbfontspace-378815&#8243; sub_reduced=\u00bbyes\u00bb uncode_shortcode_id=\u00bb607869&#8243;]Simple and essential lines[\/vc_custom_heading][vc_column_text uncode_shortcode_id=\u00bb158036&#8243; css=\u00bb.vc_custom_1702984823284{margin-top: 0px !important;padding-top: 0px !important;}\u00bb]<\/p>\n<div style=\"padding: 100% 0 0 0; position: relative;\"><iframe style=\"position: absolute; top: 0; left: 0; width: 100%; height: 500px;\" title=\"H2OMIX 7000 | Simple and essential lines\" src=\"https:\/\/player.vimeo.com\/video\/894879778?h=eae5bf8857\" frameborder=\"0\"><\/iframe><\/div>\n<p><script src=\"https:\/\/player.vimeo.com\/api\/player.js\"><\/script>[\/vc_column_text][\/vc_column_inner][vc_column_inner column_width_percent=\u00bb100&#8243; align_horizontal=\u00bbalign_center\u00bb gutter_size=\u00bb0&#8243; style=\u00bbdark\u00bb overlay_alpha=\u00bb50&#8243; shift_x=\u00bb0&#8243; shift_y=\u00bb0&#8243; shift_y_down=\u00bb0&#8243; z_index=\u00bb0&#8243; medium_width=\u00bb0&#8243; mobile_width=\u00bb0&#8243; width=\u00bb1\/3&#8243; uncode_shortcode_id=\u00bb111427&#8243; css=\u00bb.vc_custom_1695473793863{padding-top: 90px !important;}\u00bb][vc_custom_heading heading_semantic=\u00bbh3&#8243; text_size=\u00bbh3&#8243; text_weight=\u00bb500&#8243; sub_lead=\u00bbsmall\u00bb uncode_shortcode_id=\u00bb130628&#8243;]Soffio[\/vc_custom_heading][vc_custom_heading heading_semantic=\u00bbh3&#8243; text_size=\u00bbfontsize-464811&#8243; text_weight=\u00bb400&#8243; text_transform=\u00bbuppercase\u00bb text_space=\u00bbfontspace-378815&#8243; sub_reduced=\u00bbyes\u00bb uncode_shortcode_id=\u00bb694605&#8243;]Dynamic Ergonomics[\/vc_custom_heading][vc_column_text uncode_shortcode_id=\u00bb147554&#8243; css=\u00bb.vc_custom_1702985263257{margin-top: 0px !important;padding-top: 0px !important;}\u00bb]<\/p>\n<div style=\"padding: 100% 0 0 0; position: relative;\"><iframe style=\"position: absolute; top: 0; left: 0; width: 100%; height: 500px;\" title=\"Soffio | Dynamic Ergonomics\" src=\"https:\/\/player.vimeo.com\/video\/894877799?h=b1ec26aa5d\" frameborder=\"0\"><\/iframe><\/div>\n<p><script src=\"https:\/\/player.vimeo.com\/api\/player.js\"><\/script>[\/vc_column_text][\/vc_column_inner][\/vc_row_inner][vc_row_inner][vc_column_inner column_width_percent=\u00bb100&#8243; align_horizontal=\u00bbalign_center\u00bb gutter_size=\u00bb0&#8243; style=\u00bbdark\u00bb overlay_alpha=\u00bb50&#8243; shift_x=\u00bb0&#8243; shift_y=\u00bb0&#8243; shift_y_down=\u00bb0&#8243; z_index=\u00bb0&#8243; medium_width=\u00bb0&#8243; mobile_width=\u00bb0&#8243; width=\u00bb1\/3&#8243; uncode_shortcode_id=\u00bb307978&#8243; css=\u00bb.vc_custom_1695473676882{padding-top: 90px !important;}\u00bb][vc_custom_heading heading_semantic=\u00bbh3&#8243; text_size=\u00bbh3&#8243; text_weight=\u00bb500&#8243; sub_lead=\u00bbsmall\u00bb uncode_shortcode_id=\u00bb458549&#8243;]Circle One[\/vc_custom_heading][vc_custom_heading heading_semantic=\u00bbh3&#8243; text_size=\u00bbfontsize-464811&#8243; text_weight=\u00bb400&#8243; text_transform=\u00bbuppercase\u00bb text_space=\u00bbfontspace-378815&#8243; sub_reduced=\u00bbyes\u00bb uncode_shortcode_id=\u00bb761221&#8243;]Fresh Elegance[\/vc_custom_heading][vc_column_text uncode_shortcode_id=\u00bb416675&#8243; css=\u00bb.vc_custom_1695473488819{margin-top: 0px !important;padding-top: 0px !important;}\u00bb]<\/p>\n<div style=\"padding: 125% 0 0 0; position: relative;\"><iframe style=\"position: absolute; top: 0; left: 0; width: 100%; height: 500px;\" title=\"Serie Circle One | Fresh Elegance\" src=\"https:\/\/player.vimeo.com\/video\/867193552?badge=0&amp;autopause=0&amp;player_id=0&amp;app_id=58479\" frameborder=\"0\"><\/iframe><\/div>\n<p><script src=\"https:\/\/player.vimeo.com\/api\/player.js\"><\/script>[\/vc_column_text][\/vc_column_inner][vc_column_inner column_width_percent=\u00bb100&#8243; align_horizontal=\u00bbalign_center\u00bb gutter_size=\u00bb0&#8243; style=\u00bbdark\u00bb overlay_alpha=\u00bb50&#8243; shift_x=\u00bb0&#8243; shift_y=\u00bb0&#8243; shift_y_down=\u00bb0&#8243; z_index=\u00bb0&#8243; medium_width=\u00bb0&#8243; mobile_width=\u00bb0&#8243; width=\u00bb1\/3&#8243; uncode_shortcode_id=\u00bb204486&#8243; css=\u00bb.vc_custom_1695473824291{padding-top: 90px !important;}\u00bb][vc_custom_heading heading_semantic=\u00bbh3&#8243; text_size=\u00bbh3&#8243; text_weight=\u00bb500&#8243; sub_lead=\u00bbsmall\u00bb uncode_shortcode_id=\u00bb458549&#8243;]Circle One[\/vc_custom_heading][vc_custom_heading heading_semantic=\u00bbh3&#8243; text_size=\u00bbfontsize-464811&#8243; text_weight=\u00bb400&#8243; text_transform=\u00bbuppercase\u00bb text_space=\u00bbfontspace-378815&#8243; sub_reduced=\u00bbyes\u00bb uncode_shortcode_id=\u00bb188229&#8243;]Designing Elegance[\/vc_custom_heading][vc_column_text uncode_shortcode_id=\u00bb862839&#8243; css=\u00bb.vc_custom_1695473626355{margin-top: 0px !important;padding-top: 0px !important;}\u00bb]<\/p>\n<div style=\"padding: 100% 0 0 0; position: relative;\"><iframe style=\"position: absolute; top: 0; left: 0; width: 100%; height: 500px;\" title=\"Serie Circle One | Designing Elegance\" src=\"https:\/\/player.vimeo.com\/video\/867194819?badge=0&amp;autopause=0&amp;player_id=0&amp;app_id=58479\" frameborder=\"0\"><\/iframe><\/div>\n<p><script src=\"https:\/\/player.vimeo.com\/api\/player.js\"><\/script>[\/vc_column_text][\/vc_column_inner][vc_column_inner column_width_percent=\u00bb100&#8243; align_horizontal=\u00bbalign_center\u00bb gutter_size=\u00bb0&#8243; style=\u00bbdark\u00bb overlay_alpha=\u00bb50&#8243; shift_x=\u00bb0&#8243; shift_y=\u00bb0&#8243; shift_y_down=\u00bb0&#8243; z_index=\u00bb0&#8243; medium_width=\u00bb0&#8243; mobile_width=\u00bb0&#8243; width=\u00bb1\/3&#8243; uncode_shortcode_id=\u00bb111427&#8243; css=\u00bb.vc_custom_1695473793863{padding-top: 90px !important;}\u00bb][vc_custom_heading heading_semantic=\u00bbh3&#8243; text_size=\u00bbh3&#8243; text_weight=\u00bb500&#8243; sub_lead=\u00bbsmall\u00bb uncode_shortcode_id=\u00bb147420&#8243;]T_K[\/vc_custom_heading][vc_custom_heading heading_semantic=\u00bbh3&#8243; text_size=\u00bbfontsize-464811&#8243; text_weight=\u00bb400&#8243; text_transform=\u00bbuppercase\u00bb text_space=\u00bbfontspace-378815&#8243; sub_reduced=\u00bbyes\u00bb uncode_shortcode_id=\u00bb132703&#8243;]Declining beauty[\/vc_custom_heading][vc_column_text uncode_shortcode_id=\u00bb123972&#8243; css=\u00bb.vc_custom_1695473814699{margin-top: 0px !important;padding-top: 0px !important;}\u00bb]<\/p>\n<div style=\"padding: 100% 0 0 0; position: relative;\"><iframe style=\"position: absolute; top: 0; left: 0; width: 100%; height: 500px;\" title=\"Presentazione TK.mp4\" src=\"https:\/\/player.vimeo.com\/video\/867447688?badge=0&amp;autopause=0&amp;player_id=0&amp;app_id=58479\" frameborder=\"0\"><\/iframe><\/div>\n<p><script src=\"https:\/\/player.vimeo.com\/api\/player.js\"><\/script>[\/vc_column_text][\/vc_column_inner][\/vc_row_inner][\/vc_column][\/vc_row][vc_row row_height_percent=\u00bb0&#8243; override_padding=\u00bbyes\u00bb h_padding=\u00bb2&#8243; top_padding=\u00bb1&#8243; bottom_padding=\u00bb4&#8243; back_color=\u00bbcolor-wayh\u00bb overlay_alpha=\u00bb50&#8243; gutter_size=\u00bb3&#8243; column_width_percent=\u00bb100&#8243; shift_y=\u00bb0&#8243; z_index=\u00bb0&#8243; uncode_shortcode_id=\u00bb179727&#8243; back_color_type=\u00bbuncode-palette\u00bb css=\u00bb.vc_custom_1695470344540{padding-top: 60px !important;padding-bottom: 30px !important;}\u00bb][vc_column column_width_percent=\u00bb100&#8243; position_vertical=\u00bbmiddle\u00bb align_horizontal=\u00bbalign_center\u00bb gutter_size=\u00bb0&#8243; style=\u00bbdark\u00bb overlay_alpha=\u00bb50&#8243; shift_x=\u00bb0&#8243; shift_y=\u00bb0&#8243; shift_y_down=\u00bb0&#8243; z_index=\u00bb0&#8243; medium_width=\u00bb0&#8243; mobile_width=\u00bb0&#8243; width=\u00bb1\/1&#8243; uncode_shortcode_id=\u00bb213369&#8243;][vc_custom_heading heading_semantic=\u00bbh3&#8243; text_size=\u00bbfontsize-464811&#8243; text_weight=\u00bb400&#8243; text_transform=\u00bbuppercase\u00bb text_space=\u00bbfontspace-378815&#8243; sub_reduced=\u00bbyes\u00bb uncode_shortcode_id=\u00bb615713&#8243;]g video[\/vc_custom_heading][vc_custom_heading heading_semantic=\u00bbh1&#8243; text_size=\u00bbh1&#8243; text_weight=\u00bb700&#8243; separator=\u00bbyes\u00bb separator_color=\u00bbyes\u00bb sub_lead=\u00bbsmall\u00bb uncode_shortcode_id=\u00bb198783&#8243;]Gattoni Rubinetteria en Cersaie 2023[\/vc_custom_heading][vc_empty_space empty_h=\u00bb2&#8243;][vc_row_inner][vc_column_inner width=\u00bb1\/1&#8243;][vc_column_text text_color=\u00bbcolor-xsdn\u00bb uncode_shortcode_id=\u00bb637112&#8243; text_color_type=\u00bbuncode-palette\u00bb css=\u00bb.vc_custom_1698246954617{margin-top: 20px !important;margin-bottom: 20px !important;}\u00bb]<\/p>\n<p style=\"text-align: center;\">\u00a1Reviva los mejores momentos de Gattoni Rubinetteria en #Cersaie2023! Este v\u00eddeo resume la pasi\u00f3n, la innovaci\u00f3n y los encuentros de una hermosa semana. Gracias por compartir este viaje con nosotros.<\/p>\n<p>[\/vc_column_text][vc_column_text uncode_shortcode_id=\u00bb133822&#8243;]https:\/\/vimeo.com\/869504543[\/vc_column_text][vc_empty_space empty_h=\u00bb2&#8243;][\/vc_column_inner][\/vc_row_inner][\/vc_column][\/vc_row]<\/p>\n<\/div>","protected":false},"excerpt":{"rendered":"<p>[vc_row row_height_percent=\u00bb47&#8243; back_image=\u00bb4977&#8243; back_repeat=\u00bbno-repeat\u00bb kburns=\u00bbyes\u00bb overlay_alpha=\u00bb50&#8243; gutter_size=\u00bb3&#8243; column_width_percent=\u00bb100&#8243; shift_y=\u00bb0&#8243; z_index=\u00bb0&#8243; uncode_shortcode_id=\u00bb139799&#8243;][vc_column column_width_percent=\u00bb100&#8243; position_vertical=\u00bbmiddle\u00bb gutter_size=\u00bb3&#8243; overlay_alpha=\u00bb50&#8243; shift_x=\u00bb0&#8243; shift_y=\u00bb0&#8243; shift_y_down=\u00bb0&#8243; z_index=\u00bb0&#8243; medium_width=\u00bb0&#8243; [&hellip;]<\/p>\n","protected":false},"author":2,"featured_media":0,"parent":0,"menu_order":0,"comment_status":"closed","ping_status":"closed","template":"","meta":{"footnotes":""},"class_list":["post-13530","page","type-page","status-publish","hentry"],"acf":[],"yoast_head":"<!-- This site is optimized with the Yoast SEO plugin v24.8.1 - https:\/\/yoast.com\/wordpress\/plugins\/seo\/ -->\n<title>G Video - Gattoni Rubinetteria<\/title>\n<meta name=\"description\" content=\"Contatta lo staff Di Gattoni Rubinetteria S.p.A. per tutte le tue esigenze riguardanti i nostri prodotti e le nostre finiture.\" \/>\n<meta name=\"robots\" content=\"index, follow, max-snippet:-1, max-image-preview:large, max-video-preview:-1\" \/>\n<link rel=\"canonical\" href=\"https:\/\/gattonirubinetteria.com\/es\/g-video\/\" \/>\n<meta property=\"og:locale\" content=\"es_ES\" \/>\n<meta property=\"og:type\" content=\"article\" \/>\n<meta property=\"og:title\" content=\"G Video - Gattoni Rubinetteria\" \/>\n<meta property=\"og:description\" content=\"Contatta lo staff Di Gattoni Rubinetteria S.p.A. per tutte le tue esigenze riguardanti i nostri prodotti e le nostre finiture.\" \/>\n<meta property=\"og:url\" content=\"https:\/\/gattonirubinetteria.com\/es\/g-video\/\" \/>\n<meta property=\"og:site_name\" content=\"Gattoni Rubinetteria\" \/>\n<meta property=\"article:publisher\" content=\"https:\/\/www.facebook.com\/gattoniwaterinlove\" \/>\n<meta property=\"article:modified_time\" content=\"2024-11-19T15:34:15+00:00\" \/>\n<meta property=\"og:image\" content=\"https:\/\/gattonirubinetteria.com\/wp-content\/uploads\/2023\/06\/Gattoni-linea-industrial.jpg\" \/>\n\t<meta property=\"og:image:width\" content=\"1800\" \/>\n\t<meta property=\"og:image:height\" content=\"1080\" \/>\n\t<meta property=\"og:image:type\" content=\"image\/jpeg\" \/>\n<meta name=\"twitter:card\" content=\"summary_large_image\" \/>\n<meta name=\"twitter:label1\" content=\"Tiempo de lectura\" \/>\n\t<meta name=\"twitter:data1\" content=\"3 minutos\" \/>\n<script type=\"application\/ld+json\" class=\"yoast-schema-graph\">{\"@context\":\"https:\/\/schema.org\",\"@graph\":[{\"@type\":\"WebPage\",\"@id\":\"https:\/\/gattonirubinetteria.com\/es\/g-video\/\",\"url\":\"https:\/\/gattonirubinetteria.com\/es\/g-video\/\",\"name\":\"G Video - Gattoni Rubinetteria\",\"isPartOf\":{\"@id\":\"https:\/\/gattonirubinetteria.com\/es\/#website\"},\"datePublished\":\"2023-09-22T12:39:49+00:00\",\"dateModified\":\"2024-11-19T15:34:15+00:00\",\"description\":\"Contatta lo staff Di Gattoni Rubinetteria S.p.A. per tutte le tue esigenze riguardanti i nostri prodotti e le nostre finiture.\",\"breadcrumb\":{\"@id\":\"https:\/\/gattonirubinetteria.com\/es\/g-video\/#breadcrumb\"},\"inLanguage\":\"es\",\"potentialAction\":[{\"@type\":\"ReadAction\",\"target\":[\"https:\/\/gattonirubinetteria.com\/es\/g-video\/\"]}]},{\"@type\":\"BreadcrumbList\",\"@id\":\"https:\/\/gattonirubinetteria.com\/es\/g-video\/#breadcrumb\",\"itemListElement\":[{\"@type\":\"ListItem\",\"position\":1,\"name\":\"Home\",\"item\":\"https:\/\/gattonirubinetteria.it\/es\/\"},{\"@type\":\"ListItem\",\"position\":2,\"name\":\"G Video\"}]},{\"@type\":\"WebSite\",\"@id\":\"https:\/\/gattonirubinetteria.com\/es\/#website\",\"url\":\"https:\/\/gattonirubinetteria.com\/es\/\",\"name\":\"Gattoni Rubinetteria\",\"description\":\"WATER IN LOVE\",\"publisher\":{\"@id\":\"https:\/\/gattonirubinetteria.com\/es\/#organization\"},\"alternateName\":\"Gattoni Rubinetteria S.p.A\",\"potentialAction\":[{\"@type\":\"SearchAction\",\"target\":{\"@type\":\"EntryPoint\",\"urlTemplate\":\"https:\/\/gattonirubinetteria.com\/es\/?s={search_term_string}\"},\"query-input\":{\"@type\":\"PropertyValueSpecification\",\"valueRequired\":true,\"valueName\":\"search_term_string\"}}],\"inLanguage\":\"es\"},{\"@type\":\"Organization\",\"@id\":\"https:\/\/gattonirubinetteria.com\/es\/#organization\",\"name\":\"Gattoni Rubinetteria S.p.A\",\"alternateName\":\"Gattoni\",\"url\":\"https:\/\/gattonirubinetteria.com\/es\/\",\"logo\":{\"@type\":\"ImageObject\",\"inLanguage\":\"es\",\"@id\":\"https:\/\/gattonirubinetteria.com\/es\/#\/schema\/logo\/image\/\",\"url\":\"https:\/\/gattonirubinetteria.com\/wp-content\/uploads\/2022\/12\/gattoni-rubinetteria-logo.png\",\"contentUrl\":\"https:\/\/gattonirubinetteria.com\/wp-content\/uploads\/2022\/12\/gattoni-rubinetteria-logo.png\",\"width\":756,\"height\":223,\"caption\":\"Gattoni Rubinetteria S.p.A\"},\"image\":{\"@id\":\"https:\/\/gattonirubinetteria.com\/es\/#\/schema\/logo\/image\/\"},\"sameAs\":[\"https:\/\/www.facebook.com\/gattoniwaterinlove\",\"https:\/\/www.instagram.com\/gattonirubinetteria_official\/\",\"https:\/\/www.linkedin.com\/company\/gattoni-rubinetteria\/\"]}]}<\/script>\n<!-- \/ Yoast SEO plugin. -->","yoast_head_json":{"title":"G Video - Gattoni Rubinetteria","description":"Contatta lo staff Di Gattoni Rubinetteria S.p.A. per tutte le tue esigenze riguardanti i nostri prodotti e le nostre finiture.","robots":{"index":"index","follow":"follow","max-snippet":"max-snippet:-1","max-image-preview":"max-image-preview:large","max-video-preview":"max-video-preview:-1"},"canonical":"https:\/\/gattonirubinetteria.com\/es\/g-video\/","og_locale":"es_ES","og_type":"article","og_title":"G Video - Gattoni Rubinetteria","og_description":"Contatta lo staff Di Gattoni Rubinetteria S.p.A. per tutte le tue esigenze riguardanti i nostri prodotti e le nostre finiture.","og_url":"https:\/\/gattonirubinetteria.com\/es\/g-video\/","og_site_name":"Gattoni Rubinetteria","article_publisher":"https:\/\/www.facebook.com\/gattoniwaterinlove","article_modified_time":"2024-11-19T15:34:15+00:00","og_image":[{"width":1800,"height":1080,"url":"https:\/\/gattonirubinetteria.com\/wp-content\/uploads\/2023\/06\/Gattoni-linea-industrial.jpg","type":"image\/jpeg"}],"twitter_card":"summary_large_image","twitter_misc":{"Tiempo de lectura":"3 minutos"},"schema":{"@context":"https:\/\/schema.org","@graph":[{"@type":"WebPage","@id":"https:\/\/gattonirubinetteria.com\/es\/g-video\/","url":"https:\/\/gattonirubinetteria.com\/es\/g-video\/","name":"G Video - Gattoni Rubinetteria","isPartOf":{"@id":"https:\/\/gattonirubinetteria.com\/es\/#website"},"datePublished":"2023-09-22T12:39:49+00:00","dateModified":"2024-11-19T15:34:15+00:00","description":"Contatta lo staff Di Gattoni Rubinetteria S.p.A. per tutte le tue esigenze riguardanti i nostri prodotti e le nostre finiture.","breadcrumb":{"@id":"https:\/\/gattonirubinetteria.com\/es\/g-video\/#breadcrumb"},"inLanguage":"es","potentialAction":[{"@type":"ReadAction","target":["https:\/\/gattonirubinetteria.com\/es\/g-video\/"]}]},{"@type":"BreadcrumbList","@id":"https:\/\/gattonirubinetteria.com\/es\/g-video\/#breadcrumb","itemListElement":[{"@type":"ListItem","position":1,"name":"Home","item":"https:\/\/gattonirubinetteria.it\/es\/"},{"@type":"ListItem","position":2,"name":"G Video"}]},{"@type":"WebSite","@id":"https:\/\/gattonirubinetteria.com\/es\/#website","url":"https:\/\/gattonirubinetteria.com\/es\/","name":"Gattoni Rubinetteria","description":"WATER IN LOVE","publisher":{"@id":"https:\/\/gattonirubinetteria.com\/es\/#organization"},"alternateName":"Gattoni Rubinetteria S.p.A","potentialAction":[{"@type":"SearchAction","target":{"@type":"EntryPoint","urlTemplate":"https:\/\/gattonirubinetteria.com\/es\/?s={search_term_string}"},"query-input":{"@type":"PropertyValueSpecification","valueRequired":true,"valueName":"search_term_string"}}],"inLanguage":"es"},{"@type":"Organization","@id":"https:\/\/gattonirubinetteria.com\/es\/#organization","name":"Gattoni Rubinetteria S.p.A","alternateName":"Gattoni","url":"https:\/\/gattonirubinetteria.com\/es\/","logo":{"@type":"ImageObject","inLanguage":"es","@id":"https:\/\/gattonirubinetteria.com\/es\/#\/schema\/logo\/image\/","url":"https:\/\/gattonirubinetteria.com\/wp-content\/uploads\/2022\/12\/gattoni-rubinetteria-logo.png","contentUrl":"https:\/\/gattonirubinetteria.com\/wp-content\/uploads\/2022\/12\/gattoni-rubinetteria-logo.png","width":756,"height":223,"caption":"Gattoni Rubinetteria S.p.A"},"image":{"@id":"https:\/\/gattonirubinetteria.com\/es\/#\/schema\/logo\/image\/"},"sameAs":["https:\/\/www.facebook.com\/gattoniwaterinlove","https:\/\/www.instagram.com\/gattonirubinetteria_official\/","https:\/\/www.linkedin.com\/company\/gattoni-rubinetteria\/"]}]}},"_links":{"self":[{"href":"https:\/\/gattonirubinetteria.com\/es\/wp-json\/wp\/v2\/pages\/13530","targetHints":{"allow":["GET"]}}],"collection":[{"href":"https:\/\/gattonirubinetteria.com\/es\/wp-json\/wp\/v2\/pages"}],"about":[{"href":"https:\/\/gattonirubinetteria.com\/es\/wp-json\/wp\/v2\/types\/page"}],"author":[{"embeddable":true,"href":"https:\/\/gattonirubinetteria.com\/es\/wp-json\/wp\/v2\/users\/2"}],"replies":[{"embeddable":true,"href":"https:\/\/gattonirubinetteria.com\/es\/wp-json\/wp\/v2\/comments?post=13530"}],"version-history":[{"count":10,"href":"https:\/\/gattonirubinetteria.com\/es\/wp-json\/wp\/v2\/pages\/13530\/revisions"}],"predecessor-version":[{"id":29117,"href":"https:\/\/gattonirubinetteria.com\/es\/wp-json\/wp\/v2\/pages\/13530\/revisions\/29117"}],"wp:attachment":[{"href":"https:\/\/gattonirubinetteria.com\/es\/wp-json\/wp\/v2\/media?parent=13530"}],"curies":[{"name":"wp","href":"https:\/\/api.w.org\/{rel}","templated":true}]}}