{"id":13499,"date":"2022-07-12T12:54:52","date_gmt":"2022-07-12T12:54:52","guid":{"rendered":"https:\/\/gattonirubinetteria.com\/dove-acquistare\/"},"modified":"2023-10-26T14:10:20","modified_gmt":"2023-10-26T14:10:20","slug":"dove-acquistare","status":"publish","type":"page","link":"https:\/\/gattonirubinetteria.com\/es\/dove-acquistare\/","title":{"rendered":"D\u00f2nde comprar"},"content":{"rendered":"<div class=\"wpb-content-wrapper\"><p>[vc_row row_height_percent=\u00bb0&#8243; override_padding=\u00bbyes\u00bb h_padding=\u00bb2&#8243; top_padding=\u00bb3&#8243; bottom_padding=\u00bb3&#8243; back_color=\u00bbcolor-wayh\u00bb overlay_alpha=\u00bb50&#8243; gutter_size=\u00bb3&#8243; column_width_percent=\u00bb100&#8243; shift_y=\u00bb0&#8243; z_index=\u00bb0&#8243; uncode_shortcode_id=\u00bb106312&#8243; back_color_type=\u00bbuncode-palette\u00bb][vc_column column_width_percent=\u00bb80&#8243; position_vertical=\u00bbmiddle\u00bb align_horizontal=\u00bbalign_center\u00bb gutter_size=\u00bb4&#8243; style=\u00bbdark\u00bb overlay_alpha=\u00bb50&#8243; shift_x=\u00bb0&#8243; shift_y=\u00bb0&#8243; shift_y_down=\u00bb0&#8243; z_index=\u00bb0&#8243; medium_width=\u00bb0&#8243; mobile_width=\u00bb0&#8243; width=\u00bb1\/1&#8243; uncode_shortcode_id=\u00bb112122&#8243;][vc_custom_heading heading_semantic=\u00bbh3&#8243; text_size=\u00bbfontsize-464811&#8243; text_weight=\u00bb400&#8243; text_space=\u00bbfontspace-378815&#8243; sub_reduced=\u00bbyes\u00bb uncode_shortcode_id=\u00bb161185&#8243;]D\u00d3NDE COMPRAR[\/vc_custom_heading][vc_custom_heading heading_semantic=\u00bbh1&#8243; text_size=\u00bbh1&#8243; text_weight=\u00bb700&#8243; sub_lead=\u00bbyes\u00bb uncode_shortcode_id=\u00bb253578&#8243; subheading=\u00bbDescubra d\u00f3nde encontrar y comprar productos de Rubinetteria Gattoni.<br \/>\nSiempre le aconsejamos que se ponga en contacto con el minorista antes de acudir a la tienda seleccionada para comprobar que las colecciones que le interesan est\u00e1n presentes. Gattoni Rubinetteria tambi\u00e9n garantiza un servicio de env\u00edo r\u00e1pido y fiable, posible gracias a las modernas t\u00e9cnicas de embalaje y a un almac\u00e9n con gran disponibilidad de mercanc\u00edas.\u00bb text_color_type=\u00bbuncode-palette\u00bb text_color_solid=\u00bb#ff0000&#8243;]Encuentre su distribuidor m\u00e1s cercano[\/vc_custom_heading][\/vc_column][\/vc_row][vc_row row_height_percent=\u00bb0&#8243; override_padding=\u00bbyes\u00bb h_padding=\u00bb2&#8243; top_padding=\u00bb1&#8243; bottom_padding=\u00bb3&#8243; back_color=\u00bbcolor-wayh\u00bb overlay_alpha=\u00bb50&#8243; gutter_size=\u00bb3&#8243; column_width_percent=\u00bb100&#8243; shift_y=\u00bb0&#8243; z_index=\u00bb0&#8243; uncode_shortcode_id=\u00bb174765&#8243; back_color_type=\u00bbuncode-palette\u00bb][vc_column column_width_percent=\u00bb80&#8243; position_vertical=\u00bbmiddle\u00bb align_horizontal=\u00bbalign_center\u00bb gutter_size=\u00bb4&#8243; style=\u00bbdark\u00bb overlay_alpha=\u00bb50&#8243; shift_x=\u00bb0&#8243; shift_y=\u00bb0&#8243; shift_y_down=\u00bb0&#8243; z_index=\u00bb0&#8243; medium_width=\u00bb0&#8243; mobile_width=\u00bb0&#8243; width=\u00bb1\/1&#8243; uncode_shortcode_id=\u00bb557041&#8243;]\n<div class=\"wpcf7 no-js\" id=\"wpcf7-f13790-o1\" lang=\"it-IT\" dir=\"ltr\" data-wpcf7-id=\"13790\">\n<div class=\"screen-reader-response\"><p role=\"status\" aria-live=\"polite\" aria-atomic=\"true\"><\/p> <ul><\/ul><\/div>\n<form action=\"\/es\/wp-json\/wp\/v2\/pages\/13499#wpcf7-f13790-o1\" method=\"post\" class=\"wpcf7-form init\" aria-label=\"Modulo di contatto\" novalidate=\"novalidate\" data-status=\"init\">\n<div style=\"display: none;\">\n<input type=\"hidden\" name=\"_wpcf7\" value=\"13790\" \/>\n<input type=\"hidden\" name=\"_wpcf7_version\" value=\"6.0.6\" \/>\n<input type=\"hidden\" name=\"_wpcf7_locale\" value=\"it_IT\" \/>\n<input type=\"hidden\" name=\"_wpcf7_unit_tag\" value=\"wpcf7-f13790-o1\" \/>\n<input type=\"hidden\" name=\"_wpcf7_container_post\" value=\"0\" \/>\n<input type=\"hidden\" name=\"_wpcf7_posted_data_hash\" value=\"\" \/>\n<input type=\"hidden\" name=\"_wpcf7_recaptcha_response\" value=\"\" \/>\n<\/div>\n<div class=\"wpcf7-inline-wrapper\">\n\t<p class=\"wpcf7-inline-field\"><span class=\"wpcf7-form-control-wrap\" data-name=\"your-firstname\"><input size=\"40\" maxlength=\"400\" class=\"wpcf7-form-control wpcf7-text wpcf7-validates-as-required\" aria-required=\"true\" aria-invalid=\"false\" placeholder=\"Nombre\" value=\"\" type=\"text\" name=\"your-firstname\" \/><\/span>\n\t<\/p>\n\t<p class=\"wpcf7-inline-field\"><span class=\"wpcf7-form-control-wrap\" data-name=\"your-lastname\"><input size=\"40\" maxlength=\"400\" class=\"wpcf7-form-control wpcf7-text wpcf7-validates-as-required\" aria-required=\"true\" aria-invalid=\"false\" placeholder=\"Apellido\" value=\"\" type=\"text\" name=\"your-lastname\" \/><\/span>\n\t<\/p>\n<\/div>\n<div class=\"wpcf7-inline-wrapper\">\n\t<p class=\"wpcf7-inline-field\"><span class=\"wpcf7-form-control-wrap\" data-name=\"your-email\"><input size=\"40\" maxlength=\"400\" class=\"wpcf7-form-control wpcf7-email wpcf7-validates-as-required wpcf7-text wpcf7-validates-as-email\" aria-required=\"true\" aria-invalid=\"false\" placeholder=\"Email\" value=\"\" type=\"email\" name=\"your-email\" \/><\/span>\n\t<\/p>\n\t<p class=\"wpcf7-inline-field\"><span class=\"wpcf7-form-control-wrap\" data-name=\"tel-132\"><input size=\"40\" maxlength=\"400\" class=\"wpcf7-form-control wpcf7-tel wpcf7-validates-as-required wpcf7-text wpcf7-validates-as-tel\" aria-required=\"true\" aria-invalid=\"false\" placeholder=\"N\u00famero de tel\u00e9fono\" value=\"\" type=\"tel\" name=\"tel-132\" \/><\/span>\n\t<\/p>\n<\/div>\n<p><span class=\"wpcf7-form-control-wrap\" data-name=\"your-message\"><textarea cols=\"40\" rows=\"10\" maxlength=\"2000\" class=\"wpcf7-form-control wpcf7-textarea wpcf7-validates-as-required\" aria-required=\"true\" aria-invalid=\"false\" placeholder=\"Mensaje\" name=\"your-message\"><\/textarea><\/span>\n<\/p>\n<p><span class=\"wpcf7-form-control-wrap\" data-name=\"accept-this-1\"><span class=\"wpcf7-form-control wpcf7-acceptance\"><span class=\"wpcf7-list-item\"><label><input type=\"checkbox\" name=\"accept-this-1\" value=\"1\" aria-invalid=\"false\" \/><span class=\"wpcf7-list-item-label\">Haga clic aqu\u00ed para aceptar nuestras condiciones (<a class=\"iubenda-white iubenda-noiframe iubenda-embed iubenda-noiframe \" title=\"Privacy Policy \" href=\"https:\/\/www.iubenda.com\/privacy-policy\/59674296\">Privacy Policy<\/a>)<\/span><\/label><\/span><\/span><\/span><script type=\"text\/javascript\">(function (w,d) {var loader = function () {var s = d.createElement(\"script\"), tag = d.getElementsByTagName(\"script\")[0]; s.src=\"https:\/\/cdn.iubenda.com\/iubenda.js\"; tag.parentNode.insertBefore(s,tag);}; if(w.addEventListener){w.addEventListener(\"load\", loader, false);}else if(w.attachEvent){w.attachEvent(\"onload\", loader);}else{w.onload = loader;}})(window, document);<\/script>\n<\/p>\n<p style=\"margin-top:35px\">\n\n<\/p>\n<p><input class=\"wpcf7-form-control wpcf7-submit has-spinner btn btn-accent x-btn-block\" type=\"submit\" value=\"Enviar\" \/>\n<\/p><input type='hidden' class='wpcf7-pum' value='{\"closepopup\":false,\"closedelay\":0,\"openpopup\":false,\"openpopup_id\":0}' \/><div class=\"wpcf7-response-output\" aria-hidden=\"true\"><\/div>\n<\/form>\n<\/div>\n[\/vc_column][\/vc_row][vc_row row_height_percent=\u00bb0&#8243; override_padding=\u00bbyes\u00bb h_padding=\u00bb2&#8243; top_padding=\u00bb5&#8243; bottom_padding=\u00bb3&#8243; back_color=\u00bbcolor-xsdn\u00bb overlay_alpha=\u00bb50&#8243; gutter_size=\u00bb4&#8243; column_width_percent=\u00bb100&#8243; shift_y=\u00bb0&#8243; z_index=\u00bb0&#8243; uncode_shortcode_id=\u00bb177251&#8243; back_color_type=\u00bbuncode-palette\u00bb][vc_column column_width_percent=\u00bb100&#8243; gutter_size=\u00bb3&#8243; overlay_alpha=\u00bb50&#8243; shift_x=\u00bb0&#8243; shift_y=\u00bb0&#8243; shift_y_down=\u00bb0&#8243; z_index=\u00bb0&#8243; medium_width=\u00bb4&#8243; mobile_width=\u00bb0&#8243; width=\u00bb2\/3&#8243; el_class=\u00bbimage-card image-card-inverted image-card-triple\u00bb uncode_shortcode_id=\u00bb179963&#8243;][vc_raw_html]JTVCZndkcjNkY292JTIwcHJlc2V0X2lkJTNEJTIyTWFzc2ltYSUyMFB1cmV6emElMjIlMjBwbGF5bGlzdF9pZCUzRCUyMlByb2dldHRhcmUlMjBwb3NzaWJpbGl0YSUyMiU1RA==[\/vc_raw_html][\/vc_column][vc_column column_width_percent=\u00bb100&#8243; position_horizontal=\u00bbleft\u00bb position_vertical=\u00bbmiddle\u00bb gutter_size=\u00bb2&#8243; overlay_alpha=\u00bb50&#8243; shift_x=\u00bb0&#8243; shift_y=\u00bb0&#8243; shift_y_down=\u00bb0&#8243; z_index=\u00bb0&#8243; medium_width=\u00bb4&#8243; align_mobile=\u00bbalign_center_mobile\u00bb mobile_width=\u00bb0&#8243; width=\u00bb1\/3&#8243; uncode_shortcode_id=\u00bb654739&#8243;][vc_custom_heading heading_semantic=\u00bbh3&#8243; text_size=\u00bbfontsize-464811&#8243; text_weight=\u00bb400&#8243; text_space=\u00bbfontspace-378815&#8243; sub_reduced=\u00bbyes\u00bb uncode_shortcode_id=\u00bb449566&#8243;]TAILOR-MADE[\/vc_custom_heading][vc_custom_heading text_size=\u00bbh1&#8243; text_weight=\u00bb700&#8243; sub_lead=\u00bbsmall\u00bb uncode_shortcode_id=\u00bb183142&#8243;]Dise\u00f1ar posibilidades[\/vc_custom_heading][vc_column_text uncode_shortcode_id=\u00bb971116&#8243; css=\u00bb.vc_custom_1698236026879{margin-bottom: 32px !important;}\u00bb]Gattoni garantiza a sus clientes la posibilidad de personalizar cada uno de los productos de la gama en funci\u00f3n de solicitudes est\u00e9ticas o requisitos de dise\u00f1o espec\u00edficos.[\/vc_column_text][\/vc_column][\/vc_row][vc_row unlock_row_content=\u00bbyes\u00bb row_height_percent=\u00bb0&#8243; override_padding=\u00bbyes\u00bb h_padding=\u00bb2&#8243; top_padding=\u00bb2&#8243; bottom_padding=\u00bb2&#8243; overlay_alpha=\u00bb50&#8243; equal_height=\u00bbyes\u00bb gutter_size=\u00bb3&#8243; column_width_percent=\u00bb100&#8243; shift_y=\u00bb0&#8243; z_index=\u00bb0&#8243; uncode_shortcode_id=\u00bb632262&#8243;][vc_column column_width_percent=\u00bb100&#8243; position_vertical=\u00bbmiddle\u00bb align_horizontal=\u00bbalign_center\u00bb gutter_size=\u00bb2&#8243; override_padding=\u00bbyes\u00bb column_padding=\u00bb5&#8243; back_image=\u00bb536&#8243; back_repeat=\u00bbno-repeat\u00bb back_attachment=\u00bbfixed\u00bb kburns=\u00bbyes\u00bb overlay_color=\u00bbcolor-jevc\u00bb overlay_alpha=\u00bb50&#8243; shift_x=\u00bb0&#8243; shift_y=\u00bb0&#8243; shift_y_down=\u00bb0&#8243; z_index=\u00bb0&#8243; medium_width=\u00bb0&#8243; mobile_width=\u00bb7&#8243; width=\u00bb1\/2&#8243; uncode_shortcode_id=\u00bb147138&#8243; overlay_color_type=\u00bbuncode-palette\u00bb][vc_custom_heading text_color=\u00bbcolor-xsdn\u00bb heading_semantic=\u00bbh1&#8243; text_size=\u00bbh1&#8243; uncode_shortcode_id=\u00bb749728&#8243; text_color_type=\u00bbuncode-palette\u00bb]D\u00f3nde comprar[\/vc_custom_heading][vc_column_text text_color=\u00bbcolor-xsdn\u00bb uncode_shortcode_id=\u00bb118545&#8243; text_color_type=\u00bbuncode-palette\u00bb el_class=\u00bbhome_text_final_pics\u00bb]<span class=\"fontstyle0\">Encuentre su tienda m\u00e1s cercana<\/span>[\/vc_column_text][vc_button button_color=\u00bbaccent\u00bb border_width=\u00bb0&#8243; scale_mobile=\u00bbno\u00bb button_color_type=\u00bbuncode-palette\u00bb uncode_shortcode_id=\u00bb143661&#8243; link=\u00bburl:https%3A%2F%2Fwww.gattonirubinetteria.com%2Fdove-acquistare%2F|target:_blank\u00bb]DESCUBRA[\/vc_button][\/vc_column][vc_column column_width_percent=\u00bb100&#8243; position_vertical=\u00bbmiddle\u00bb align_horizontal=\u00bbalign_center\u00bb gutter_size=\u00bb2&#8243; override_padding=\u00bbyes\u00bb column_padding=\u00bb5&#8243; back_image=\u00bb537&#8243; back_repeat=\u00bbno-repeat\u00bb back_attachment=\u00bbfixed\u00bb back_position=\u00bbleft center\u00bb kburns=\u00bbyes\u00bb overlay_color=\u00bbcolor-jevc\u00bb overlay_alpha=\u00bb50&#8243; shift_x=\u00bb0&#8243; shift_y=\u00bb0&#8243; shift_y_down=\u00bb0&#8243; z_index=\u00bb0&#8243; medium_width=\u00bb0&#8243; mobile_width=\u00bb0&#8243; width=\u00bb1\/2&#8243; uncode_shortcode_id=\u00bb208048&#8243; overlay_color_type=\u00bbuncode-palette\u00bb][vc_custom_heading text_color=\u00bbcolor-xsdn\u00bb heading_semantic=\u00bbh1&#8243; text_size=\u00bbh1&#8243; uncode_shortcode_id=\u00bb829324&#8243; text_color_type=\u00bbuncode-palette\u00bb]Pong\u00e1monos en contacto[\/vc_custom_heading][vc_column_text text_color=\u00bbcolor-xsdn\u00bb uncode_shortcode_id=\u00bb152172&#8243; text_color_type=\u00bbuncode-palette\u00bb el_class=\u00bbhome_text_final_pics\u00bb]<span class=\"fontstyle0\">Solicitar informaci\u00f3n y presupuestos<\/span>[\/vc_column_text][vc_button button_color=\u00bbaccent\u00bb border_width=\u00bb0&#8243; scale_mobile=\u00bbno\u00bb button_color_type=\u00bbuncode-palette\u00bb uncode_shortcode_id=\u00bb101387&#8243; link=\u00bburl:https%3A%2F%2Fgattonirubinetteria.com%2Fes%2Fcontatti%2F\u00bb]CONTACTOS[\/vc_button][\/vc_column][\/vc_row]<\/p>\n<\/div>","protected":false},"excerpt":{"rendered":"<p>[vc_row row_height_percent=\u00bb0&#8243; override_padding=\u00bbyes\u00bb h_padding=\u00bb2&#8243; top_padding=\u00bb3&#8243; bottom_padding=\u00bb3&#8243; back_color=\u00bbcolor-wayh\u00bb overlay_alpha=\u00bb50&#8243; gutter_size=\u00bb3&#8243; column_width_percent=\u00bb100&#8243; shift_y=\u00bb0&#8243; z_index=\u00bb0&#8243; uncode_shortcode_id=\u00bb106312&#8243; back_color_type=\u00bbuncode-palette\u00bb][vc_column column_width_percent=\u00bb80&#8243; position_vertical=\u00bbmiddle\u00bb align_horizontal=\u00bbalign_center\u00bb gutter_size=\u00bb4&#8243; style=\u00bbdark\u00bb overlay_alpha=\u00bb50&#8243; [&hellip;]<\/p>\n","protected":false},"author":2,"featured_media":0,"parent":0,"menu_order":0,"comment_status":"closed","ping_status":"closed","template":"","meta":{"footnotes":""},"class_list":["post-13499","page","type-page","status-publish","hentry"],"acf":[],"yoast_head":"<!-- This site is optimized with the Yoast SEO plugin v24.8.1 - https:\/\/yoast.com\/wordpress\/plugins\/seo\/ -->\n<title>D\u00f2nde comprar - Gattoni Rubinetteria<\/title>\n<meta name=\"description\" content=\"Scopri dove trovare e acquistare i prodotti di Rubinetteria Gattoni\" \/>\n<meta name=\"robots\" content=\"index, follow, max-snippet:-1, max-image-preview:large, max-video-preview:-1\" \/>\n<link rel=\"canonical\" href=\"https:\/\/gattonirubinetteria.com\/es\/dove-acquistare\/\" \/>\n<meta property=\"og:locale\" content=\"es_ES\" \/>\n<meta property=\"og:type\" content=\"article\" \/>\n<meta property=\"og:title\" content=\"D\u00f2nde comprar - Gattoni Rubinetteria\" \/>\n<meta property=\"og:description\" content=\"Scopri dove trovare e acquistare i prodotti di Rubinetteria Gattoni\" \/>\n<meta property=\"og:url\" content=\"https:\/\/gattonirubinetteria.com\/es\/dove-acquistare\/\" \/>\n<meta property=\"og:site_name\" content=\"Gattoni Rubinetteria\" \/>\n<meta property=\"article:publisher\" content=\"https:\/\/www.facebook.com\/gattoniwaterinlove\" \/>\n<meta property=\"article:modified_time\" content=\"2023-10-26T14:10:20+00:00\" \/>\n<meta property=\"og:image\" content=\"https:\/\/gattonirubinetteria.com\/wp-content\/uploads\/2023\/06\/Gattoni-linea-industrial.jpg\" \/>\n\t<meta property=\"og:image:width\" content=\"1800\" \/>\n\t<meta property=\"og:image:height\" content=\"1080\" \/>\n\t<meta property=\"og:image:type\" content=\"image\/jpeg\" \/>\n<meta name=\"twitter:card\" content=\"summary_large_image\" \/>\n<meta name=\"twitter:label1\" content=\"Tiempo de lectura\" \/>\n\t<meta name=\"twitter:data1\" content=\"2 minutos\" \/>\n<script type=\"application\/ld+json\" class=\"yoast-schema-graph\">{\"@context\":\"https:\/\/schema.org\",\"@graph\":[{\"@type\":\"WebPage\",\"@id\":\"https:\/\/gattonirubinetteria.com\/es\/dove-acquistare\/\",\"url\":\"https:\/\/gattonirubinetteria.com\/es\/dove-acquistare\/\",\"name\":\"D\u00f2nde comprar - Gattoni Rubinetteria\",\"isPartOf\":{\"@id\":\"https:\/\/gattonirubinetteria.it\/en\/#website\"},\"datePublished\":\"2022-07-12T12:54:52+00:00\",\"dateModified\":\"2023-10-26T14:10:20+00:00\",\"description\":\"Scopri dove trovare e acquistare i prodotti di Rubinetteria Gattoni\",\"breadcrumb\":{\"@id\":\"https:\/\/gattonirubinetteria.com\/es\/dove-acquistare\/#breadcrumb\"},\"inLanguage\":\"es\",\"potentialAction\":[{\"@type\":\"ReadAction\",\"target\":[\"https:\/\/gattonirubinetteria.com\/es\/dove-acquistare\/\"]}]},{\"@type\":\"BreadcrumbList\",\"@id\":\"https:\/\/gattonirubinetteria.com\/es\/dove-acquistare\/#breadcrumb\",\"itemListElement\":[{\"@type\":\"ListItem\",\"position\":1,\"name\":\"Home\",\"item\":\"https:\/\/gattonirubinetteria.it\/es\/\"},{\"@type\":\"ListItem\",\"position\":2,\"name\":\"D\u00f2nde comprar\"}]},{\"@type\":\"WebSite\",\"@id\":\"https:\/\/gattonirubinetteria.it\/en\/#website\",\"url\":\"https:\/\/gattonirubinetteria.it\/en\/\",\"name\":\"Gattoni Rubinetteria\",\"description\":\"WATER IN LOVE\",\"publisher\":{\"@id\":\"https:\/\/gattonirubinetteria.it\/en\/#organization\"},\"alternateName\":\"Gattoni Rubinetteria S.p.A\",\"potentialAction\":[{\"@type\":\"SearchAction\",\"target\":{\"@type\":\"EntryPoint\",\"urlTemplate\":\"https:\/\/gattonirubinetteria.it\/en\/?s={search_term_string}\"},\"query-input\":{\"@type\":\"PropertyValueSpecification\",\"valueRequired\":true,\"valueName\":\"search_term_string\"}}],\"inLanguage\":\"es\"},{\"@type\":\"Organization\",\"@id\":\"https:\/\/gattonirubinetteria.it\/en\/#organization\",\"name\":\"Gattoni Rubinetteria S.p.A\",\"alternateName\":\"Gattoni\",\"url\":\"https:\/\/gattonirubinetteria.it\/en\/\",\"logo\":{\"@type\":\"ImageObject\",\"inLanguage\":\"es\",\"@id\":\"https:\/\/gattonirubinetteria.it\/en\/#\/schema\/logo\/image\/\",\"url\":\"https:\/\/gattonirubinetteria.com\/wp-content\/uploads\/2022\/12\/gattoni-rubinetteria-logo.png\",\"contentUrl\":\"https:\/\/gattonirubinetteria.com\/wp-content\/uploads\/2022\/12\/gattoni-rubinetteria-logo.png\",\"width\":756,\"height\":223,\"caption\":\"Gattoni Rubinetteria S.p.A\"},\"image\":{\"@id\":\"https:\/\/gattonirubinetteria.it\/en\/#\/schema\/logo\/image\/\"},\"sameAs\":[\"https:\/\/www.facebook.com\/gattoniwaterinlove\",\"https:\/\/www.instagram.com\/gattonirubinetteria_official\/\",\"https:\/\/www.linkedin.com\/company\/gattoni-rubinetteria\/\"]}]}<\/script>\n<!-- \/ Yoast SEO plugin. -->","yoast_head_json":{"title":"D\u00f2nde comprar - Gattoni Rubinetteria","description":"Scopri dove trovare e acquistare i prodotti di Rubinetteria Gattoni","robots":{"index":"index","follow":"follow","max-snippet":"max-snippet:-1","max-image-preview":"max-image-preview:large","max-video-preview":"max-video-preview:-1"},"canonical":"https:\/\/gattonirubinetteria.com\/es\/dove-acquistare\/","og_locale":"es_ES","og_type":"article","og_title":"D\u00f2nde comprar - Gattoni Rubinetteria","og_description":"Scopri dove trovare e acquistare i prodotti di Rubinetteria Gattoni","og_url":"https:\/\/gattonirubinetteria.com\/es\/dove-acquistare\/","og_site_name":"Gattoni Rubinetteria","article_publisher":"https:\/\/www.facebook.com\/gattoniwaterinlove","article_modified_time":"2023-10-26T14:10:20+00:00","og_image":[{"width":1800,"height":1080,"url":"https:\/\/gattonirubinetteria.com\/wp-content\/uploads\/2023\/06\/Gattoni-linea-industrial.jpg","type":"image\/jpeg"}],"twitter_card":"summary_large_image","twitter_misc":{"Tiempo de lectura":"2 minutos"},"schema":{"@context":"https:\/\/schema.org","@graph":[{"@type":"WebPage","@id":"https:\/\/gattonirubinetteria.com\/es\/dove-acquistare\/","url":"https:\/\/gattonirubinetteria.com\/es\/dove-acquistare\/","name":"D\u00f2nde comprar - Gattoni Rubinetteria","isPartOf":{"@id":"https:\/\/gattonirubinetteria.it\/en\/#website"},"datePublished":"2022-07-12T12:54:52+00:00","dateModified":"2023-10-26T14:10:20+00:00","description":"Scopri dove trovare e acquistare i prodotti di Rubinetteria Gattoni","breadcrumb":{"@id":"https:\/\/gattonirubinetteria.com\/es\/dove-acquistare\/#breadcrumb"},"inLanguage":"es","potentialAction":[{"@type":"ReadAction","target":["https:\/\/gattonirubinetteria.com\/es\/dove-acquistare\/"]}]},{"@type":"BreadcrumbList","@id":"https:\/\/gattonirubinetteria.com\/es\/dove-acquistare\/#breadcrumb","itemListElement":[{"@type":"ListItem","position":1,"name":"Home","item":"https:\/\/gattonirubinetteria.it\/es\/"},{"@type":"ListItem","position":2,"name":"D\u00f2nde comprar"}]},{"@type":"WebSite","@id":"https:\/\/gattonirubinetteria.it\/en\/#website","url":"https:\/\/gattonirubinetteria.it\/en\/","name":"Gattoni Rubinetteria","description":"WATER IN LOVE","publisher":{"@id":"https:\/\/gattonirubinetteria.it\/en\/#organization"},"alternateName":"Gattoni Rubinetteria S.p.A","potentialAction":[{"@type":"SearchAction","target":{"@type":"EntryPoint","urlTemplate":"https:\/\/gattonirubinetteria.it\/en\/?s={search_term_string}"},"query-input":{"@type":"PropertyValueSpecification","valueRequired":true,"valueName":"search_term_string"}}],"inLanguage":"es"},{"@type":"Organization","@id":"https:\/\/gattonirubinetteria.it\/en\/#organization","name":"Gattoni Rubinetteria S.p.A","alternateName":"Gattoni","url":"https:\/\/gattonirubinetteria.it\/en\/","logo":{"@type":"ImageObject","inLanguage":"es","@id":"https:\/\/gattonirubinetteria.it\/en\/#\/schema\/logo\/image\/","url":"https:\/\/gattonirubinetteria.com\/wp-content\/uploads\/2022\/12\/gattoni-rubinetteria-logo.png","contentUrl":"https:\/\/gattonirubinetteria.com\/wp-content\/uploads\/2022\/12\/gattoni-rubinetteria-logo.png","width":756,"height":223,"caption":"Gattoni Rubinetteria S.p.A"},"image":{"@id":"https:\/\/gattonirubinetteria.it\/en\/#\/schema\/logo\/image\/"},"sameAs":["https:\/\/www.facebook.com\/gattoniwaterinlove","https:\/\/www.instagram.com\/gattonirubinetteria_official\/","https:\/\/www.linkedin.com\/company\/gattoni-rubinetteria\/"]}]}},"_links":{"self":[{"href":"https:\/\/gattonirubinetteria.com\/es\/wp-json\/wp\/v2\/pages\/13499","targetHints":{"allow":["GET"]}}],"collection":[{"href":"https:\/\/gattonirubinetteria.com\/es\/wp-json\/wp\/v2\/pages"}],"about":[{"href":"https:\/\/gattonirubinetteria.com\/es\/wp-json\/wp\/v2\/types\/page"}],"author":[{"embeddable":true,"href":"https:\/\/gattonirubinetteria.com\/es\/wp-json\/wp\/v2\/users\/2"}],"replies":[{"embeddable":true,"href":"https:\/\/gattonirubinetteria.com\/es\/wp-json\/wp\/v2\/comments?post=13499"}],"version-history":[{"count":10,"href":"https:\/\/gattonirubinetteria.com\/es\/wp-json\/wp\/v2\/pages\/13499\/revisions"}],"predecessor-version":[{"id":13793,"href":"https:\/\/gattonirubinetteria.com\/es\/wp-json\/wp\/v2\/pages\/13499\/revisions\/13793"}],"wp:attachment":[{"href":"https:\/\/gattonirubinetteria.com\/es\/wp-json\/wp\/v2\/media?parent=13499"}],"curies":[{"name":"wp","href":"https:\/\/api.w.org\/{rel}","templated":true}]}}